{"id":150056,"date":"2021-01-15T11:01:30","date_gmt":"2021-01-15T11:01:30","guid":{"rendered":"https:\/\/codengine3.ch\/?product=import-placeholder-for-205927"},"modified":"2022-01-11T09:51:04","modified_gmt":"2022-01-11T08:51:04","slug":"le-petit-alpiniste","status":"publish","type":"product","link":"https:\/\/pizbube.ch\/en\/shop\/le-petit-alpiniste\/","title":{"rendered":"Le petit alpiniste"},"content":{"rendered":"<p>Un guide unique en son genre pour initier les enfants au monde de la montagne,<br \/>\nde l&#8217;escalade et de l&#8217;alpinisme.<br \/>\nGrimper sur une pierre, se percher sur un rocher, escalader de petits blocs&#8230;<br \/>\nC&#8217;est le jeu naturel de tous les enfants du monde.<\/p>\n<p>Des premiers gestes sur les blocs de gr\u00e8s comme \u00e0 Fontainebleau&#8230; aux<br \/>\npremiers sommets, jusqu&#8217;aux portes de la haute montagne, ce guide pratique<br \/>\npropose d&#8217;accompagner les jeunes (9-13 ans) dans la d\u00e9couverte progressive de<br \/>\nl&#8217;escalade.<br \/>\nAux c\u00f4t\u00e9s de deux grands alpinistes, Catherine Destivelle et \u00c9rik Decamp, les<br \/>\npetits grimpeurs vont d\u00e9couvrir les techniques, le mat\u00e9riel, la s\u00e9curit\u00e9. Tout<br \/>\ny est, positions des pieds, rappels, noeuds d&#8217;encordement, relais, bivouacs&#8230;<br \/>\nEt chaque notion s&#8217;appuie sur des dessins didactiques, tr\u00e8s clairs. Les jeunes<br \/>\nlecteurs vont, au passage, survoler l&#8217;histoire des alpinistes c\u00e9l\u00e8bres et<br \/>\nsurtout, comprendre ce qui anime Catherine Destivelle et \u00c9rik Decamp, la<br \/>\npassion de grimper et le bonheur communicatif d&#8217;apprivoiser, pas \u00e0 pas, la<br \/>\nnature.<br \/>\nAlbum broch\u00e9 illustr\u00e9 de nombreuses photographies couleur et de croquis.<\/p>","protected":false},"excerpt":{"rendered":"<p>Un guide unique en son genre pour initier les enfants au monde de la montagne, de l&#8217;escalade et de l&#8217;alpinisme. Grimper sur une pierre, se percher sur un rocher, escalader de petits blocs&#8230; C&#8217;est le jeu naturel de tous les enfants du monde. Des premiers gestes sur les blocs de gr\u00e8s comme \u00e0 Fontainebleau&#8230; aux [&#8230;]\n","protected":false},"featured_media":34782,"template":"","meta":[],"product_brand":[],"product_cat":[21538],"product_tag":[],"class_list":{"0":"post-150056","1":"product","2":"type-product","3":"status-publish","4":"has-post-thumbnail","6":"product_cat-lehrbuecher","7":"pa_autor-destivelle-decamp","8":"pa_erscheinungsjahr-21693","9":"pa_region-klettertechnik","10":"pa_sprache-fr","12":"first","13":"outofstock","14":"taxable","15":"shipping-taxable","16":"purchasable","17":"product-type-simple"},"_links":{"self":[{"href":"https:\/\/pizbube.ch\/en\/wp-json\/wp\/v2\/product\/150056","targetHints":{"allow":["GET"]}}],"collection":[{"href":"https:\/\/pizbube.ch\/en\/wp-json\/wp\/v2\/product"}],"about":[{"href":"https:\/\/pizbube.ch\/en\/wp-json\/wp\/v2\/types\/product"}],"wp:featuredmedia":[{"embeddable":true,"href":"https:\/\/pizbube.ch\/en\/wp-json\/wp\/v2\/media\/34782"}],"wp:attachment":[{"href":"https:\/\/pizbube.ch\/en\/wp-json\/wp\/v2\/media?parent=150056"}],"wp:term":[{"taxonomy":"product_brand","embeddable":true,"href":"https:\/\/pizbube.ch\/en\/wp-json\/wp\/v2\/product_brand?post=150056"},{"taxonomy":"product_cat","embeddable":true,"href":"https:\/\/pizbube.ch\/en\/wp-json\/wp\/v2\/product_cat?post=150056"},{"taxonomy":"product_tag","embeddable":true,"href":"https:\/\/pizbube.ch\/en\/wp-json\/wp\/v2\/product_tag?post=150056"}],"curies":[{"name":"wp","href":"https:\/\/api.w.org\/{rel}","templated":true}]}}