{"id":150057,"date":"2021-01-15T11:01:30","date_gmt":"2021-01-15T11:01:30","guid":{"rendered":"https:\/\/codengine3.ch\/?product=import-placeholder-for-207398"},"modified":"2023-04-14T10:14:45","modified_gmt":"2023-04-14T08:14:45","slug":"oskar-lernt-klettern","status":"publish","type":"product","link":"https:\/\/pizbube.ch\/en\/shop\/oskar-lernt-klettern\/","title":{"rendered":"Oskar lernt klettern"},"content":{"rendered":"<p>Das neue Oskar lernt klettern \u2013 das neue Kletterlehr- und Spielebuch ist da!<br \/>\nEs ist mit 336 Seiten fast doppelt so dick, wie die erste Auflage und<br \/>\nbegeistert durch die gro\u00dfe Menge an neuen Spielen! Autoren sind der<br \/>\nSportwissenschaftler Rene Kittel und die erfahrene Trainerin Christiane Hupe<br \/>\n(Mitglied im Bundeslehrteam des DAV).<\/p>\n<p>Oskar lernt klettern ist ein modernes Lehr- und Spielebuch, welches dem<br \/>\nTrainer ein geniales Werkzeug in die Hand gibt. Mit seiner Hilfe k\u00f6nnen<br \/>\nKursreihen erstellt aber auch Einzeltrainings blitzschnell strukturiert<br \/>\nwerden. \u00dcbungen und Spiele sind thematisch geordnet und durch<br \/>\nInhaltsverzeichnis und Glossar trainingsspezifisch nachschlag- und anwendbar.<\/p>\n<p>Das Buch ist keine einfache Neuauflage des bisherigen \u201eOskars\u201c. Es ist ein<br \/>\nv\u00f6llig neues Buch mit \u00fcber 200 Spielen. Diese Spiele sind geordnet in:<\/p>\n<p>Kennenlernspiele<br \/>\nEisbrecher- und Energiespenderspiele<br \/>\nErw\u00e4rmungsspiele<br \/>\nWilde Spiele<br \/>\nSpielerische \u00dcbungen<br \/>\nund spielerische Trainingsformen.<\/p>\n<p>F\u00fcr die meisten Spiele gibt es zus\u00e4tzlich Hinweise f\u00fcr Steigerungsformen,<br \/>\nabgemilderte Formen oder andere Varianten, welche die Spiele auch bei<br \/>\nspeziellen Gegebenheiten (z.B. inhomogene Gruppen, geringes Platzangebot usw.)<br \/>\nerm\u00f6glichen. Mit der Bananskala (1-3 Bananen) wird der jeweilige<br \/>\nSchwierigkeitsgrad angezeigt. \u00dcber das Neigungspiktogramm wird dargestellt,<br \/>\nwelche Kletterwand f\u00fcr das Spiel ben\u00f6tigt wird. Kletterspezifischen<br \/>\nTrainingsspielen ist ein thematisches Ziel zugeordnet (siehe unten das<br \/>\nFahnensymbol).<\/p>\n<p>\u00dcbrigens: Die Erfahrung hat gezeigt &#8211; eine ganze Reihe der Spiele und \u00dcbungen<br \/>\nk\u00f6nnen auch Erwachsenen Spa\u00df machen!<\/p>\n<p>DIN A5 Querformat, 336 Seiten, farbig, viele Fotos und Grafiken.<\/p>","protected":false},"excerpt":{"rendered":"<p>Das neue Oskar lernt klettern \u2013 das neue Kletterlehr- und Spielebuch ist da! Es ist mit 336 Seiten fast doppelt so dick, wie die erste Auflage und begeistert durch die gro\u00dfe Menge an neuen Spielen! Autoren sind der Sportwissenschaftler Rene Kittel und die erfahrene Trainerin Christiane Hupe (Mitglied im Bundeslehrteam des DAV). Oskar lernt klettern [&#8230;]\n","protected":false},"featured_media":167175,"template":"","meta":[],"product_brand":[],"product_cat":[21538],"product_tag":[],"class_list":{"0":"post-150057","1":"product","2":"type-product","3":"status-publish","4":"has-post-thumbnail","6":"product_cat-lehrbuecher","7":"pa_autor-kittel-hupe","8":"pa_erscheinungsjahr-21558","9":"pa_region-klettertechnik","10":"pa_sprache-de","12":"first","13":"instock","14":"taxable","15":"shipping-taxable","16":"purchasable","17":"product-type-simple"},"_links":{"self":[{"href":"https:\/\/pizbube.ch\/en\/wp-json\/wp\/v2\/product\/150057","targetHints":{"allow":["GET"]}}],"collection":[{"href":"https:\/\/pizbube.ch\/en\/wp-json\/wp\/v2\/product"}],"about":[{"href":"https:\/\/pizbube.ch\/en\/wp-json\/wp\/v2\/types\/product"}],"wp:featuredmedia":[{"embeddable":true,"href":"https:\/\/pizbube.ch\/en\/wp-json\/wp\/v2\/media\/167175"}],"wp:attachment":[{"href":"https:\/\/pizbube.ch\/en\/wp-json\/wp\/v2\/media?parent=150057"}],"wp:term":[{"taxonomy":"product_brand","embeddable":true,"href":"https:\/\/pizbube.ch\/en\/wp-json\/wp\/v2\/product_brand?post=150057"},{"taxonomy":"product_cat","embeddable":true,"href":"https:\/\/pizbube.ch\/en\/wp-json\/wp\/v2\/product_cat?post=150057"},{"taxonomy":"product_tag","embeddable":true,"href":"https:\/\/pizbube.ch\/en\/wp-json\/wp\/v2\/product_tag?post=150057"}],"curies":[{"name":"wp","href":"https:\/\/api.w.org\/{rel}","templated":true}]}}