{"id":150061,"date":"2021-01-15T11:01:30","date_gmt":"2021-01-15T11:01:30","guid":{"rendered":"https:\/\/codengine3.ch\/?product=import-placeholder-for-202905"},"modified":"2021-01-15T12:52:19","modified_gmt":"2021-01-15T12:52:19","slug":"bergwandern","status":"publish","type":"product","link":"https:\/\/pizbube.ch\/en\/shop\/bergwandern\/","title":{"rendered":"Bergwandern"},"content":{"rendered":"<p>Tourenplanung. Ausr\u00fcstung. Gehtechniken. M\u00f6gliche Gefahren. Attraktive Touren.<br \/>\nFarbfotos. 96 S. Bergwandern z\u00e4hlt zu den beliebtesten Freizeitaktivit\u00e4ten.<br \/>\nAlles Wissenswerte \u00fcber diesen Sport bietet dieses Buch: Von den<br \/>\nunterschiedlichen Formen des Bergwanderns, der richtigen Ausr\u00fcstung, der<br \/>\nk\u00f6rperlichen und psychischen Vorbereitung \u00fcber Gehtechniken und Orientierung<br \/>\nunterwegs bis hin zu den sch\u00f6nsten Touren. Auch auf Schwierigkeiten und<br \/>\nGefahren sowie deren Pr\u00e4vention wird eingegangen. Das praktische Buch zur<br \/>\nVorbereitung und f\u00fcr unterwegs.<\/p>","protected":false},"excerpt":{"rendered":"<p>Tourenplanung. Ausr\u00fcstung. Gehtechniken. M\u00f6gliche Gefahren. Attraktive Touren. Farbfotos. 96 S. Bergwandern z\u00e4hlt zu den beliebtesten Freizeitaktivit\u00e4ten. Alles Wissenswerte \u00fcber diesen Sport bietet dieses Buch: Von den unterschiedlichen Formen des Bergwanderns, der richtigen Ausr\u00fcstung, der k\u00f6rperlichen und psychischen Vorbereitung \u00fcber Gehtechniken und Orientierung unterwegs bis hin zu den sch\u00f6nsten Touren. Auch auf Schwierigkeiten und Gefahren sowie [&#8230;]\n","protected":false},"featured_media":30386,"template":"","meta":[],"product_brand":[],"product_cat":[21538],"product_tag":[],"class_list":{"0":"post-150061","1":"product","2":"type-product","3":"status-publish","4":"has-post-thumbnail","6":"product_cat-lehrbuecher","7":"pa_autor-taschner-reimer","8":"pa_erscheinungsjahr-22292","9":"pa_region-alpin-sommer","10":"pa_sprache-de","12":"first","13":"outofstock","14":"taxable","15":"shipping-taxable","16":"purchasable","17":"product-type-simple"},"_links":{"self":[{"href":"https:\/\/pizbube.ch\/en\/wp-json\/wp\/v2\/product\/150061","targetHints":{"allow":["GET"]}}],"collection":[{"href":"https:\/\/pizbube.ch\/en\/wp-json\/wp\/v2\/product"}],"about":[{"href":"https:\/\/pizbube.ch\/en\/wp-json\/wp\/v2\/types\/product"}],"wp:featuredmedia":[{"embeddable":true,"href":"https:\/\/pizbube.ch\/en\/wp-json\/wp\/v2\/media\/30386"}],"wp:attachment":[{"href":"https:\/\/pizbube.ch\/en\/wp-json\/wp\/v2\/media?parent=150061"}],"wp:term":[{"taxonomy":"product_brand","embeddable":true,"href":"https:\/\/pizbube.ch\/en\/wp-json\/wp\/v2\/product_brand?post=150061"},{"taxonomy":"product_cat","embeddable":true,"href":"https:\/\/pizbube.ch\/en\/wp-json\/wp\/v2\/product_cat?post=150061"},{"taxonomy":"product_tag","embeddable":true,"href":"https:\/\/pizbube.ch\/en\/wp-json\/wp\/v2\/product_tag?post=150061"}],"curies":[{"name":"wp","href":"https:\/\/api.w.org\/{rel}","templated":true}]}}