{"id":150062,"date":"2021-01-15T11:01:31","date_gmt":"2021-01-15T11:01:31","guid":{"rendered":"https:\/\/codengine3.ch\/?product=import-placeholder-for-204809"},"modified":"2021-01-15T14:36:27","modified_gmt":"2021-01-15T14:36:27","slug":"wanderfibel","status":"publish","type":"product","link":"https:\/\/pizbube.ch\/en\/shop\/wanderfibel\/","title":{"rendered":"wanderfibel"},"content":{"rendered":"<p>Wanderfibel<br \/>\nWandern ist das alpine Lebenselixier. Die Fibel bietet Tipps zur Ausr\u00fcstung,<br \/>\nder k\u00f6rperlichen Vorbereitung, der Gehtechnik, der Tourenplanung, der<br \/>\nKennzeichnung der Wanderwege bis hin zu den Alpinen Gefahren. Zahlreiche Fotos<br \/>\nund Merks\u00e4tze unterst\u00fctzen die dynamische Gestaltung der 80 Seiten starken<br \/>\nBrosch\u00fcre.<br \/>\n2. Auflage 2005, 80 S., vierf\u00e4rbig, DinA6,<\/p>","protected":false},"excerpt":{"rendered":"<p>Wanderfibel Wandern ist das alpine Lebenselixier. Die Fibel bietet Tipps zur Ausr\u00fcstung, der k\u00f6rperlichen Vorbereitung, der Gehtechnik, der Tourenplanung, der Kennzeichnung der Wanderwege bis hin zu den Alpinen Gefahren. Zahlreiche Fotos und Merks\u00e4tze unterst\u00fctzen die dynamische Gestaltung der 80 Seiten starken Brosch\u00fcre. 2. Auflage 2005, 80 S., vierf\u00e4rbig, DinA6,<\/p>","protected":false},"featured_media":33326,"template":"","meta":[],"product_brand":[],"product_cat":[21538],"product_tag":[],"class_list":{"0":"post-150062","1":"product","2":"type-product","3":"status-publish","4":"has-post-thumbnail","6":"product_cat-lehrbuecher","7":"pa_autor-oesterreichische-kuratorium-fuer-alpine-sicherheit","8":"pa_erscheinungsjahr-21776","9":"pa_region-orientierung-wetter-ausbildung","10":"pa_sprache-d","12":"first","13":"instock","14":"taxable","15":"shipping-taxable","16":"purchasable","17":"product-type-simple"},"_links":{"self":[{"href":"https:\/\/pizbube.ch\/en\/wp-json\/wp\/v2\/product\/150062","targetHints":{"allow":["GET"]}}],"collection":[{"href":"https:\/\/pizbube.ch\/en\/wp-json\/wp\/v2\/product"}],"about":[{"href":"https:\/\/pizbube.ch\/en\/wp-json\/wp\/v2\/types\/product"}],"wp:featuredmedia":[{"embeddable":true,"href":"https:\/\/pizbube.ch\/en\/wp-json\/wp\/v2\/media\/33326"}],"wp:attachment":[{"href":"https:\/\/pizbube.ch\/en\/wp-json\/wp\/v2\/media?parent=150062"}],"wp:term":[{"taxonomy":"product_brand","embeddable":true,"href":"https:\/\/pizbube.ch\/en\/wp-json\/wp\/v2\/product_brand?post=150062"},{"taxonomy":"product_cat","embeddable":true,"href":"https:\/\/pizbube.ch\/en\/wp-json\/wp\/v2\/product_cat?post=150062"},{"taxonomy":"product_tag","embeddable":true,"href":"https:\/\/pizbube.ch\/en\/wp-json\/wp\/v2\/product_tag?post=150062"}],"curies":[{"name":"wp","href":"https:\/\/api.w.org\/{rel}","templated":true}]}}