{"id":150063,"date":"2021-01-15T11:01:31","date_gmt":"2021-01-15T11:01:31","guid":{"rendered":"https:\/\/codengine3.ch\/?product=import-placeholder-for-206450"},"modified":"2022-05-27T15:57:09","modified_gmt":"2022-05-27T13:57:09","slug":"erlebnisreich-wandern-vavoe","status":"publish","type":"product","link":"https:\/\/pizbube.ch\/en\/shop\/erlebnisreich-wandern-vavoe\/","title":{"rendered":"Erlebnisreich Wandern (VAV\u00d6)"},"content":{"rendered":"<p>Das Buch zur Wanderf\u00fchrer-Ausbildung.<\/p>\n<p>Das VAV\u00d6-Buch zur Ausbildung f\u00fcr den Wanderf\u00fchrer ist f\u00fcr alle, die mit<br \/>\nGruppen wandern bzw. Wanderungen intensiver planen als der Durchschnitt eine<br \/>\nsehr interessante Lekt\u00fcre.<\/p>\n<p>Das VAV\u00d6-Ausbilderteam hat sein Wissen, erg\u00e4nzt mit den Erfahrungen aus der<br \/>\nlangen Ausbildungst\u00e4tigkeit, im neuen Wanderf\u00fchrerbuch zusammengefasst.<br \/>\nZwei wesentliche Anliegen der Wanderf\u00fchrerausbildung werden mit dieser<br \/>\nMaterialiensammlung abgedeckt: die Gestaltung von Wanderungen als Erlebnis und<br \/>\nderen sichere Durchf\u00fchrung mit Gruppen.<\/p>\n<p>Auf den gestalterischen Seiten finden sich Themen wie Naturkunde, Kultur im<br \/>\nAlltag und Wandern mit Kindern.<br \/>\nAuf der sicheren Seite finden sich die Orientierung, das Wetter und das Recht.<br \/>\nDas Kapitel Gruppenp\u00e4dagogik und Kommunikation hilft beim Umgang mit<br \/>\nMitwanderinnen und Mitwanderern.<\/p>\n<p>\u00dcber alle Kapitel spannt sich der Bogen der Tourenplanung, eine intensive<br \/>\nAuseinandersetzung mit den Aufgaben, Pflichten aber auch<br \/>\nGestaltungsm\u00f6glichkeiten f\u00fcr Leiterinnen und Leiter von Gruppenwanderungen.<br \/>\n5. \u00fcberarbeitete und erweiterte Auflage<\/p>","protected":false},"excerpt":{"rendered":"<p>Das Buch zur Wanderf\u00fchrer-Ausbildung. Das VAV\u00d6-Buch zur Ausbildung f\u00fcr den Wanderf\u00fchrer ist f\u00fcr alle, die mit Gruppen wandern bzw. Wanderungen intensiver planen als der Durchschnitt eine sehr interessante Lekt\u00fcre. Das VAV\u00d6-Ausbilderteam hat sein Wissen, erg\u00e4nzt mit den Erfahrungen aus der langen Ausbildungst\u00e4tigkeit, im neuen Wanderf\u00fchrerbuch zusammengefasst. Zwei wesentliche Anliegen der Wanderf\u00fchrerausbildung werden mit dieser Materialiensammlung [&#8230;]\n","protected":false},"featured_media":35495,"template":"","meta":[],"product_brand":[],"product_cat":[21538],"product_tag":[],"class_list":{"0":"post-150063","1":"product","2":"type-product","3":"status-publish","4":"has-post-thumbnail","6":"product_cat-lehrbuecher","7":"pa_autor-kaupe-alpenverein","8":"pa_erscheinungsjahr-21842","9":"pa_region-alpin-sommer","10":"pa_sprache-de","12":"first","13":"outofstock","14":"taxable","15":"shipping-taxable","16":"purchasable","17":"product-type-simple"},"_links":{"self":[{"href":"https:\/\/pizbube.ch\/en\/wp-json\/wp\/v2\/product\/150063","targetHints":{"allow":["GET"]}}],"collection":[{"href":"https:\/\/pizbube.ch\/en\/wp-json\/wp\/v2\/product"}],"about":[{"href":"https:\/\/pizbube.ch\/en\/wp-json\/wp\/v2\/types\/product"}],"wp:featuredmedia":[{"embeddable":true,"href":"https:\/\/pizbube.ch\/en\/wp-json\/wp\/v2\/media\/35495"}],"wp:attachment":[{"href":"https:\/\/pizbube.ch\/en\/wp-json\/wp\/v2\/media?parent=150063"}],"wp:term":[{"taxonomy":"product_brand","embeddable":true,"href":"https:\/\/pizbube.ch\/en\/wp-json\/wp\/v2\/product_brand?post=150063"},{"taxonomy":"product_cat","embeddable":true,"href":"https:\/\/pizbube.ch\/en\/wp-json\/wp\/v2\/product_cat?post=150063"},{"taxonomy":"product_tag","embeddable":true,"href":"https:\/\/pizbube.ch\/en\/wp-json\/wp\/v2\/product_tag?post=150063"}],"curies":[{"name":"wp","href":"https:\/\/api.w.org\/{rel}","templated":true}]}}