{"id":150066,"date":"2021-01-15T11:01:31","date_gmt":"2021-01-15T11:01:31","guid":{"rendered":"https:\/\/codengine3.ch\/?product=import-placeholder-for-202550"},"modified":"2021-01-15T12:37:15","modified_gmt":"2021-01-15T12:37:15","slug":"trekking-handbuch","status":"publish","type":"product","link":"https:\/\/pizbube.ch\/en\/shop\/trekking-handbuch\/","title":{"rendered":"Trekking Handbuch"},"content":{"rendered":"<p>Reise Know-How: Trekking Handbuch &#8211; mit \u00fcber 80 Routenvorschl\u00e4gen auf allen<br \/>\nKontinenten<br \/>\nWahl der Tour, Vorbereitung, Unterwegs, Orientierung, Verhalten in Notf\u00e4llen<\/p>\n<p>Der Praxis-Ratgeber von Reise Know-How, mit 88 Seiten Trekking-Know-how und<br \/>\n\u00fcber 80 attraktiven Treks in Asien, Afrika und Amerika. Trekking-Touren mit<br \/>\ndiesem Praxis-Ratgeber erfolgreich planen und durchf\u00fchren: + Vor\u00fcberlegungen:<br \/>\nWahl der Tour, Informationsquellen, Reiseplanung, Genehmigungen und Permits,<br \/>\n&#8230; + Vorbereitung: Training, Gesundheitsfragen, Ausr\u00fcstung, Die Gruppe,<br \/>\nF\u00fchrer\/Tr\u00e4ger und weitere Unterst\u00fctzung im Land, &#8230; + Auf Tour: Timing und<br \/>\nPausen, H\u00f6henmeter und Akklimatisation, Packen und Tragen, Bekleidung, Offenes<br \/>\nFeuer, Baden in fremden Gew\u00e4ssern, Wahl des Zeltplatzes, Verpflegung<br \/>\nunterwegs, Orientierung, &#8230;<\/p>\n<p>+ Schwierigkeiten \u00fcberwinden: Notf\u00e4lle und Notruf, Rei\u00dfende B\u00e4che, Schnee und<br \/>\nEis, Wilde Tiere, Verletzungen und Ersch\u00f6pfung, Verirrt sein, Feindliche<br \/>\nBegegnungen, &#8230; + Mit Pack- und Checklisten. + Zus\u00e4tzliche Reiseinfos zu den<br \/>\nZiell\u00e4ndern. + Kurz\u00fcbersicht und komplette Route f\u00fcr jeden Trek. + Viele<br \/>\nHintergrundtipps. + Ausstattung: 360 Seiten, komplett in Farbe, zahlreiche<br \/>\nFotos, ausf\u00fchrliches Register, Griffmarken, stabile PUR-Bindung.  <\/p>","protected":false},"excerpt":{"rendered":"<p>Reise Know-How: Trekking Handbuch &#8211; mit \u00fcber 80 Routenvorschl\u00e4gen auf allen Kontinenten Wahl der Tour, Vorbereitung, Unterwegs, Orientierung, Verhalten in Notf\u00e4llen Der Praxis-Ratgeber von Reise Know-How, mit 88 Seiten Trekking-Know-how und \u00fcber 80 attraktiven Treks in Asien, Afrika und Amerika. Trekking-Touren mit diesem Praxis-Ratgeber erfolgreich planen und durchf\u00fchren: + Vor\u00fcberlegungen: Wahl der Tour, Informationsquellen, Reiseplanung, [&#8230;]\n","protected":false},"featured_media":36689,"template":"","meta":[],"product_brand":[],"product_cat":[21538],"product_tag":[],"class_list":{"0":"post-150066","1":"product","2":"type-product","3":"status-publish","4":"has-post-thumbnail","6":"product_cat-lehrbuecher","7":"pa_autor-schramm","8":"pa_erscheinungsjahr-21568","9":"pa_region-orientierung-wetter-ausbildung","10":"pa_sprache-de","12":"first","13":"instock","14":"taxable","15":"shipping-taxable","16":"purchasable","17":"product-type-simple"},"_links":{"self":[{"href":"https:\/\/pizbube.ch\/en\/wp-json\/wp\/v2\/product\/150066","targetHints":{"allow":["GET"]}}],"collection":[{"href":"https:\/\/pizbube.ch\/en\/wp-json\/wp\/v2\/product"}],"about":[{"href":"https:\/\/pizbube.ch\/en\/wp-json\/wp\/v2\/types\/product"}],"wp:featuredmedia":[{"embeddable":true,"href":"https:\/\/pizbube.ch\/en\/wp-json\/wp\/v2\/media\/36689"}],"wp:attachment":[{"href":"https:\/\/pizbube.ch\/en\/wp-json\/wp\/v2\/media?parent=150066"}],"wp:term":[{"taxonomy":"product_brand","embeddable":true,"href":"https:\/\/pizbube.ch\/en\/wp-json\/wp\/v2\/product_brand?post=150066"},{"taxonomy":"product_cat","embeddable":true,"href":"https:\/\/pizbube.ch\/en\/wp-json\/wp\/v2\/product_cat?post=150066"},{"taxonomy":"product_tag","embeddable":true,"href":"https:\/\/pizbube.ch\/en\/wp-json\/wp\/v2\/product_tag?post=150066"}],"curies":[{"name":"wp","href":"https:\/\/api.w.org\/{rel}","templated":true}]}}