{"id":150067,"date":"2021-01-15T11:01:31","date_gmt":"2021-01-15T11:01:31","guid":{"rendered":"https:\/\/codengine3.ch\/?product=import-placeholder-for-205241"},"modified":"2021-01-15T14:39:47","modified_gmt":"2021-01-15T14:39:47","slug":"bergwandern-bergsteigen","status":"publish","type":"product","link":"https:\/\/pizbube.ch\/en\/shop\/bergwandern-bergsteigen\/","title":{"rendered":"Bergwandern &#8211; Bergsteigen"},"content":{"rendered":"<p>&#8218;F\u00fcrs Bergwandern braucht man doch kein Lehrbuch&#8216;, m\u00f6gen manche Bergfreunde<br \/>\ndenken. Doch sp\u00e4testens dann, wenn ein an sich leichter Wanderweg durch ein<br \/>\nsteiles und gefrorenes Altschneefeld unterbrochen ist, kann ein unbedarfter<br \/>\nWanderer in eine &#8211; leider manchmal auch t\u00f6dliche &#8211; Falle tappen, wenn er das<br \/>\nSchneefeld einfach so quert, ohne zu wissen, was man dabei bedenken muss. Dies<br \/>\nist nur ein Beispiel f\u00fcr die allgegenw\u00e4rtigen Gefahren in den Bergen, die zu<br \/>\nviele Bergfreude nicht richtig einsch\u00e4tzen k\u00f6nnen oder erst gar nicht<br \/>\nerkennen.<\/p>\n<p>In diesem Buch erfahren Wanderer alles Wichtige, um Gefahren zu erkennen und<br \/>\nGef\u00e4hrdungen zu vermeiden. Auch die Themen Ausr\u00fcstung, Gehtechnik, Ern\u00e4hrung<br \/>\nund Gesundheit kommen nicht zu kurz. Wer sich schlie\u00dflich steigern und als<br \/>\nBergsteiger auch in hochalpine Fels- und Firnregionen vorsto\u00dfen will, hat mit<br \/>\ndiesem Buch die ideale Ausbildungsgrundlage dazu.  <\/p>\n<p>Ein Buch, das den Bergneuling ins Bergwandern einf\u00fchrt und ihm hilft, nicht<br \/>\nalle Erfahrungen auf die schmerzlichste Art und Weise selbst machen zu m\u00fcssen<br \/>\n&#8211; und das auch f\u00fcr den &#8218;alten Hasen&#8216; manch wertvollen Tip und Vorschlag<br \/>\nenth\u00e4lt.<\/p>\n<p>Ob gem\u00fctliche Panoramatour oder ambitionierte Kraxelei auf Gipfel &#8211;<br \/>\nBergwandern und Bergsteigen sollen vor allem Freude machen. Ob man nun<br \/>\nErholung in der Natur sucht oder der sportliche Aspekt im Vordergrund steht &#8211;<br \/>\ndie Bewegung in den Bergen ist ein idealer Ausgleich zum Alltag. Unbestreitbar<br \/>\nlauern in den Bergen aber auch Gefahren.<\/p>\n<p>Der Wissen &#038; Praxis-Band \u00bbBergwandern &#8211; Bergsteigen\u00ab vermittelt das notwendige<br \/>\nWissen, um die Lust auf die Berge auch allzeit mit ungetr\u00fcbter Freude genie\u00dfen<br \/>\nzu k\u00f6nnen. Behandelt werden Themenkreise wie &#8211; Tourenplanung und Orientierung<br \/>\n&#8211; Umgang mit Karte, Kompass und GPS &#8211; Gehen auf Wegen, Steigen, Klettersteigen<br \/>\nsowie auf Schnee und Eis &#8211; Wann, wo und wie sichern? &#8211; Begehen von Gletschern<br \/>\n&#8211; Erkennen und richtiges Deuten von Wetterzeichen &#8211; In den Bergen unterwegs<br \/>\nmit Kindern &#8211; Schneeschuhgehen &#8211; was sollte man wissen und k\u00f6nnen? Zahlreiche<br \/>\nAbbildungen, \u00dcbersichten, Tipps und Adressen machen Kompliziertes<br \/>\nverst\u00e4ndlich, erleichtern den Umgang mit dem Buch und geben ihm einen sehr<br \/>\nhohen Informationswert.<\/p>\n<p>Der Autor Olaf Perwitzschky ist staatlich gepr\u00fcfter Bergf\u00fchrer. Er ist<br \/>\nRedakteur bei der Zeitschrift Alpin und den Lesern insbesondere durch die<br \/>\nerfolgreiche Rubrik \u00bbOlaf kl\u00e4rt das schon\u00ab bekannt.  <\/p>","protected":false},"excerpt":{"rendered":"<ul>\n<li><a href=\"https:\/\/pizbube.ch\/wp-content\/uploads\/attachments\/a_003\/22311281F1FC13C00FE98E210E2C430B.pdf\" target=\"_blank\" rel=\"noopener\">PDF: Bergwandern-Bergsteigen_inhalt<\/a><\/li>\n<li><a href=\"https:\/\/pizbube.ch\/wp-content\/uploads\/attachments\/a_003\/223F3E60D0B00472089B3AA3F7A7194E.pdf\" target=\"_blank\" rel=\"noopener\">PDF: Bergwandern-Bergsteigen_Leseprobe<\/a><\/li>\n<\/ul>","protected":false},"featured_media":26672,"template":"","meta":[],"product_brand":[],"product_cat":[21538],"product_tag":[],"class_list":{"0":"post-150067","1":"product","2":"type-product","3":"status-publish","4":"has-post-thumbnail","6":"product_cat-lehrbuecher","7":"pa_autor-perwitzschky","8":"pa_erscheinungsjahr-21571","9":"pa_region-alpin-sommer","10":"pa_sprache-de","12":"first","13":"instock","14":"taxable","15":"shipping-taxable","16":"purchasable","17":"product-type-simple"},"_links":{"self":[{"href":"https:\/\/pizbube.ch\/en\/wp-json\/wp\/v2\/product\/150067","targetHints":{"allow":["GET"]}}],"collection":[{"href":"https:\/\/pizbube.ch\/en\/wp-json\/wp\/v2\/product"}],"about":[{"href":"https:\/\/pizbube.ch\/en\/wp-json\/wp\/v2\/types\/product"}],"wp:featuredmedia":[{"embeddable":true,"href":"https:\/\/pizbube.ch\/en\/wp-json\/wp\/v2\/media\/26672"}],"wp:attachment":[{"href":"https:\/\/pizbube.ch\/en\/wp-json\/wp\/v2\/media?parent=150067"}],"wp:term":[{"taxonomy":"product_brand","embeddable":true,"href":"https:\/\/pizbube.ch\/en\/wp-json\/wp\/v2\/product_brand?post=150067"},{"taxonomy":"product_cat","embeddable":true,"href":"https:\/\/pizbube.ch\/en\/wp-json\/wp\/v2\/product_cat?post=150067"},{"taxonomy":"product_tag","embeddable":true,"href":"https:\/\/pizbube.ch\/en\/wp-json\/wp\/v2\/product_tag?post=150067"}],"curies":[{"name":"wp","href":"https:\/\/api.w.org\/{rel}","templated":true}]}}