{"id":150070,"date":"2021-01-15T11:01:31","date_gmt":"2021-01-15T11:01:31","guid":{"rendered":"https:\/\/codengine3.ch\/?product=import-placeholder-for-200865"},"modified":"2021-01-15T11:01:34","modified_gmt":"2021-01-15T11:01:34","slug":"felsklettern-sportklettern","status":"publish","type":"product","link":"https:\/\/pizbube.ch\/en\/shop\/felsklettern-sportklettern\/","title":{"rendered":"Felsklettern &#8211; Sportklettern"},"content":{"rendered":"<p>Neu konzipierter Alpin- Lehrplan Bd. 2 \u00fcbers Klettern: Bewegungstechnik und<br \/>\nTaktik, Sicherungstechnik, Theoretische Grundlagen, Training, Rettung.<br \/>\nBewegungstechnik und Taktik: Klettertechniken und Technikelemente &#8211; Taktik<br \/>\nbeim klassischen Felsklettern &#8211; St\u00fcrzen beim Sportklettern &#8211; Taktik beim<br \/>\nSportklettern<br \/>\nSicherungstechnik: Grundlagen &#8211; Alpines Klettern &#8211; Technisches Klettern &#8211;<br \/>\nSportklettern<br \/>\nTheoretische Grundlagen: Spielformen des Felskletterns und Sportkletterns &#8211;<br \/>\nEthik und Bewertungssysteme &#8211; Ausr\u00fcstung &#8211; Alpine Gefahren und Wetter &#8211;<br \/>\nR\u00fcckzugsmethode, behelfsm\u00e4\u00dfige Bergrettung und Erste Hilfe &#8211; Tourenplanung und<br \/>\nOrientierung &#8211; Training  <\/p>","protected":false},"excerpt":{"rendered":"<p>Neu konzipierter Alpin- Lehrplan Bd. 2 \u00fcbers Klettern: Bewegungstechnik und Taktik, Sicherungstechnik, Theoretische Grundlagen, Training, Rettung. Bewegungstechnik und Taktik: Klettertechniken und Technikelemente &#8211; Taktik beim klassischen Felsklettern &#8211; St\u00fcrzen beim Sportklettern &#8211; Taktik beim Sportklettern Sicherungstechnik: Grundlagen &#8211; Alpines Klettern &#8211; Technisches Klettern &#8211; Sportklettern Theoretische Grundlagen: Spielformen des Felskletterns und Sportkletterns &#8211; Ethik und [&#8230;]\n","protected":false},"featured_media":27959,"template":"","meta":[],"product_brand":[],"product_cat":[21538],"product_tag":[],"class_list":{"0":"post-150070","1":"product","2":"type-product","3":"status-publish","4":"has-post-thumbnail","6":"product_cat-lehrbuecher","7":"pa_autor-hoffmann","8":"pa_erscheinungsjahr-22242","9":"pa_region-klettertechnik","10":"pa_sprache-de","12":"first","13":"instock","14":"taxable","15":"shipping-taxable","16":"purchasable","17":"product-type-simple"},"_links":{"self":[{"href":"https:\/\/pizbube.ch\/en\/wp-json\/wp\/v2\/product\/150070","targetHints":{"allow":["GET"]}}],"collection":[{"href":"https:\/\/pizbube.ch\/en\/wp-json\/wp\/v2\/product"}],"about":[{"href":"https:\/\/pizbube.ch\/en\/wp-json\/wp\/v2\/types\/product"}],"wp:featuredmedia":[{"embeddable":true,"href":"https:\/\/pizbube.ch\/en\/wp-json\/wp\/v2\/media\/27959"}],"wp:attachment":[{"href":"https:\/\/pizbube.ch\/en\/wp-json\/wp\/v2\/media?parent=150070"}],"wp:term":[{"taxonomy":"product_brand","embeddable":true,"href":"https:\/\/pizbube.ch\/en\/wp-json\/wp\/v2\/product_brand?post=150070"},{"taxonomy":"product_cat","embeddable":true,"href":"https:\/\/pizbube.ch\/en\/wp-json\/wp\/v2\/product_cat?post=150070"},{"taxonomy":"product_tag","embeddable":true,"href":"https:\/\/pizbube.ch\/en\/wp-json\/wp\/v2\/product_tag?post=150070"}],"curies":[{"name":"wp","href":"https:\/\/api.w.org\/{rel}","templated":true}]}}