{"id":150071,"date":"2021-01-15T11:01:31","date_gmt":"2021-01-15T11:01:31","guid":{"rendered":"https:\/\/codengine3.ch\/?product=import-placeholder-for-204805"},"modified":"2025-06-05T18:14:48","modified_gmt":"2025-06-05T16:14:48","slug":"sportkletterfibel","status":"publish","type":"product","link":"https:\/\/pizbube.ch\/en\/shop\/sportkletterfibel\/","title":{"rendered":"Sportkletterfibel"},"content":{"rendered":"<p>Die Sportkletterfibel bietet Einsteigern, aktiven Kletterern, aber auch<br \/>\nAusbildenden einen \u00dcberblick \u00fcber die Vielschichtigkeit dieses Sports.<br \/>\nPr\u00e4gnant und \u00fcbersichtlich werden Themen wie Klettertechnik, Taktik, Training,<br \/>\nPsyche, medizinische Aspekte und nat\u00fcrlich die sportkletterspezifische<br \/>\nSeiltechnik dargestellt.<\/p>\n<p>Mit dieser Fibel wollen wir einerseits zu einem bewussten Umgang<br \/>\nmit den Risiken dieses Sports motivieren, andererseits Neugierde f\u00fcr die<br \/>\nvielen Facetten des Kletterns wecken.<\/p>","protected":false},"excerpt":{"rendered":"<p>Die Sportkletterfibel bietet Einsteigern, aktiven Kletterern, aber auch Ausbildenden einen \u00dcberblick \u00fcber die Vielschichtigkeit dieses Sports. Pr\u00e4gnant und \u00fcbersichtlich werden Themen wie Klettertechnik, Taktik, Training, Psyche, medizinische Aspekte und nat\u00fcrlich die sportkletterspezifische Seiltechnik dargestellt. Mit dieser Fibel wollen wir einerseits zu einem bewussten Umgang mit den Risiken dieses Sports motivieren, andererseits Neugierde f\u00fcr die vielen [&#8230;]\n","protected":false},"featured_media":179977,"template":"","meta":[],"product_brand":[],"product_cat":[21538],"product_tag":[],"class_list":{"0":"post-150071","1":"product","2":"type-product","3":"status-publish","4":"has-post-thumbnail","6":"product_cat-lehrbuecher","7":"pa_autor-oesterreichische-kuratorium-fuer-alpine-sicherheit","8":"pa_erscheinungsjahr-21591","9":"pa_region-klettertechnik","10":"pa_sprache-de","12":"first","13":"instock","14":"taxable","15":"shipping-taxable","16":"purchasable","17":"product-type-simple"},"_links":{"self":[{"href":"https:\/\/pizbube.ch\/en\/wp-json\/wp\/v2\/product\/150071","targetHints":{"allow":["GET"]}}],"collection":[{"href":"https:\/\/pizbube.ch\/en\/wp-json\/wp\/v2\/product"}],"about":[{"href":"https:\/\/pizbube.ch\/en\/wp-json\/wp\/v2\/types\/product"}],"wp:featuredmedia":[{"embeddable":true,"href":"https:\/\/pizbube.ch\/en\/wp-json\/wp\/v2\/media\/179977"}],"wp:attachment":[{"href":"https:\/\/pizbube.ch\/en\/wp-json\/wp\/v2\/media?parent=150071"}],"wp:term":[{"taxonomy":"product_brand","embeddable":true,"href":"https:\/\/pizbube.ch\/en\/wp-json\/wp\/v2\/product_brand?post=150071"},{"taxonomy":"product_cat","embeddable":true,"href":"https:\/\/pizbube.ch\/en\/wp-json\/wp\/v2\/product_cat?post=150071"},{"taxonomy":"product_tag","embeddable":true,"href":"https:\/\/pizbube.ch\/en\/wp-json\/wp\/v2\/product_tag?post=150071"}],"curies":[{"name":"wp","href":"https:\/\/api.w.org\/{rel}","templated":true}]}}