{"id":150072,"date":"2021-01-15T11:01:31","date_gmt":"2021-01-15T11:01:31","guid":{"rendered":"https:\/\/codengine3.ch\/?product=import-placeholder-for-202340"},"modified":"2021-01-15T12:35:28","modified_gmt":"2021-01-15T12:35:28","slug":"richtig-klettern","status":"publish","type":"product","link":"https:\/\/pizbube.ch\/en\/shop\/richtig-klettern\/","title":{"rendered":"Richtig Klettern"},"content":{"rendered":"<p>Von der Halle an den Fels: der Kletter-Kompaktkurs f\u00fcr Einsteiger \u00b7<br \/>\nSportklettern und Bouldern: Ausr\u00fcstung, Kletter- und Sicherungstechniken \u00b7<br \/>\nTraining: Kondition, Technik, Taktik \u00b7 \u00dcberlastungssch\u00e4den und Verletzungen<br \/>\nvermeiden, Naturschutz, Wettk\u00e4mpfe.<br \/>\nBouldern, Sportklettern: Vorgehenweise, Ausr\u00fcstung, Grundlegende, erweiterte<br \/>\nund spezielle Klettertechniken, Training: Kondition, Technik, Taktik;<br \/>\nGesundheit, Aufw\u00e4rmen.  <\/p>","protected":false},"excerpt":{"rendered":"<p>Von der Halle an den Fels: der Kletter-Kompaktkurs f\u00fcr Einsteiger \u00b7 Sportklettern und Bouldern: Ausr\u00fcstung, Kletter- und Sicherungstechniken \u00b7 Training: Kondition, Technik, Taktik \u00b7 \u00dcberlastungssch\u00e4den und Verletzungen vermeiden, Naturschutz, Wettk\u00e4mpfe. Bouldern, Sportklettern: Vorgehenweise, Ausr\u00fcstung, Grundlegende, erweiterte und spezielle Klettertechniken, Training: Kondition, Technik, Taktik; Gesundheit, Aufw\u00e4rmen.<\/p>","protected":false},"featured_media":29719,"template":"","meta":[],"product_brand":[],"product_cat":[21538],"product_tag":[],"class_list":{"0":"post-150072","1":"product","2":"type-product","3":"status-publish","4":"has-post-thumbnail","6":"product_cat-lehrbuecher","7":"pa_autor-winter","8":"pa_erscheinungsjahr-21830","9":"pa_region-klettertechnik","10":"pa_sprache-de","12":"first","13":"instock","14":"taxable","15":"shipping-taxable","16":"purchasable","17":"product-type-simple"},"_links":{"self":[{"href":"https:\/\/pizbube.ch\/en\/wp-json\/wp\/v2\/product\/150072","targetHints":{"allow":["GET"]}}],"collection":[{"href":"https:\/\/pizbube.ch\/en\/wp-json\/wp\/v2\/product"}],"about":[{"href":"https:\/\/pizbube.ch\/en\/wp-json\/wp\/v2\/types\/product"}],"wp:featuredmedia":[{"embeddable":true,"href":"https:\/\/pizbube.ch\/en\/wp-json\/wp\/v2\/media\/29719"}],"wp:attachment":[{"href":"https:\/\/pizbube.ch\/en\/wp-json\/wp\/v2\/media?parent=150072"}],"wp:term":[{"taxonomy":"product_brand","embeddable":true,"href":"https:\/\/pizbube.ch\/en\/wp-json\/wp\/v2\/product_brand?post=150072"},{"taxonomy":"product_cat","embeddable":true,"href":"https:\/\/pizbube.ch\/en\/wp-json\/wp\/v2\/product_cat?post=150072"},{"taxonomy":"product_tag","embeddable":true,"href":"https:\/\/pizbube.ch\/en\/wp-json\/wp\/v2\/product_tag?post=150072"}],"curies":[{"name":"wp","href":"https:\/\/api.w.org\/{rel}","templated":true}]}}