{"id":150075,"date":"2021-01-15T11:01:31","date_gmt":"2021-01-15T11:01:31","guid":{"rendered":"https:\/\/codengine3.ch\/?product=import-placeholder-for-203249"},"modified":"2021-01-15T12:55:30","modified_gmt":"2021-01-15T12:55:30","slug":"begreiflich-sicherheit-beim-sportklettern","status":"publish","type":"product","link":"https:\/\/pizbube.ch\/en\/shop\/begreiflich-sicherheit-beim-sportklettern\/","title":{"rendered":"Begreiflich Sicherheit beim Sportklettern"},"content":{"rendered":"<p>Handbuch f\u00fcr Anf\u00e4nger, Fortgeschrittene und Ausbildner: Handbuch \u00fcber<br \/>\nSicherungsger\u00e4te im Klettersport. Unfallpr\u00e4vention, Sicherungsmethodik,<br \/>\nSicherungsger\u00e4te zur Partnersicherung.  <\/p>","protected":false},"excerpt":{"rendered":"<p>Handbuch f\u00fcr Anf\u00e4nger, Fortgeschrittene und Ausbildner: Handbuch \u00fcber Sicherungsger\u00e4te im Klettersport. Unfallpr\u00e4vention, Sicherungsmethodik, Sicherungsger\u00e4te zur Partnersicherung.<\/p>","protected":false},"featured_media":30819,"template":"","meta":[],"product_brand":[],"product_cat":[21538],"product_tag":[],"class_list":{"0":"post-150075","1":"product","2":"type-product","3":"status-publish","4":"has-post-thumbnail","6":"product_cat-lehrbuecher","7":"pa_autor-britschgi","8":"pa_erscheinungsjahr-21920","9":"pa_region-klettertechnik","10":"pa_sprache-de","12":"first","13":"outofstock","14":"taxable","15":"shipping-taxable","16":"purchasable","17":"product-type-simple"},"_links":{"self":[{"href":"https:\/\/pizbube.ch\/en\/wp-json\/wp\/v2\/product\/150075","targetHints":{"allow":["GET"]}}],"collection":[{"href":"https:\/\/pizbube.ch\/en\/wp-json\/wp\/v2\/product"}],"about":[{"href":"https:\/\/pizbube.ch\/en\/wp-json\/wp\/v2\/types\/product"}],"wp:featuredmedia":[{"embeddable":true,"href":"https:\/\/pizbube.ch\/en\/wp-json\/wp\/v2\/media\/30819"}],"wp:attachment":[{"href":"https:\/\/pizbube.ch\/en\/wp-json\/wp\/v2\/media?parent=150075"}],"wp:term":[{"taxonomy":"product_brand","embeddable":true,"href":"https:\/\/pizbube.ch\/en\/wp-json\/wp\/v2\/product_brand?post=150075"},{"taxonomy":"product_cat","embeddable":true,"href":"https:\/\/pizbube.ch\/en\/wp-json\/wp\/v2\/product_cat?post=150075"},{"taxonomy":"product_tag","embeddable":true,"href":"https:\/\/pizbube.ch\/en\/wp-json\/wp\/v2\/product_tag?post=150075"}],"curies":[{"name":"wp","href":"https:\/\/api.w.org\/{rel}","templated":true}]}}