{"id":150076,"date":"2021-01-15T11:01:31","date_gmt":"2021-01-15T11:01:31","guid":{"rendered":"https:\/\/codengine3.ch\/?product=import-placeholder-for-202333"},"modified":"2021-01-15T12:35:25","modified_gmt":"2021-01-15T12:35:25","slug":"felsklettern","status":"publish","type":"product","link":"https:\/\/pizbube.ch\/en\/shop\/felsklettern\/","title":{"rendered":"Felsklettern"},"content":{"rendered":"<p>Ausr\u00fcstung und Kleidung. Aufw\u00e4rmen und Training. Klettertechniken.<br \/>\nSeilhandhabung. Orientierung im Gel\u00e4nde. Die sch\u00f6nsten Klettergebiete der<br \/>\nWelt. Schritt-f\u00fcr-Schritt-Anleitung durch erfahrene Experten.<\/p>","protected":false},"excerpt":{"rendered":"<p>Ausr\u00fcstung und Kleidung. Aufw\u00e4rmen und Training. Klettertechniken. Seilhandhabung. Orientierung im Gel\u00e4nde. Die sch\u00f6nsten Klettergebiete der Welt. Schritt-f\u00fcr-Schritt-Anleitung durch erfahrene Experten.<\/p>","protected":false},"featured_media":29709,"template":"","meta":[],"product_brand":[],"product_cat":[21538],"product_tag":[],"class_list":{"0":"post-150076","1":"product","2":"type-product","3":"status-publish","4":"has-post-thumbnail","6":"product_cat-lehrbuecher","7":"pa_autor-creasey","8":"pa_erscheinungsjahr-22242","9":"pa_region-klettertechnik","10":"pa_sprache-de","12":"first","13":"outofstock","14":"taxable","15":"shipping-taxable","16":"purchasable","17":"product-type-simple"},"_links":{"self":[{"href":"https:\/\/pizbube.ch\/en\/wp-json\/wp\/v2\/product\/150076","targetHints":{"allow":["GET"]}}],"collection":[{"href":"https:\/\/pizbube.ch\/en\/wp-json\/wp\/v2\/product"}],"about":[{"href":"https:\/\/pizbube.ch\/en\/wp-json\/wp\/v2\/types\/product"}],"wp:featuredmedia":[{"embeddable":true,"href":"https:\/\/pizbube.ch\/en\/wp-json\/wp\/v2\/media\/29709"}],"wp:attachment":[{"href":"https:\/\/pizbube.ch\/en\/wp-json\/wp\/v2\/media?parent=150076"}],"wp:term":[{"taxonomy":"product_brand","embeddable":true,"href":"https:\/\/pizbube.ch\/en\/wp-json\/wp\/v2\/product_brand?post=150076"},{"taxonomy":"product_cat","embeddable":true,"href":"https:\/\/pizbube.ch\/en\/wp-json\/wp\/v2\/product_cat?post=150076"},{"taxonomy":"product_tag","embeddable":true,"href":"https:\/\/pizbube.ch\/en\/wp-json\/wp\/v2\/product_tag?post=150076"}],"curies":[{"name":"wp","href":"https:\/\/api.w.org\/{rel}","templated":true}]}}