{"id":150078,"date":"2021-01-15T11:01:31","date_gmt":"2021-01-15T11:01:31","guid":{"rendered":"https:\/\/codengine3.ch\/?product=import-placeholder-for-207695"},"modified":"2021-01-15T16:06:04","modified_gmt":"2021-01-15T16:06:04","slug":"sportklettern-1","status":"publish","type":"product","link":"https:\/\/pizbube.ch\/en\/shop\/sportklettern-1\/","title":{"rendered":"Sportklettern 1"},"content":{"rendered":"<p>Dieses Taschenbuch richtet sich an den typischen Klettereinsteiger, welcher<br \/>\ndas Klettern in der Halle erlernt hat und sich dann an die Felsen wagt,<br \/>\nvielleicht einmal Mehrseill\u00e4ngenrouten klettern oder sein K\u00f6nnen durch<br \/>\nOptimierung der Klettertechnik verbessern m\u00f6chte. Ziel ist es, dem Einsteiger<br \/>\nein m\u00f6glichst breites Basiswissen f\u00fcr den Trendsport Klettern zu vermitteln:<br \/>\nWelche Ausr\u00fcstung wird ben\u00f6tigt? Wie wird richtig gesichert? Welche<br \/>\nKlettertechniken sind notwendig?<\/p>\n<p>Auch f\u00fchrungstechnische Ma\u00dfnahmen kommen nicht zu kurz. Durch den mit<br \/>\nwertvollen Expertentipps angereicherten Text erfahren auch fortgeschrittene<br \/>\nFelskletterer noch neues und profitieren so direkt von den Erfahrungen des<br \/>\nAutors. Durch die intensive Besch\u00e4ftigung mit dem Thema Sicherheit, den<br \/>\naktuellen Lehrmeinungen und den neuesten Sicherungsger\u00e4ten k\u00f6nnen viele<br \/>\nRisiken bereits im Voraus minimiert werden. Ein alphabetischer Index<br \/>\nerleichtert dem Leser die Suche nach dem gew\u00fcnschten Thema &#8211; und dies alles in<br \/>\neinem Format, welches auch direkt mit an die Felsen genommen werden kann.<br \/>\nAbgerundet wird das Buch durch Fotos sowie zahlreiche Zeichnungen von Annalena<br \/>\nHunke.<br \/>\n1. Auflage 2013, 208 Seiten, 115 Skizzen und Illustrationen, 76 farbige<br \/>\nAbbildungen<\/p>","protected":false},"excerpt":{"rendered":"<p>Dieses Taschenbuch richtet sich an den typischen Klettereinsteiger, welcher das Klettern in der Halle erlernt hat und sich dann an die Felsen wagt, vielleicht einmal Mehrseill\u00e4ngenrouten klettern oder sein K\u00f6nnen durch Optimierung der Klettertechnik verbessern m\u00f6chte. Ziel ist es, dem Einsteiger ein m\u00f6glichst breites Basiswissen f\u00fcr den Trendsport Klettern zu vermitteln: Welche Ausr\u00fcstung wird ben\u00f6tigt? [&#8230;]\n","protected":false},"featured_media":38189,"template":"","meta":[],"product_brand":[],"product_cat":[21538],"product_tag":[],"class_list":{"0":"post-150078","1":"product","2":"type-product","3":"status-publish","4":"has-post-thumbnail","6":"product_cat-lehrbuecher","7":"pa_autor-kontermann-hunke","8":"pa_erscheinungsjahr-21568","9":"pa_region-klettertechnik","10":"pa_sprache-de","12":"first","13":"instock","14":"taxable","15":"shipping-taxable","16":"purchasable","17":"product-type-simple"},"_links":{"self":[{"href":"https:\/\/pizbube.ch\/en\/wp-json\/wp\/v2\/product\/150078","targetHints":{"allow":["GET"]}}],"collection":[{"href":"https:\/\/pizbube.ch\/en\/wp-json\/wp\/v2\/product"}],"about":[{"href":"https:\/\/pizbube.ch\/en\/wp-json\/wp\/v2\/types\/product"}],"wp:featuredmedia":[{"embeddable":true,"href":"https:\/\/pizbube.ch\/en\/wp-json\/wp\/v2\/media\/38189"}],"wp:attachment":[{"href":"https:\/\/pizbube.ch\/en\/wp-json\/wp\/v2\/media?parent=150078"}],"wp:term":[{"taxonomy":"product_brand","embeddable":true,"href":"https:\/\/pizbube.ch\/en\/wp-json\/wp\/v2\/product_brand?post=150078"},{"taxonomy":"product_cat","embeddable":true,"href":"https:\/\/pizbube.ch\/en\/wp-json\/wp\/v2\/product_cat?post=150078"},{"taxonomy":"product_tag","embeddable":true,"href":"https:\/\/pizbube.ch\/en\/wp-json\/wp\/v2\/product_tag?post=150078"}],"curies":[{"name":"wp","href":"https:\/\/api.w.org\/{rel}","templated":true}]}}