{"id":150081,"date":"2021-01-15T11:01:31","date_gmt":"2021-01-15T11:01:31","guid":{"rendered":"https:\/\/codengine3.ch\/?product=import-placeholder-for-201264"},"modified":"2021-01-15T12:00:04","modified_gmt":"2021-01-15T12:00:04","slug":"die-strafrechtliche-beurteilung-von-bergunfaellen","status":"publish","type":"product","link":"https:\/\/pizbube.ch\/en\/shop\/die-strafrechtliche-beurteilung-von-bergunfaellen\/","title":{"rendered":"Die strafrechtliche Beurteilung von Bergunf\u00e4llen"},"content":{"rendered":"<p>Gut verst\u00e4ndliche Pflichtlekt\u00fcre f\u00fcr Seilschaftsf\u00fchrer, Tourenleiter,<br \/>\nBergf\u00fchrer  <\/p>","protected":false},"excerpt":{"rendered":"<p>Gut verst\u00e4ndliche Pflichtlekt\u00fcre f\u00fcr Seilschaftsf\u00fchrer, Tourenleiter, Bergf\u00fchrer<\/p>","protected":false},"featured_media":28555,"template":"","meta":[],"product_brand":[],"product_cat":[21538],"product_tag":[],"class_list":{"0":"post-150081","1":"product","2":"type-product","3":"status-publish","4":"has-post-thumbnail","6":"product_cat-lehrbuecher","7":"pa_autor-benisowitsch","8":"pa_erscheinungsjahr-22151","9":"pa_region-medizin-recht","10":"pa_sprache-de","12":"first","13":"outofstock","14":"taxable","15":"shipping-taxable","16":"purchasable","17":"product-type-simple"},"_links":{"self":[{"href":"https:\/\/pizbube.ch\/en\/wp-json\/wp\/v2\/product\/150081","targetHints":{"allow":["GET"]}}],"collection":[{"href":"https:\/\/pizbube.ch\/en\/wp-json\/wp\/v2\/product"}],"about":[{"href":"https:\/\/pizbube.ch\/en\/wp-json\/wp\/v2\/types\/product"}],"wp:featuredmedia":[{"embeddable":true,"href":"https:\/\/pizbube.ch\/en\/wp-json\/wp\/v2\/media\/28555"}],"wp:attachment":[{"href":"https:\/\/pizbube.ch\/en\/wp-json\/wp\/v2\/media?parent=150081"}],"wp:term":[{"taxonomy":"product_brand","embeddable":true,"href":"https:\/\/pizbube.ch\/en\/wp-json\/wp\/v2\/product_brand?post=150081"},{"taxonomy":"product_cat","embeddable":true,"href":"https:\/\/pizbube.ch\/en\/wp-json\/wp\/v2\/product_cat?post=150081"},{"taxonomy":"product_tag","embeddable":true,"href":"https:\/\/pizbube.ch\/en\/wp-json\/wp\/v2\/product_tag?post=150081"}],"curies":[{"name":"wp","href":"https:\/\/api.w.org\/{rel}","templated":true}]}}