{"id":150086,"date":"2021-01-15T11:01:32","date_gmt":"2021-01-15T11:01:32","guid":{"rendered":"https:\/\/codengine3.ch\/?product=import-placeholder-for-200869"},"modified":"2021-01-15T11:01:35","modified_gmt":"2021-01-15T11:01:35","slug":"lawinen","status":"publish","type":"product","link":"https:\/\/pizbube.ch\/en\/shop\/lawinen\/","title":{"rendered":"Lawinen"},"content":{"rendered":"<p>In enger Zusammenarbeit mit dem Eidg. Institut f\u00fcr Schnee- und<br \/>\nLawinenforschung und geschrieben von Walter Ammann, dem Institutsleiter, dem<br \/>\nLawinenforscher Othmar Buser und der Journalistin Usch Vollenwyder ist ein<br \/>\neinzigartiges Buch rund um das Ph\u00e4nomen Lawine entstanden:<br \/>\nSpannende Geschichten von Lawinen, faszinierende Bilder, pr\u00e4zise Informationen<br \/>\n\u00fcber die Physik des Schnees und die Erforschung der Lawinen, detaillierte<br \/>\nSchilderungen von Schutzmassnahmen und Rettungsaktionen &#8211; wer sich f\u00fcr Schnee,<br \/>\nBerge oder die Natur interessiert, f\u00fcr den ist dieser faszinierende Band eine<br \/>\nebenso kurzweilige wie informative Lekt\u00fcre  <\/p>","protected":false},"excerpt":{"rendered":"<p>In enger Zusammenarbeit mit dem Eidg. Institut f\u00fcr Schnee- und Lawinenforschung und geschrieben von Walter Ammann, dem Institutsleiter, dem Lawinenforscher Othmar Buser und der Journalistin Usch Vollenwyder ist ein einzigartiges Buch rund um das Ph\u00e4nomen Lawine entstanden: Spannende Geschichten von Lawinen, faszinierende Bilder, pr\u00e4zise Informationen \u00fcber die Physik des Schnees und die Erforschung der Lawinen, [&#8230;]\n","protected":false},"featured_media":27964,"template":"","meta":[],"product_brand":[],"product_cat":[21542],"product_tag":[],"class_list":{"0":"post-150086","1":"product","2":"type-product","3":"status-publish","4":"has-post-thumbnail","6":"product_cat-sachbuecher-dokumentationen","7":"pa_autor-ammann-buser","8":"pa_erscheinungsjahr-22133","9":"pa_region-schweiz","10":"pa_sprache-de","12":"first","13":"outofstock","14":"taxable","15":"shipping-taxable","16":"purchasable","17":"product-type-simple"},"_links":{"self":[{"href":"https:\/\/pizbube.ch\/en\/wp-json\/wp\/v2\/product\/150086","targetHints":{"allow":["GET"]}}],"collection":[{"href":"https:\/\/pizbube.ch\/en\/wp-json\/wp\/v2\/product"}],"about":[{"href":"https:\/\/pizbube.ch\/en\/wp-json\/wp\/v2\/types\/product"}],"wp:featuredmedia":[{"embeddable":true,"href":"https:\/\/pizbube.ch\/en\/wp-json\/wp\/v2\/media\/27964"}],"wp:attachment":[{"href":"https:\/\/pizbube.ch\/en\/wp-json\/wp\/v2\/media?parent=150086"}],"wp:term":[{"taxonomy":"product_brand","embeddable":true,"href":"https:\/\/pizbube.ch\/en\/wp-json\/wp\/v2\/product_brand?post=150086"},{"taxonomy":"product_cat","embeddable":true,"href":"https:\/\/pizbube.ch\/en\/wp-json\/wp\/v2\/product_cat?post=150086"},{"taxonomy":"product_tag","embeddable":true,"href":"https:\/\/pizbube.ch\/en\/wp-json\/wp\/v2\/product_tag?post=150086"}],"curies":[{"name":"wp","href":"https:\/\/api.w.org\/{rel}","templated":true}]}}