{"id":150088,"date":"2021-01-15T11:01:32","date_gmt":"2021-01-15T11:01:32","guid":{"rendered":"https:\/\/codengine3.ch\/?product=import-placeholder-for-205188"},"modified":"2021-01-15T14:39:21","modified_gmt":"2021-01-15T14:39:21","slug":"mythos-lawine-eine-kulturgeschichte","status":"publish","type":"product","link":"https:\/\/pizbube.ch\/en\/shop\/mythos-lawine-eine-kulturgeschichte\/","title":{"rendered":"Mythos Lawine &#8211; Eine Kulturgeschichte"},"content":{"rendered":"<p>Die stete Bedrohung durch elementare Naturgewalten wie Lawinen, Muren und<br \/>\n\u00dcberschwemmungen hat seit jeher das Leben im alpinen Raum gepr\u00e4gt. Der Respekt<br \/>\nvor der Macht der Natur und die vielf\u00e4ltigen Bem\u00fchungen, sich davor zu<br \/>\nsch\u00fctzen &#8211; durch technische Vorrichtungen ebenso wie durch Beschw\u00f6rungen,<br \/>\nGebete und Wallfahrten &#8211; sind in der Kultur der Alpen fest verankert.<br \/>\nHans Haid legt nun die erste umfassende Kulturgeschichte des Ph\u00e4nomens Lawine<br \/>\nvor. In einem historischen \u00dcberblick schildert er die gro\u00dfen<br \/>\nLawinenkatastrophen der Alpen vom 17. bis ins 21. Jahrhundert. Zugleich<br \/>\nverfolgt er auch die Spuren, \u00fcber die die Lawine als Bild und als Metapher in<br \/>\ndie bildende Kunst, die Literatur und die Musik Eingang gefunden hat, und die<br \/>\nBedeutung der Lawine als Motiv in der alpinen Sagenwelt.<br \/>\nZahlreiche authentische Quellenzitate und historische wie aktuelle Fotografien<br \/>\nund Bildreproduktionen von Lawinenkatastrophen machen die historischen<br \/>\nEreignisse und die Sagen und Mythen rund um die &#8218;wei\u00dfe Hexe&#8216; greifbar.  <\/p>","protected":false},"excerpt":{"rendered":"<p>Die stete Bedrohung durch elementare Naturgewalten wie Lawinen, Muren und \u00dcberschwemmungen hat seit jeher das Leben im alpinen Raum gepr\u00e4gt. Der Respekt vor der Macht der Natur und die vielf\u00e4ltigen Bem\u00fchungen, sich davor zu sch\u00fctzen &#8211; durch technische Vorrichtungen ebenso wie durch Beschw\u00f6rungen, Gebete und Wallfahrten &#8211; sind in der Kultur der Alpen fest verankert. [&#8230;]\n","protected":false},"featured_media":33819,"template":"","meta":[],"product_brand":[],"product_cat":[21542],"product_tag":[],"class_list":{"0":"post-150088","1":"product","2":"type-product","3":"status-publish","4":"has-post-thumbnail","6":"product_cat-sachbuecher-dokumentationen","7":"pa_autor-haid","8":"pa_erscheinungsjahr-21591","9":"pa_region-oesterreich","10":"pa_sprache-de","12":"first","13":"instock","14":"taxable","15":"shipping-taxable","16":"purchasable","17":"product-type-simple"},"_links":{"self":[{"href":"https:\/\/pizbube.ch\/en\/wp-json\/wp\/v2\/product\/150088","targetHints":{"allow":["GET"]}}],"collection":[{"href":"https:\/\/pizbube.ch\/en\/wp-json\/wp\/v2\/product"}],"about":[{"href":"https:\/\/pizbube.ch\/en\/wp-json\/wp\/v2\/types\/product"}],"wp:featuredmedia":[{"embeddable":true,"href":"https:\/\/pizbube.ch\/en\/wp-json\/wp\/v2\/media\/33819"}],"wp:attachment":[{"href":"https:\/\/pizbube.ch\/en\/wp-json\/wp\/v2\/media?parent=150088"}],"wp:term":[{"taxonomy":"product_brand","embeddable":true,"href":"https:\/\/pizbube.ch\/en\/wp-json\/wp\/v2\/product_brand?post=150088"},{"taxonomy":"product_cat","embeddable":true,"href":"https:\/\/pizbube.ch\/en\/wp-json\/wp\/v2\/product_cat?post=150088"},{"taxonomy":"product_tag","embeddable":true,"href":"https:\/\/pizbube.ch\/en\/wp-json\/wp\/v2\/product_tag?post=150088"}],"curies":[{"name":"wp","href":"https:\/\/api.w.org\/{rel}","templated":true}]}}