{"id":150089,"date":"2021-01-15T11:01:32","date_gmt":"2021-01-15T11:01:32","guid":{"rendered":"https:\/\/codengine3.ch\/?product=import-placeholder-for-203446"},"modified":"2021-01-15T14:23:23","modified_gmt":"2021-01-15T14:23:23","slug":"lawinenunfaelle-in-den-schweizer-alpen-winter-2003-04","status":"publish","type":"product","link":"https:\/\/pizbube.ch\/en\/shop\/lawinenunfaelle-in-den-schweizer-alpen-winter-2003-04\/","title":{"rendered":"Lawinenunf\u00e4lle in den Schweizer Alpen Winter 2003\/ 04"},"content":{"rendered":"<p>Im vorliegenden Bericht werden 21 Lawinenunf\u00e4lle beschrieben, und es wurde<br \/>\nversucht, auf typische Probleme und Unfallabl\u00e4ufe hinzuweisen. Beschrieben<br \/>\nsind alle Personenunf\u00e4lle mit t\u00f6dlichen Folgen sowie einige Lawinen mit<br \/>\nerfassten Personen und glimpflichem Ausgang. Zus\u00e4tzlich wird auch auf eine<br \/>\nLawinen mit Sachsch\u00e4den genauer eingegangen. Die beschriebenen Unf\u00e4lle werden<br \/>\nmit farbigen Hangneigungskarten und vielen Bildern veranschaulicht.<br \/>\nNeben den ausgew\u00e4hlten Beispielen sind alle Unf\u00e4lle in verschiedenen Tabelle<br \/>\nerfasst. Auch viele interessante langj\u00e4hrige Statistiken &#8211; beispielsweise \u00fcber<br \/>\nHangneigungen, Expositionen, Versch\u00fcttungsfolgen, Auffindemittel und vieles<br \/>\nmehr &#8211; sind im Unfallbericht enthalten.<br \/>\n105 Seiten, 20 farbige Kartenausschnitte (Hangneigung hinterlegt), 45 farbige<br \/>\nBilder und viele Grafiken und Schneeprofile.<\/p>","protected":false},"excerpt":{"rendered":"<p>Im vorliegenden Bericht werden 21 Lawinenunf\u00e4lle beschrieben, und es wurde versucht, auf typische Probleme und Unfallabl\u00e4ufe hinzuweisen. Beschrieben sind alle Personenunf\u00e4lle mit t\u00f6dlichen Folgen sowie einige Lawinen mit erfassten Personen und glimpflichem Ausgang. Zus\u00e4tzlich wird auch auf eine Lawinen mit Sachsch\u00e4den genauer eingegangen. Die beschriebenen Unf\u00e4lle werden mit farbigen Hangneigungskarten und vielen Bildern veranschaulicht. Neben [&#8230;]\n","protected":false},"featured_media":31057,"template":"","meta":[],"product_brand":[],"product_cat":[21542],"product_tag":[],"class_list":{"0":"post-150089","1":"product","2":"type-product","3":"status-publish","4":"has-post-thumbnail","6":"product_cat-sachbuecher-dokumentationen","7":"pa_autor-zweifel","8":"pa_erscheinungsjahr-21776","9":"pa_region-alpin-winter","10":"pa_sprache-de","12":"first","13":"instock","14":"taxable","15":"shipping-taxable","16":"purchasable","17":"product-type-simple"},"_links":{"self":[{"href":"https:\/\/pizbube.ch\/en\/wp-json\/wp\/v2\/product\/150089","targetHints":{"allow":["GET"]}}],"collection":[{"href":"https:\/\/pizbube.ch\/en\/wp-json\/wp\/v2\/product"}],"about":[{"href":"https:\/\/pizbube.ch\/en\/wp-json\/wp\/v2\/types\/product"}],"wp:featuredmedia":[{"embeddable":true,"href":"https:\/\/pizbube.ch\/en\/wp-json\/wp\/v2\/media\/31057"}],"wp:attachment":[{"href":"https:\/\/pizbube.ch\/en\/wp-json\/wp\/v2\/media?parent=150089"}],"wp:term":[{"taxonomy":"product_brand","embeddable":true,"href":"https:\/\/pizbube.ch\/en\/wp-json\/wp\/v2\/product_brand?post=150089"},{"taxonomy":"product_cat","embeddable":true,"href":"https:\/\/pizbube.ch\/en\/wp-json\/wp\/v2\/product_cat?post=150089"},{"taxonomy":"product_tag","embeddable":true,"href":"https:\/\/pizbube.ch\/en\/wp-json\/wp\/v2\/product_tag?post=150089"}],"curies":[{"name":"wp","href":"https:\/\/api.w.org\/{rel}","templated":true}]}}