{"id":150090,"date":"2021-01-15T11:01:32","date_gmt":"2021-01-15T11:01:32","guid":{"rendered":"https:\/\/codengine3.ch\/?product=import-placeholder-for-202494"},"modified":"2021-01-15T12:36:47","modified_gmt":"2021-01-15T12:36:47","slug":"die-weisse-gefahr","status":"publish","type":"product","link":"https:\/\/pizbube.ch\/en\/shop\/die-weisse-gefahr\/","title":{"rendered":"Die weisse Gefahr"},"content":{"rendered":"<p>Schnee und Lawinen: Erfahrungen, Mechanismen, Risikomanegement, Faktorencheck,<br \/>\nsnowcard. In Wort und Bild lassen die Autoren die Leser an ihrer langj\u00e4hrigen<br \/>\nErfahrung teilhaben und f\u00fchrt sie so zur eigenen Beobachtung im Gel\u00e4nde.<br \/>\nLawinenlehrbuch im Bildbandformat. Mit zahlreichen Erlebnisberichten,<br \/>\nFallbeispielen und Bildfolgen<\/p>","protected":false},"excerpt":{"rendered":"<p>Schnee und Lawinen: Erfahrungen, Mechanismen, Risikomanegement, Faktorencheck, snowcard. In Wort und Bild lassen die Autoren die Leser an ihrer langj\u00e4hrigen Erfahrung teilhaben und f\u00fchrt sie so zur eigenen Beobachtung im Gel\u00e4nde. Lawinenlehrbuch im Bildbandformat. Mit zahlreichen Erlebnisberichten, Fallbeispielen und Bildfolgen<\/p>","protected":false},"featured_media":29888,"template":"","meta":[],"product_brand":[],"product_cat":[21538],"product_tag":[],"class_list":{"0":"post-150090","1":"product","2":"type-product","3":"status-publish","4":"has-post-thumbnail","6":"product_cat-lehrbuecher","7":"pa_autor-engler-mersch","8":"pa_erscheinungsjahr-22242","9":"pa_region-alpin-winter","10":"pa_sprache-de","12":"first","13":"instock","14":"taxable","15":"shipping-taxable","16":"purchasable","17":"product-type-simple"},"_links":{"self":[{"href":"https:\/\/pizbube.ch\/en\/wp-json\/wp\/v2\/product\/150090","targetHints":{"allow":["GET"]}}],"collection":[{"href":"https:\/\/pizbube.ch\/en\/wp-json\/wp\/v2\/product"}],"about":[{"href":"https:\/\/pizbube.ch\/en\/wp-json\/wp\/v2\/types\/product"}],"wp:featuredmedia":[{"embeddable":true,"href":"https:\/\/pizbube.ch\/en\/wp-json\/wp\/v2\/media\/29888"}],"wp:attachment":[{"href":"https:\/\/pizbube.ch\/en\/wp-json\/wp\/v2\/media?parent=150090"}],"wp:term":[{"taxonomy":"product_brand","embeddable":true,"href":"https:\/\/pizbube.ch\/en\/wp-json\/wp\/v2\/product_brand?post=150090"},{"taxonomy":"product_cat","embeddable":true,"href":"https:\/\/pizbube.ch\/en\/wp-json\/wp\/v2\/product_cat?post=150090"},{"taxonomy":"product_tag","embeddable":true,"href":"https:\/\/pizbube.ch\/en\/wp-json\/wp\/v2\/product_tag?post=150090"}],"curies":[{"name":"wp","href":"https:\/\/api.w.org\/{rel}","templated":true}]}}