{"id":150092,"date":"2021-01-15T11:01:32","date_gmt":"2021-01-15T11:01:32","guid":{"rendered":"https:\/\/codengine3.ch\/?product=import-placeholder-for-203448"},"modified":"2021-01-15T14:23:23","modified_gmt":"2021-01-15T14:23:23","slug":"tecnicas-de-montana-manual-practico-para-monitores-y-guias","status":"publish","type":"product","link":"https:\/\/pizbube.ch\/en\/shop\/tecnicas-de-montana-manual-practico-para-monitores-y-guias\/","title":{"rendered":"T\u00e9cnicas de monta\u00f1a. Manual pr\u00e1ctico para monitores y gu\u00edas"},"content":{"rendered":"<p>Pete Hill y Stuart Johnston re\u00fanen en este complet\u00edsimo manual todas las<br \/>\nt\u00e9cnicas que se utilizan en monta\u00f1a, en todas las circunstancias y<br \/>\ncondiciones. Como monitores de alto nivel han tenido oportunidad, por un lado,<br \/>\nde experimentar repetidamente todas las t\u00e9cnicas que nos describen, y por<br \/>\notro, de proponerlas desde un punto de vista pedag\u00f3gico.<\/p>","protected":false},"excerpt":{"rendered":"<p>Pete Hill y Stuart Johnston re\u00fanen en este complet\u00edsimo manual todas las t\u00e9cnicas que se utilizan en monta\u00f1a, en todas las circunstancias y condiciones. Como monitores de alto nivel han tenido oportunidad, por un lado, de experimentar repetidamente todas las t\u00e9cnicas que nos describen, y por otro, de proponerlas desde un punto de vista pedag\u00f3gico.<\/p>","protected":false},"featured_media":31059,"template":"","meta":[],"product_brand":[],"product_cat":[21538],"product_tag":[],"class_list":{"0":"post-150092","1":"product","2":"type-product","3":"status-publish","4":"has-post-thumbnail","6":"product_cat-lehrbuecher","7":"pa_autor-hill","8":"pa_erscheinungsjahr-22144","9":"pa_region-alpin-sommer","10":"pa_sprache-sp","12":"first","13":"instock","14":"taxable","15":"shipping-taxable","16":"purchasable","17":"product-type-simple"},"_links":{"self":[{"href":"https:\/\/pizbube.ch\/en\/wp-json\/wp\/v2\/product\/150092","targetHints":{"allow":["GET"]}}],"collection":[{"href":"https:\/\/pizbube.ch\/en\/wp-json\/wp\/v2\/product"}],"about":[{"href":"https:\/\/pizbube.ch\/en\/wp-json\/wp\/v2\/types\/product"}],"wp:featuredmedia":[{"embeddable":true,"href":"https:\/\/pizbube.ch\/en\/wp-json\/wp\/v2\/media\/31059"}],"wp:attachment":[{"href":"https:\/\/pizbube.ch\/en\/wp-json\/wp\/v2\/media?parent=150092"}],"wp:term":[{"taxonomy":"product_brand","embeddable":true,"href":"https:\/\/pizbube.ch\/en\/wp-json\/wp\/v2\/product_brand?post=150092"},{"taxonomy":"product_cat","embeddable":true,"href":"https:\/\/pizbube.ch\/en\/wp-json\/wp\/v2\/product_cat?post=150092"},{"taxonomy":"product_tag","embeddable":true,"href":"https:\/\/pizbube.ch\/en\/wp-json\/wp\/v2\/product_tag?post=150092"}],"curies":[{"name":"wp","href":"https:\/\/api.w.org\/{rel}","templated":true}]}}