{"id":150097,"date":"2021-01-15T11:01:32","date_gmt":"2021-01-15T11:01:32","guid":{"rendered":"https:\/\/codengine3.ch\/?product=import-placeholder-for-201895"},"modified":"2021-01-15T12:31:40","modified_gmt":"2021-01-15T12:31:40","slug":"sicherheit-und-risiko-in-fels-und-eis-band-2","status":"publish","type":"product","link":"https:\/\/pizbube.ch\/en\/shop\/sicherheit-und-risiko-in-fels-und-eis-band-2\/","title":{"rendered":"Sicherheit und Risiko in Fels und Eis, Band 2"},"content":{"rendered":"<p>\nSeit Erscheinen des ersten Bandes wurden wieder viele au\u00dfergew\u00f6hnliche Unf\u00e4lle<br \/>\nbekannt, von einer Exotik, die man sich auch mit noch so viel Phantasie nicht<br \/>\neinfallen lassen k\u00f6nnte. Diese Unf\u00e4lle dr\u00e4ngen f\u00f6rmlich nach einer<br \/>\nVer\u00f6ffentlichung, um andere vor einem gleichen Unfall zu warnen.<br \/>\nDie oft tragischen, manchmal aber auch heiteren Erlebnisse und Ergebnisse aus<br \/>\nder alpinen Unfall- und Sicherheitsforschung hat Schubert in diesem reich<br \/>\nillustrierten Buch zusammengefasst. Mit diesem Buch ist ein ungemein spannend<br \/>\nzu lesendes wie auch lehrreiches Kompendium aus dem reichen Erfahrungsschatz<br \/>\ndes Sicherheitskreises entstanden: eines der wichtigsten Werke auf dem alpinen<br \/>\nB\u00fcchermarkt, die in keiner Bergsteigerbibliothek fehlen sollte.  <\/p>\n<p>Der Umfang des ersten Bandes war aus verschiedenen Gr\u00fcnden limitiert. So<br \/>\nkommen einige Themen &#8211; wie z.B. die Kapitel \u00fcber Eisausr\u00fcstung sowie \u00fcber<br \/>\nKlettersteige &#8211; erst im vorliegenden Band ausf\u00fchrlich zur Sprache &#8211; zus\u00e4tzlich<br \/>\nden Themen Wandern, Hochtouren und Klettern, die wie im ersten auch im zweiten<br \/>\nBand einen hohen Stellenwert haben. Au\u00dferdem konnten in der Zwischenzeit<br \/>\nweitere Forschungsergebnisse gewonnen werden, die nun ebenfalls den<br \/>\nBergsteigern, Fels- und Eiskletterern zug\u00e4nglich gemacht werden.  <\/p>\n<p>4., \u00fcberarbeitete Auflg. 2018  <\/p>","protected":false},"excerpt":{"rendered":"<ul>\n<li><a href=\"https:\/\/pizbube.ch\/wp-content\/uploads\/attachments\/a_016\/6411BBD7E3DFA3DF5CFC97FD28D1396D.pdf\" target=\"_blank\" rel=\"noopener\">PDF: sicherheit und risiko 2_leseprobe<\/a><\/li>\n<\/ul>","protected":false},"featured_media":40810,"template":"","meta":[],"product_brand":[],"product_cat":[21542],"product_tag":[],"class_list":{"0":"post-150097","1":"product","2":"type-product","3":"status-publish","4":"has-post-thumbnail","6":"product_cat-sachbuecher-dokumentationen","7":"pa_autor-schubert","8":"pa_erscheinungsjahr-21546","9":"pa_region-alpin-sommer","10":"pa_sprache-de","12":"first","13":"instock","14":"taxable","15":"shipping-taxable","16":"purchasable","17":"product-type-simple"},"_links":{"self":[{"href":"https:\/\/pizbube.ch\/en\/wp-json\/wp\/v2\/product\/150097","targetHints":{"allow":["GET"]}}],"collection":[{"href":"https:\/\/pizbube.ch\/en\/wp-json\/wp\/v2\/product"}],"about":[{"href":"https:\/\/pizbube.ch\/en\/wp-json\/wp\/v2\/types\/product"}],"wp:featuredmedia":[{"embeddable":true,"href":"https:\/\/pizbube.ch\/en\/wp-json\/wp\/v2\/media\/40810"}],"wp:attachment":[{"href":"https:\/\/pizbube.ch\/en\/wp-json\/wp\/v2\/media?parent=150097"}],"wp:term":[{"taxonomy":"product_brand","embeddable":true,"href":"https:\/\/pizbube.ch\/en\/wp-json\/wp\/v2\/product_brand?post=150097"},{"taxonomy":"product_cat","embeddable":true,"href":"https:\/\/pizbube.ch\/en\/wp-json\/wp\/v2\/product_cat?post=150097"},{"taxonomy":"product_tag","embeddable":true,"href":"https:\/\/pizbube.ch\/en\/wp-json\/wp\/v2\/product_tag?post=150097"}],"curies":[{"name":"wp","href":"https:\/\/api.w.org\/{rel}","templated":true}]}}