{"id":150098,"date":"2021-01-15T11:01:32","date_gmt":"2021-01-15T11:01:32","guid":{"rendered":"https:\/\/codengine3.ch\/?product=import-placeholder-for-204360"},"modified":"2021-01-15T14:32:23","modified_gmt":"2021-01-15T14:32:23","slug":"sicherheit-und-risiko-in-fels-und-eis-band-3","status":"publish","type":"product","link":"https:\/\/pizbube.ch\/en\/shop\/sicherheit-und-risiko-in-fels-und-eis-band-3\/","title":{"rendered":"Sicherheit und Risiko in Fels und Eis Band 3"},"content":{"rendered":"<p>\nJetzt ist er da: der lang erwartete dritte Band von Pit Schuberts Klassiker-<br \/>\nReihe `Sicherheit und Risiko in Fels und Eis`. Die Lekt\u00fcre der ersten beiden<br \/>\nB\u00e4nde hat sicher schon viele Bergsteiger und Kletterer vor fatalen Fehlern<br \/>\nbewahrt, f\u00fcr die andere zuvor mit ihrer Gesundheit oder gar mit dem Leben<br \/>\nbezahlen mussten. Dass die beiden ersten B\u00e4nde bereits in mehreren Auflagen<br \/>\ngedruckt und in mehrere Sprachen \u00fcbersetzt wurden, zeigt welche Informations-<br \/>\nund Wissensl\u00fccke Pit Schubert zu schlie\u00dfen vermochte.  <\/p>\n<p>Alles ist m\u00f6glich- aber auch wirklich alles. Der neue Band 3 enth\u00e4lt wieder<br \/>\nUnf\u00e4lle und kuriose Begebenheiten, die einem nicht einmal im Traum einfallen<br \/>\nk\u00f6nnten. Nur das Leben, die Praxis, kann dergleichen hervorbringen. Das Kredo<br \/>\nSchuberts: Wenn die Unf\u00e4lle nun schon mal passiert sind, m\u00fcssen sie sich ja<br \/>\nnicht unbedingt auch noch wiederholen; wenn also Unf\u00e4lle bekannt gemacht<br \/>\nwerden, k\u00f6nnen andere daraus lernen, und weitere Unf\u00e4lle der gleichen Art<br \/>\nvermieden werden.<\/p>\n<p>Anderl Heckmair sagte einmal ein kluges Wort: `Fehler macht jeder&#8211; die Dummen<br \/>\nwiederholen die Fehler.` Dies hei\u00dft nichts anderes, als dass die Menschheit<br \/>\ndumm w\u00e4re, w\u00fcrde sie nicht aus den Fehlern anderer lernen. Schlie\u00dflich ist die<br \/>\nviel gepriesene Erfahrung am Berg nichts anderes als die Erkenntnis- nicht<br \/>\nselten eine bittere- es nicht so, sondern anders machen zu m\u00fcssen.<br \/>\nMit dem neuen Band 3 ist wieder ein ungemein spannend zu lesendes wie auch<br \/>\nlehrreiches Kompendium aus dem Erfahrungsschatz der Unfallforschung<br \/>\nentstanden. Dar\u00fcber hinaus enth\u00e4lt der neue Band auch ein umfangreiches<br \/>\nKapitel \u00fcber Unf\u00e4lle, die vor Gericht gelandet sind. So erf\u00e4hrt der Leser, wie<br \/>\ntypische F\u00e4lle- in die er hoffentlich nie verwickelt wird &#8211; juristisch enden<br \/>\nk\u00f6nnen.<\/p>\n<p>Die Ausr\u00fcstung kommt dieses Mal nicht zu kurz. Der daran Interessierte- und<br \/>\nwelcher Bergsteiger und Kletterer m\u00f6chte nicht wissen, was sein Seil, die<br \/>\nKarabiner, die Steigeisen usw. halten- erf\u00e4hrt das Wichtigste in komprimierter<br \/>\nForm. Der Leser braucht keine schwerverst\u00e4ndlichen Normentexte studieren. Er<br \/>\nfindet alle Materialpr\u00fcfungen bildlich und somit leichtverst\u00e4ndlich<br \/>\ndargestellt.  <\/p>\n<p>224 Seiten mit 343 Farbabbildungen und 80 Skizzen; 3. Auflg. 2013  <\/p>","protected":false},"excerpt":{"rendered":"<ul>\n<li><a href=\"https:\/\/pizbube.ch\/wp-content\/uploads\/attachments\/a_016\/63FA3B3DDA48D529B841055958E5685C.pdf\" target=\"_blank\" rel=\"noopener\">PDF: sicherheit und risiko 3_leseprobe<\/a><\/li>\n<\/ul>","protected":false},"featured_media":32202,"template":"","meta":[],"product_brand":[],"product_cat":[21542],"product_tag":[],"class_list":{"0":"post-150098","1":"product","2":"type-product","3":"status-publish","4":"has-post-thumbnail","6":"product_cat-sachbuecher-dokumentationen","7":"pa_autor-schubert","8":"pa_erscheinungsjahr-21568","9":"pa_region-alpin-sommer","10":"pa_sprache-de","12":"first","13":"instock","14":"taxable","15":"shipping-taxable","16":"purchasable","17":"product-type-simple"},"_links":{"self":[{"href":"https:\/\/pizbube.ch\/en\/wp-json\/wp\/v2\/product\/150098","targetHints":{"allow":["GET"]}}],"collection":[{"href":"https:\/\/pizbube.ch\/en\/wp-json\/wp\/v2\/product"}],"about":[{"href":"https:\/\/pizbube.ch\/en\/wp-json\/wp\/v2\/types\/product"}],"wp:featuredmedia":[{"embeddable":true,"href":"https:\/\/pizbube.ch\/en\/wp-json\/wp\/v2\/media\/32202"}],"wp:attachment":[{"href":"https:\/\/pizbube.ch\/en\/wp-json\/wp\/v2\/media?parent=150098"}],"wp:term":[{"taxonomy":"product_brand","embeddable":true,"href":"https:\/\/pizbube.ch\/en\/wp-json\/wp\/v2\/product_brand?post=150098"},{"taxonomy":"product_cat","embeddable":true,"href":"https:\/\/pizbube.ch\/en\/wp-json\/wp\/v2\/product_cat?post=150098"},{"taxonomy":"product_tag","embeddable":true,"href":"https:\/\/pizbube.ch\/en\/wp-json\/wp\/v2\/product_tag?post=150098"}],"curies":[{"name":"wp","href":"https:\/\/api.w.org\/{rel}","templated":true}]}}