{"id":150099,"date":"2021-01-15T11:01:32","date_gmt":"2021-01-15T11:01:32","guid":{"rendered":"https:\/\/codengine3.ch\/?product=import-placeholder-for-202919"},"modified":"2021-01-15T12:52:27","modified_gmt":"2021-01-15T12:52:27","slug":"zero-accident","status":"publish","type":"product","link":"https:\/\/pizbube.ch\/en\/shop\/zero-accident\/","title":{"rendered":"Zero Accident"},"content":{"rendered":"<p>Qualit\u00e4tsstandards f\u00fcr Erlebnisorientierte Wirtschaftstrainings. Outdoor<br \/>\ntrainings, checklisten f\u00fcr Outdoor trainings, Sicherheit im outdoor training,<br \/>\nKonstruktion von rope courses und Seilg\u00e4rten, Fallanalysen. 23 Abb.<\/p>","protected":false},"excerpt":{"rendered":"<p>Qualit\u00e4tsstandards f\u00fcr Erlebnisorientierte Wirtschaftstrainings. Outdoor trainings, checklisten f\u00fcr Outdoor trainings, Sicherheit im outdoor training, Konstruktion von rope courses und Seilg\u00e4rten, Fallanalysen. 23 Abb.<\/p>","protected":false},"featured_media":45070,"template":"","meta":[],"product_brand":[],"product_cat":[21538],"product_tag":[],"class_list":{"0":"post-150099","1":"product","2":"type-product","3":"status-publish","4":"has-post-thumbnail","6":"product_cat-lehrbuecher","7":"pa_autor-siebert","8":"pa_erscheinungsjahr-22292","9":"pa_region-orientierung-wetter-ausbildung","10":"pa_sprache-de","12":"first","13":"instock","14":"taxable","15":"shipping-taxable","16":"purchasable","17":"product-type-simple"},"_links":{"self":[{"href":"https:\/\/pizbube.ch\/en\/wp-json\/wp\/v2\/product\/150099","targetHints":{"allow":["GET"]}}],"collection":[{"href":"https:\/\/pizbube.ch\/en\/wp-json\/wp\/v2\/product"}],"about":[{"href":"https:\/\/pizbube.ch\/en\/wp-json\/wp\/v2\/types\/product"}],"wp:featuredmedia":[{"embeddable":true,"href":"https:\/\/pizbube.ch\/en\/wp-json\/wp\/v2\/media\/45070"}],"wp:attachment":[{"href":"https:\/\/pizbube.ch\/en\/wp-json\/wp\/v2\/media?parent=150099"}],"wp:term":[{"taxonomy":"product_brand","embeddable":true,"href":"https:\/\/pizbube.ch\/en\/wp-json\/wp\/v2\/product_brand?post=150099"},{"taxonomy":"product_cat","embeddable":true,"href":"https:\/\/pizbube.ch\/en\/wp-json\/wp\/v2\/product_cat?post=150099"},{"taxonomy":"product_tag","embeddable":true,"href":"https:\/\/pizbube.ch\/en\/wp-json\/wp\/v2\/product_tag?post=150099"}],"curies":[{"name":"wp","href":"https:\/\/api.w.org\/{rel}","templated":true}]}}