{"id":150101,"date":"2021-01-15T11:01:33","date_gmt":"2021-01-15T11:01:33","guid":{"rendered":"https:\/\/codengine3.ch\/?product=import-placeholder-for-207990"},"modified":"2024-06-11T14:03:42","modified_gmt":"2024-06-11T12:03:42","slug":"die-berge-sind-stumme-meister-sie-brachten-schon-manchen-zum-schweigen","status":"publish","type":"product","link":"https:\/\/pizbube.ch\/en\/shop\/die-berge-sind-stumme-meister-sie-brachten-schon-manchen-zum-schweigen\/","title":{"rendered":"Die Berge sind stumme Meister, sie brachten schon manchen zum Schweigen"},"content":{"rendered":"<p>Hansruedi Naef hat eine Sammlung tragischer Bergunf\u00e4lle zusammengetragen und<br \/>\nwill damit zum Nachdenken und &#171;nicht-Vergessen&#187; anregen.<br \/>\nAuf \u00fcber 96 Seiten werden 39 Begebenheiten erz\u00e4hlt, vom Spaltensturz in die<br \/>\nheimt\u00fcckischen &#171;Weber-Spalte&#187; am Buuch bei der Bernina \u00fcber W\u00e4chtenabbr\u00fcche<br \/>\nam Piz Pal\u00fc und am Dom bis zum Abseilunfall im Alpstein.<\/p>\n<p>Spaltenst\u00fcrze, abbrechende Wechten, Steinschlag, t\u00f6dliche Abseilfehler: 39<br \/>\nBergunf\u00e4lle hat der ehemalige Bergf\u00fchrer Hansruedi N\u00e4f im vorliegenden Buch<br \/>\ngesammelt. Was es bedeutet, am Berg zu Schaden zu kommen, weiss der Autor aus<br \/>\neigener schmerzvoller Erfahrung: 1981 rutschte er an der Fergens\u00fcdwand auf<br \/>\neiner F\u00fchrungstour aus. Seither ist er querschnittgel\u00e4hmt. In seinen spannend,<br \/>\naber nie reisserisch erz\u00e4hlten Geschichten wirft er denn auch immer wieder die<br \/>\nFrage nach dem Warum auf, verzichtet aber auf Urteile. Ziel des Buches sei es,<br \/>\nden Verstorbenen eine w\u00fcrdige, sachliche Darstellung ihrer Schicksale zu<br \/>\nwidmen, schreibt er im Vorwort \u2013 mit seiner lakonischen, nie ins Dramatische<br \/>\nkippenden Erz\u00e4hlweise ist ihm das gelungen.<\/p>\n<p>Neuauflage 2015 mit 8 weiteren Beitr\u00e4gen und um 30 Seiten erweitert.<\/p>","protected":false},"excerpt":{"rendered":"<p>Hansruedi Naef hat eine Sammlung tragischer Bergunf\u00e4lle zusammengetragen und will damit zum Nachdenken und &#171;nicht-Vergessen&#187; anregen. Auf \u00fcber 96 Seiten werden 39 Begebenheiten erz\u00e4hlt, vom Spaltensturz in die heimt\u00fcckischen &#171;Weber-Spalte&#187; am Buuch bei der Bernina \u00fcber W\u00e4chtenabbr\u00fcche am Piz Pal\u00fc und am Dom bis zum Abseilunfall im Alpstein. Spaltenst\u00fcrze, abbrechende Wechten, Steinschlag, t\u00f6dliche Abseilfehler: 39 [&#8230;]\n","protected":false},"featured_media":128555,"template":"","meta":[],"product_brand":[],"product_cat":[21629],"product_tag":[],"class_list":{"0":"post-150101","1":"product","2":"type-product","3":"status-publish","4":"has-post-thumbnail","6":"product_cat-belletristik","7":"pa_autor-naef","8":"pa_erscheinungsjahr-21597","9":"pa_region-schweiz","10":"pa_sprache-de","12":"first","13":"outofstock","14":"taxable","15":"shipping-taxable","16":"purchasable","17":"product-type-simple"},"_links":{"self":[{"href":"https:\/\/pizbube.ch\/en\/wp-json\/wp\/v2\/product\/150101","targetHints":{"allow":["GET"]}}],"collection":[{"href":"https:\/\/pizbube.ch\/en\/wp-json\/wp\/v2\/product"}],"about":[{"href":"https:\/\/pizbube.ch\/en\/wp-json\/wp\/v2\/types\/product"}],"wp:featuredmedia":[{"embeddable":true,"href":"https:\/\/pizbube.ch\/en\/wp-json\/wp\/v2\/media\/128555"}],"wp:attachment":[{"href":"https:\/\/pizbube.ch\/en\/wp-json\/wp\/v2\/media?parent=150101"}],"wp:term":[{"taxonomy":"product_brand","embeddable":true,"href":"https:\/\/pizbube.ch\/en\/wp-json\/wp\/v2\/product_brand?post=150101"},{"taxonomy":"product_cat","embeddable":true,"href":"https:\/\/pizbube.ch\/en\/wp-json\/wp\/v2\/product_cat?post=150101"},{"taxonomy":"product_tag","embeddable":true,"href":"https:\/\/pizbube.ch\/en\/wp-json\/wp\/v2\/product_tag?post=150101"}],"curies":[{"name":"wp","href":"https:\/\/api.w.org\/{rel}","templated":true}]}}