{"id":150103,"date":"2021-01-15T11:01:38","date_gmt":"2021-01-15T11:01:38","guid":{"rendered":"https:\/\/codengine3.ch\/?product=import-placeholder-for-205695"},"modified":"2021-01-15T14:43:13","modified_gmt":"2021-01-15T14:43:13","slug":"kletteranleitung-faltblatt","status":"publish","type":"product","link":"https:\/\/pizbube.ch\/en\/shop\/kletteranleitung-faltblatt\/","title":{"rendered":"Kletteranleitung (Faltblatt)"},"content":{"rendered":"<p>Kennen Sie die kleinen Unsicherheiten, die einen manchmal beim Klettern<br \/>\nbefallen? Die Autoren haben ein reich bebildertes Faltblatt entwickelt, das<br \/>\ndie wichtigsten Punkte f\u00fcr sicheres Klettern aufgreift und doch so klein und<br \/>\nhandlich ist, dass man es sogar mit in die Kletterroute nehmen kann. Das<br \/>\nPlastiketui bietet den n\u00f6tigen Schutz f\u00fcr dauerhaften Gebrauch.  <\/p>\n<p>F\u00fcr Plaisirkletterer und Plaisirkletterinnen, denen die Routine noch ein<br \/>\nbisschen fehlt oder f\u00fcr Kletterschulen, Bergf\u00fchrer und Alpenvereine als<br \/>\nUnterrichtsmaterial.  <\/p>\n<p>Vorbereitung, Sichern, Vorsteigen, F\u00e4deln; Mehrseill\u00e4ngen, Abseilen, St\u00fcrzen,<br \/>\nGlossar.<br \/>\nLeporello in Plastikh\u00fclle, doppelseitig bedruckt, 2 x 9 Seiten, gefaltet 21 x<br \/>\n10,5 cm.  <\/p>","protected":false},"excerpt":{"rendered":"<p>Kennen Sie die kleinen Unsicherheiten, die einen manchmal beim Klettern befallen? Die Autoren haben ein reich bebildertes Faltblatt entwickelt, das die wichtigsten Punkte f\u00fcr sicheres Klettern aufgreift und doch so klein und handlich ist, dass man es sogar mit in die Kletterroute nehmen kann. Das Plastiketui bietet den n\u00f6tigen Schutz f\u00fcr dauerhaften Gebrauch. F\u00fcr Plaisirkletterer [&#8230;]\n","protected":false},"featured_media":34503,"template":"","meta":[],"product_brand":[],"product_cat":[21538],"product_tag":[],"class_list":{"0":"post-150103","1":"product","2":"type-product","3":"status-publish","4":"has-post-thumbnail","6":"product_cat-lehrbuecher","7":"pa_autor-gnaedinger-willi","8":"pa_erscheinungsjahr-21693","9":"pa_region-klettertechnik","10":"pa_sprache-de","12":"first","13":"instock","14":"taxable","15":"shipping-taxable","16":"purchasable","17":"product-type-simple"},"_links":{"self":[{"href":"https:\/\/pizbube.ch\/en\/wp-json\/wp\/v2\/product\/150103","targetHints":{"allow":["GET"]}}],"collection":[{"href":"https:\/\/pizbube.ch\/en\/wp-json\/wp\/v2\/product"}],"about":[{"href":"https:\/\/pizbube.ch\/en\/wp-json\/wp\/v2\/types\/product"}],"wp:featuredmedia":[{"embeddable":true,"href":"https:\/\/pizbube.ch\/en\/wp-json\/wp\/v2\/media\/34503"}],"wp:attachment":[{"href":"https:\/\/pizbube.ch\/en\/wp-json\/wp\/v2\/media?parent=150103"}],"wp:term":[{"taxonomy":"product_brand","embeddable":true,"href":"https:\/\/pizbube.ch\/en\/wp-json\/wp\/v2\/product_brand?post=150103"},{"taxonomy":"product_cat","embeddable":true,"href":"https:\/\/pizbube.ch\/en\/wp-json\/wp\/v2\/product_cat?post=150103"},{"taxonomy":"product_tag","embeddable":true,"href":"https:\/\/pizbube.ch\/en\/wp-json\/wp\/v2\/product_tag?post=150103"}],"curies":[{"name":"wp","href":"https:\/\/api.w.org\/{rel}","templated":true}]}}