{"id":150104,"date":"2021-01-15T11:01:38","date_gmt":"2021-01-15T11:01:38","guid":{"rendered":"https:\/\/codengine3.ch\/?product=import-placeholder-for-201711"},"modified":"2021-01-15T12:03:57","modified_gmt":"2021-01-15T12:03:57","slug":"die-anwendung-des-seiles-in-fels-und-eis","status":"publish","type":"product","link":"https:\/\/pizbube.ch\/en\/shop\/die-anwendung-des-seiles-in-fels-und-eis\/","title":{"rendered":"Die Anwendung des Seiles in Fels und Eis"},"content":{"rendered":"<p>Informativer und umfassender Kurzlehrgang \u00fcber den Seilgebrauch (mit<br \/>\n\u00fcbersichtlichen Skizzen). Neu bearbeitete Auflage. Perfekte Seilbedienung<br \/>\ngeh\u00f6rt zum Einmaleins der Kletterkunst und ist die unverzichtbare<br \/>\nVoraussetzung f\u00fcr jeden verantwortungsbewu\u00dften Kletterer; denn nach wie vor<br \/>\nsind laut der alpinen Unfallstatistik rund 80 Prozent aller Unf\u00e4lle auf<br \/>\nmenschliches Versagen zur\u00fcckzuf\u00fchren.<br \/>\nDas hier vorliegende, g\u00e4nzlich neu bearbeitete Werk versucht dazu beizutragen,<br \/>\ndiese Zahl auf ein ertr\u00e4gliches Ma\u00df zu reduzieren. Es vermittelt eine<br \/>\nentsprechend gr\u00fcndliche Kenntnis aller M\u00f6glichkeiten bei der Anwendung des<br \/>\nSeiles: Zur Sicherung, zum Abseilen, als Kletterhilfe, zur Spaltenbergung und<br \/>\nKameradenrettung. Selbstverst\u00e4ndlich werden auch die gebr\u00e4uchlichen Knoten in<br \/>\nWort und Bild anschaulich dargestellt.<br \/>\nEine umfassende Seilkunde fehlt ebensowenig wie eine \u00dcbersicht der wichtigsten<br \/>\nalpintechnischen Ausr\u00fcstungsgegenst\u00e4nde, die der Kletterer und Eisgeher sonst<br \/>\nnoch ben\u00f6tigt (Klemmkeile, Eispickel usw.).<\/p>","protected":false},"excerpt":{"rendered":"<p>Informativer und umfassender Kurzlehrgang \u00fcber den Seilgebrauch (mit \u00fcbersichtlichen Skizzen). Neu bearbeitete Auflage. Perfekte Seilbedienung geh\u00f6rt zum Einmaleins der Kletterkunst und ist die unverzichtbare Voraussetzung f\u00fcr jeden verantwortungsbewu\u00dften Kletterer; denn nach wie vor sind laut der alpinen Unfallstatistik rund 80 Prozent aller Unf\u00e4lle auf menschliches Versagen zur\u00fcckzuf\u00fchren. Das hier vorliegende, g\u00e4nzlich neu bearbeitete Werk versucht [&#8230;]\n","protected":false},"featured_media":29094,"template":"","meta":[],"product_brand":[],"product_cat":[21538],"product_tag":[],"class_list":{"0":"post-150104","1":"product","2":"type-product","3":"status-publish","4":"has-post-thumbnail","6":"product_cat-lehrbuecher","7":"pa_autor-schubert","8":"pa_erscheinungsjahr-22060","9":"pa_region-alpin-sommer","10":"pa_sprache-de","12":"first","13":"outofstock","14":"taxable","15":"shipping-taxable","16":"purchasable","17":"product-type-simple"},"_links":{"self":[{"href":"https:\/\/pizbube.ch\/en\/wp-json\/wp\/v2\/product\/150104","targetHints":{"allow":["GET"]}}],"collection":[{"href":"https:\/\/pizbube.ch\/en\/wp-json\/wp\/v2\/product"}],"about":[{"href":"https:\/\/pizbube.ch\/en\/wp-json\/wp\/v2\/types\/product"}],"wp:featuredmedia":[{"embeddable":true,"href":"https:\/\/pizbube.ch\/en\/wp-json\/wp\/v2\/media\/29094"}],"wp:attachment":[{"href":"https:\/\/pizbube.ch\/en\/wp-json\/wp\/v2\/media?parent=150104"}],"wp:term":[{"taxonomy":"product_brand","embeddable":true,"href":"https:\/\/pizbube.ch\/en\/wp-json\/wp\/v2\/product_brand?post=150104"},{"taxonomy":"product_cat","embeddable":true,"href":"https:\/\/pizbube.ch\/en\/wp-json\/wp\/v2\/product_cat?post=150104"},{"taxonomy":"product_tag","embeddable":true,"href":"https:\/\/pizbube.ch\/en\/wp-json\/wp\/v2\/product_tag?post=150104"}],"curies":[{"name":"wp","href":"https:\/\/api.w.org\/{rel}","templated":true}]}}