{"id":150105,"date":"2021-01-15T11:01:38","date_gmt":"2021-01-15T11:01:38","guid":{"rendered":"https:\/\/codengine3.ch\/?product=import-placeholder-for-207747"},"modified":"2023-04-29T10:44:01","modified_gmt":"2023-04-29T08:44:01","slug":"seiltechnik","status":"publish","type":"product","link":"https:\/\/pizbube.ch\/en\/shop\/seiltechnik\/","title":{"rendered":"seiltechnik"},"content":{"rendered":"<p>Mit der \u201eSeiltechnik\u201c hat der Alpenverein als Herausgeber ein Standardwerk<br \/>\ngeschaffen, das als Lehrschrift f\u00fcr den kompetenten Einsatz des Seiles in<br \/>\nallen Bergsportbereichen gilt. Die regelm\u00e4\u00dfige \u00dcberarbeitung im<br \/>\nZweijahresrhythmus garantiert Aktualit\u00e4t und Qualit\u00e4t.<\/p>\n<p>Kompakter Text, pr\u00e4zise Illustrationen, logische Struktur und Reduktion auf<br \/>\ndas Wesentliche &#8211; Qualit\u00e4tsmerkmale, die auch in dieser Auflage konsequent<br \/>\nweiterentwickelt wurden.<\/p>\n<p>\u201eDas Thema Seiltechnik ist permanent in Bewegung. Jede Neuauflage stellt uns<br \/>\nvor eine spannende Aufgabe: akribisch \u00fcberpr\u00fcfen wir Lehrmeinungen, beleuchten<br \/>\nund hinterfragen Neues, das wir erst in der Praxis ausprobieren, bevor wir sie<br \/>\nweitergeben\u201c &#8211; so die Autoren in der Einleitung. Die Tatsache, dass die<br \/>\n\u201eSeiltechnik\u201c nun bereits in der achten Auflage erscheint, ist der<br \/>\neindr\u00fccklichste Beleg f\u00fcr den Erfolg dieser Alpenvereins-Lehrschrift.<\/p>\n<p>Das besondere Anliegen von Michael Larcher und Heinz Zak: Den aktuellen Stand<br \/>\nder \u00d6AV-Lehrmeinung in Sachen Knoten, Anseilen, Sicherungstechnik, Abseilen,<br \/>\nRettungstechnik abzubilden und modernen Entwicklungen im Kletter- und<br \/>\nBergsport Rechnung zu tragen.<\/p>\n<p><strong>SONDERPREIS 8. \u00fcberarbeitete Auflage 2019: CHF 12.00 STATT 25.50<\/strong><br \/>\n160 Seiten; durchgehend mit Zeichnungen illustriert; 16.5 cm x 11.5 cm<\/p>","protected":false},"excerpt":{"rendered":"<p>Mit der \u201eSeiltechnik\u201c hat der Alpenverein als Herausgeber ein Standardwerk geschaffen, das als Lehrschrift f\u00fcr den kompetenten Einsatz des Seiles in allen Bergsportbereichen gilt. Die regelm\u00e4\u00dfige \u00dcberarbeitung im Zweijahresrhythmus garantiert Aktualit\u00e4t und Qualit\u00e4t. Kompakter Text, pr\u00e4zise Illustrationen, logische Struktur und Reduktion auf das Wesentliche &#8211; Qualit\u00e4tsmerkmale, die auch in dieser Auflage konsequent weiterentwickelt wurden. \u201eDas [&#8230;]\n","protected":false},"featured_media":160566,"template":"","meta":[],"product_brand":[],"product_cat":[21538],"product_tag":[],"class_list":{"0":"post-150105","1":"product","2":"type-product","3":"status-publish","4":"has-post-thumbnail","6":"product_cat-lehrbuecher","7":"pa_autor-larcher-zak","8":"pa_erscheinungsjahr-21586","9":"pa_region-klettertechnik","10":"pa_sprache-de","12":"first","13":"instock","14":"sale","15":"taxable","16":"shipping-taxable","17":"purchasable","18":"product-type-simple"},"_links":{"self":[{"href":"https:\/\/pizbube.ch\/en\/wp-json\/wp\/v2\/product\/150105","targetHints":{"allow":["GET"]}}],"collection":[{"href":"https:\/\/pizbube.ch\/en\/wp-json\/wp\/v2\/product"}],"about":[{"href":"https:\/\/pizbube.ch\/en\/wp-json\/wp\/v2\/types\/product"}],"wp:featuredmedia":[{"embeddable":true,"href":"https:\/\/pizbube.ch\/en\/wp-json\/wp\/v2\/media\/160566"}],"wp:attachment":[{"href":"https:\/\/pizbube.ch\/en\/wp-json\/wp\/v2\/media?parent=150105"}],"wp:term":[{"taxonomy":"product_brand","embeddable":true,"href":"https:\/\/pizbube.ch\/en\/wp-json\/wp\/v2\/product_brand?post=150105"},{"taxonomy":"product_cat","embeddable":true,"href":"https:\/\/pizbube.ch\/en\/wp-json\/wp\/v2\/product_cat?post=150105"},{"taxonomy":"product_tag","embeddable":true,"href":"https:\/\/pizbube.ch\/en\/wp-json\/wp\/v2\/product_tag?post=150105"}],"curies":[{"name":"wp","href":"https:\/\/api.w.org\/{rel}","templated":true}]}}