{"id":150109,"date":"2021-01-15T11:01:38","date_gmt":"2021-01-15T11:01:38","guid":{"rendered":"https:\/\/codengine3.ch\/?product=import-placeholder-for-200876"},"modified":"2021-04-29T09:30:10","modified_gmt":"2021-04-29T07:30:10","slug":"mineralien-und-gesteine","status":"publish","type":"product","link":"https:\/\/pizbube.ch\/en\/shop\/mineralien-und-gesteine\/","title":{"rendered":"Steine und Mineralien"},"content":{"rendered":"<p>Bestimmen von Mineralien und Gesteinen, Merkmale, Vorkommen und Verwendung.<\/p>\n<p>Sie sind fasziniert von der Welt der Steine? Dann brauchen Sie dieses Bestimmungsbuch. Das Besondere daran: Alle Objekte sind in Originalgr\u00f6\u00dfe abgebildet. Ein weiteres Plus ist die Vielzahl der Gesteine, die kein anderer popul\u00e4rer F\u00fchrer so vollst\u00e4ndig pr\u00e4sentiert.<br \/>\n&#8211; Mit diesem gro\u00dfen, besonders \u00fcbersichtlichen Standardwerk gelingt Ihnen das Bestimmen leicht und zweifelsfrei.<br \/>\n&#8211; In brillanten Fotos sehen Sie \u00fcber 600 Einzelst\u00fccke in Originalgr\u00f6\u00dfe: Mineralien, Erze, Edelsteine, Gesteine und Meteorite.<br \/>\n&#8211; Zudem gibt es Fakten zur Steine- und Mineralienkunde sowie Experten-Rat f\u00fcr das Anlegen einer Sammlung.<\/p>\n<p>\u00dcber 3000 Mineralienarten mit vielen Variationen gibt es und jedes Jahr werden<br \/>\nneue entdeckt. Aber nur wenige davon sind weltweit verbreitet oder von<br \/>\nbesonderer Bedeutung. Diese hat Walter Schumann in seinem Buch Mineralien .<br \/>\nGesteine -Merkmal, Vorkommen und Verwendung beschrieben. Mit den hier<br \/>\ndargestellten 100 Mineralien und 50 Gesteinen erh\u00e4lt man einen umfassenden<br \/>\nEinblick in die Welt der Steine. 140 brillante Farbfotos vermitteln ein<br \/>\nnaturgetreues Bild der verschiedenen geologischen Sch\u00f6nheiten.<\/p>\n<p>Den Fotos sind klare, \u00fcbersichtliche und detaillierte Beschreibungen<br \/>\ngegen\u00fcbergestellt. Auf der Randleiste stehen die Mineralkasse bzw. die<br \/>\nHauptgesteinsgruppe, der Name und die chemische Formel und Fotos verwandter<br \/>\nFormen sowie geschliffener Edelsteine. Zus\u00e4tzlich liefern Grafiken erg\u00e4nzende<br \/>\nInformationen zu Kristallformen und Gesteinsgef\u00fcge. Mineralien . Gesteine ist<br \/>\nein fundierter, gut ausgestatteter und zuverl\u00e4ssiger Naturf\u00fchrer &#8211; f\u00fcr Sammler<br \/>\nwie Einsteiger in das Themengebiet gleicherma\u00dfen ideal f\u00fcr unterwegs.<\/p>\n<p><span class=\"product--pages\">400 Seiten , 11 Fotos <\/span><br \/>\n<span class=\"product--abmessungen\"> 12.5 x 19.6 cm,<br \/>\nPappband <\/span><\/p>","protected":false},"excerpt":{"rendered":"<p>Bestimmen von Mineralien und Gesteinen, Merkmale, Vorkommen und Verwendung. Sie sind fasziniert von der Welt der Steine? Dann brauchen Sie dieses Bestimmungsbuch. Das Besondere daran: Alle Objekte sind in Originalgr\u00f6\u00dfe abgebildet. Ein weiteres Plus ist die Vielzahl der Gesteine, die kein anderer popul\u00e4rer F\u00fchrer so vollst\u00e4ndig pr\u00e4sentiert. &#8211; Mit diesem gro\u00dfen, besonders \u00fcbersichtlichen Standardwerk gelingt [&#8230;]\n","protected":false},"featured_media":157091,"template":"","meta":[],"product_brand":[],"product_cat":[21538],"product_tag":[],"class_list":{"0":"post-150109","1":"product","2":"type-product","3":"status-publish","4":"has-post-thumbnail","6":"product_cat-lehrbuecher","7":"pa_autor-schumann","8":"pa_erscheinungsjahr-21586","9":"pa_region-fauna-flora-geologie-glaziologie","10":"pa_sprache-de","12":"first","13":"instock","14":"taxable","15":"shipping-taxable","16":"purchasable","17":"product-type-simple"},"_links":{"self":[{"href":"https:\/\/pizbube.ch\/en\/wp-json\/wp\/v2\/product\/150109","targetHints":{"allow":["GET"]}}],"collection":[{"href":"https:\/\/pizbube.ch\/en\/wp-json\/wp\/v2\/product"}],"about":[{"href":"https:\/\/pizbube.ch\/en\/wp-json\/wp\/v2\/types\/product"}],"wp:featuredmedia":[{"embeddable":true,"href":"https:\/\/pizbube.ch\/en\/wp-json\/wp\/v2\/media\/157091"}],"wp:attachment":[{"href":"https:\/\/pizbube.ch\/en\/wp-json\/wp\/v2\/media?parent=150109"}],"wp:term":[{"taxonomy":"product_brand","embeddable":true,"href":"https:\/\/pizbube.ch\/en\/wp-json\/wp\/v2\/product_brand?post=150109"},{"taxonomy":"product_cat","embeddable":true,"href":"https:\/\/pizbube.ch\/en\/wp-json\/wp\/v2\/product_cat?post=150109"},{"taxonomy":"product_tag","embeddable":true,"href":"https:\/\/pizbube.ch\/en\/wp-json\/wp\/v2\/product_tag?post=150109"}],"curies":[{"name":"wp","href":"https:\/\/api.w.org\/{rel}","templated":true}]}}