{"id":150110,"date":"2021-01-15T11:01:38","date_gmt":"2021-01-15T11:01:38","guid":{"rendered":"https:\/\/codengine3.ch\/?product=import-placeholder-for-203122"},"modified":"2021-03-30T10:11:28","modified_gmt":"2021-03-30T08:11:28","slug":"geologische-erscheinungen-entdecken-und-verstehen","status":"publish","type":"product","link":"https:\/\/pizbube.ch\/en\/shop\/geologische-erscheinungen-entdecken-und-verstehen\/","title":{"rendered":"Geologische Erscheinungen entdecken und verstehen"},"content":{"rendered":"<p>Dieser praktische Ratgeber f\u00fcr unterwegs stellt die wichtigsten geologischen<br \/>\nThemen allgemeinverst\u00e4ndlich und f\u00fcr jedermann nachvollziehbar dar.<br \/>\nHobbygeologen finden zudem grundlegende Hinweise und Tipps f\u00fcr ihre ersten<br \/>\nExkursionen. Komplett farbig, zahlreiche Fotos, Abbildungen und Grafiken,<br \/>\nFadenheftung, Griffmarken, Register,<br \/>\nca. 160 S.<\/p>","protected":false},"excerpt":{"rendered":"<p>Dieser praktische Ratgeber f\u00fcr unterwegs stellt die wichtigsten geologischen Themen allgemeinverst\u00e4ndlich und f\u00fcr jedermann nachvollziehbar dar. Hobbygeologen finden zudem grundlegende Hinweise und Tipps f\u00fcr ihre ersten Exkursionen. Komplett farbig, zahlreiche Fotos, Abbildungen und Grafiken, Fadenheftung, Griffmarken, Register, ca. 160 S.<\/p>","protected":false},"featured_media":30654,"template":"","meta":[],"product_brand":[],"product_cat":[21538],"product_tag":[],"class_list":{"0":"post-150110","1":"product","2":"type-product","3":"status-publish","4":"has-post-thumbnail","6":"product_cat-lehrbuecher","7":"pa_autor-edelmann","8":"pa_erscheinungsjahr-22292","9":"pa_region-fauna-flora-geologie-glaziologie","10":"pa_sprache-de","12":"first","13":"outofstock","14":"taxable","15":"shipping-taxable","16":"purchasable","17":"product-type-simple"},"_links":{"self":[{"href":"https:\/\/pizbube.ch\/en\/wp-json\/wp\/v2\/product\/150110","targetHints":{"allow":["GET"]}}],"collection":[{"href":"https:\/\/pizbube.ch\/en\/wp-json\/wp\/v2\/product"}],"about":[{"href":"https:\/\/pizbube.ch\/en\/wp-json\/wp\/v2\/types\/product"}],"wp:featuredmedia":[{"embeddable":true,"href":"https:\/\/pizbube.ch\/en\/wp-json\/wp\/v2\/media\/30654"}],"wp:attachment":[{"href":"https:\/\/pizbube.ch\/en\/wp-json\/wp\/v2\/media?parent=150110"}],"wp:term":[{"taxonomy":"product_brand","embeddable":true,"href":"https:\/\/pizbube.ch\/en\/wp-json\/wp\/v2\/product_brand?post=150110"},{"taxonomy":"product_cat","embeddable":true,"href":"https:\/\/pizbube.ch\/en\/wp-json\/wp\/v2\/product_cat?post=150110"},{"taxonomy":"product_tag","embeddable":true,"href":"https:\/\/pizbube.ch\/en\/wp-json\/wp\/v2\/product_tag?post=150110"}],"curies":[{"name":"wp","href":"https:\/\/api.w.org\/{rel}","templated":true}]}}