{"id":150111,"date":"2021-01-15T11:01:38","date_gmt":"2021-01-15T11:01:38","guid":{"rendered":"https:\/\/codengine3.ch\/?product=import-placeholder-for-204992"},"modified":"2025-01-10T09:08:55","modified_gmt":"2025-01-10T08:08:55","slug":"steinkunde-kompakt","status":"publish","type":"product","link":"https:\/\/pizbube.ch\/en\/shop\/steinkunde-kompakt\/","title":{"rendered":"Steinkunde kompakt"},"content":{"rendered":"<p>Dieses umfassende Unterrichtswerk erkl\u00e4rt die Naturwelt Mineralogie, Geologie<br \/>\nund Natursteine in verst\u00e4ndlicher und faszinierender Weise. Das<br \/>\nUnterrichtswerk ist so aufgebaut, dass es didaktisch auch zum Selbststudium<br \/>\neingesetzt werden kann.<\/p>\n<p>Die Themen Mineralogie, Petrografie, Geologie, Natursteinverarbeitung und<br \/>\nNatursteine der Schweiz werden anhand von zahlreichen Grafiken, Bildern und<br \/>\nTabellen leicht zug\u00e4nglich erkl\u00e4rt.<\/p>\n<p>Das informative und leicht verst\u00e4ndliche Basiswerk \u00fcber Mineralogie,<br \/>\nPetrografie, Geologie und Natursteinverarbeitung &#8211; f\u00fcr die<br \/>\nnatursteinverarbeitende Branche, Mittelschulen und Fachhochschulen.<\/p>\n<p>124 Seiten, 27,6 x 30,4 cm<br \/>\ngebunden, Hardcover<br \/>\n\u00dcber 500 farbige Bilder und Tabellen<\/p>","protected":false},"excerpt":{"rendered":"<p>Dieses umfassende Unterrichtswerk erkl\u00e4rt die Naturwelt Mineralogie, Geologie und Natursteine in verst\u00e4ndlicher und faszinierender Weise. Das Unterrichtswerk ist so aufgebaut, dass es didaktisch auch zum Selbststudium eingesetzt werden kann. Die Themen Mineralogie, Petrografie, Geologie, Natursteinverarbeitung und Natursteine der Schweiz werden anhand von zahlreichen Grafiken, Bildern und Tabellen leicht zug\u00e4nglich erkl\u00e4rt. Das informative und leicht verst\u00e4ndliche [&#8230;]\n","protected":false},"featured_media":178025,"template":"","meta":[],"product_brand":[],"product_cat":[21542],"product_tag":[],"class_list":{"0":"post-150111","1":"product","2":"type-product","3":"status-publish","4":"has-post-thumbnail","6":"product_cat-sachbuecher-dokumentationen","7":"pa_autor-mojon","8":"pa_erscheinungsjahr-21763","9":"pa_region-fauna-flora-geologie-glaziologie","10":"pa_sprache-de","12":"first","13":"instock","14":"taxable","15":"shipping-taxable","16":"purchasable","17":"product-type-simple"},"_links":{"self":[{"href":"https:\/\/pizbube.ch\/en\/wp-json\/wp\/v2\/product\/150111","targetHints":{"allow":["GET"]}}],"collection":[{"href":"https:\/\/pizbube.ch\/en\/wp-json\/wp\/v2\/product"}],"about":[{"href":"https:\/\/pizbube.ch\/en\/wp-json\/wp\/v2\/types\/product"}],"wp:featuredmedia":[{"embeddable":true,"href":"https:\/\/pizbube.ch\/en\/wp-json\/wp\/v2\/media\/178025"}],"wp:attachment":[{"href":"https:\/\/pizbube.ch\/en\/wp-json\/wp\/v2\/media?parent=150111"}],"wp:term":[{"taxonomy":"product_brand","embeddable":true,"href":"https:\/\/pizbube.ch\/en\/wp-json\/wp\/v2\/product_brand?post=150111"},{"taxonomy":"product_cat","embeddable":true,"href":"https:\/\/pizbube.ch\/en\/wp-json\/wp\/v2\/product_cat?post=150111"},{"taxonomy":"product_tag","embeddable":true,"href":"https:\/\/pizbube.ch\/en\/wp-json\/wp\/v2\/product_tag?post=150111"}],"curies":[{"name":"wp","href":"https:\/\/api.w.org\/{rel}","templated":true}]}}