{"id":150112,"date":"2021-01-15T11:01:38","date_gmt":"2021-01-15T11:01:38","guid":{"rendered":"https:\/\/codengine3.ch\/?product=import-placeholder-for-205356"},"modified":"2025-02-21T11:51:45","modified_gmt":"2025-02-21T10:51:45","slug":"aus-dem-strahlerleben","status":"publish","type":"product","link":"https:\/\/pizbube.ch\/en\/shop\/aus-dem-strahlerleben\/","title":{"rendered":"Aus dem Strahlerleben"},"content":{"rendered":"<p>Geschichten aus dem Leben des Berufsstrahlers Xaver Gnos<br \/>\nAufgezeichnet von Xaver Gnos, bearbeitet und erg\u00e4nzt von Edwin Gnos<br \/>\nmit einem Vorwort von Professor Hans-Anton Stadler<\/p>\n<p>Im stolzen Alter von 73 Jahren hat sich der Berufsstrahler Xaver Gnos einen<br \/>\nlang gehegten Wunsch erf\u00fcllt und ein Buch \u00fcber seine Erlebnisse als Strahler<br \/>\ngeschrieben.<\/p>\n<p>Vor mehr als 50 Jahren hat der Autor beschlossen, Strahler zu seinem Beruf zu<br \/>\nmachen. Dies war ein mutiger Entschluss, denn f\u00fcr lange Zeit sollte er im<br \/>\nKanton Uri &#8211; ja sogar in der Schweiz &#8211; der Einzige sein, der das Suchen und<br \/>\nAusbeuten von Mineralien in den Alpen hauptberuflich aus\u00fcbte.<\/p>\n<p>B\u00fccher \u00fcber Mineralien gibt es viele; \u00fcber die Strahler selbst und deren<br \/>\nT\u00e4tigkeit ist die Literatur hingegen sehr d\u00fcnn ges\u00e4t. Dies hat Xaver Gnos dazu<br \/>\nbewogen, selbst zur Feder zu greifen.<\/p>\n<p>160 Farb- und Schwarzweiss-Aufnahmen, aus Familienalben und<br \/>\nviele einmalige Mineralienaufnahmen. (23 x 16 cm) Hardcover.<\/p>","protected":false},"excerpt":{"rendered":"<p>Geschichten aus dem Leben des Berufsstrahlers Xaver Gnos Aufgezeichnet von Xaver Gnos, bearbeitet und erg\u00e4nzt von Edwin Gnos mit einem Vorwort von Professor Hans-Anton Stadler Im stolzen Alter von 73 Jahren hat sich der Berufsstrahler Xaver Gnos einen lang gehegten Wunsch erf\u00fcllt und ein Buch \u00fcber seine Erlebnisse als Strahler geschrieben. Vor mehr als 50 [&#8230;]\n","protected":false},"featured_media":34033,"template":"","meta":[],"product_brand":[],"product_cat":[21542],"product_tag":[],"class_list":{"0":"post-150112","1":"product","2":"type-product","3":"status-publish","4":"has-post-thumbnail","6":"product_cat-sachbuecher-dokumentationen","7":"pa_autor-gnos","8":"pa_erscheinungsjahr-21920","9":"pa_region-schweiz","10":"pa_sprache-de","12":"first","13":"instock","14":"taxable","15":"shipping-taxable","16":"purchasable","17":"product-type-simple"},"_links":{"self":[{"href":"https:\/\/pizbube.ch\/en\/wp-json\/wp\/v2\/product\/150112","targetHints":{"allow":["GET"]}}],"collection":[{"href":"https:\/\/pizbube.ch\/en\/wp-json\/wp\/v2\/product"}],"about":[{"href":"https:\/\/pizbube.ch\/en\/wp-json\/wp\/v2\/types\/product"}],"wp:featuredmedia":[{"embeddable":true,"href":"https:\/\/pizbube.ch\/en\/wp-json\/wp\/v2\/media\/34033"}],"wp:attachment":[{"href":"https:\/\/pizbube.ch\/en\/wp-json\/wp\/v2\/media?parent=150112"}],"wp:term":[{"taxonomy":"product_brand","embeddable":true,"href":"https:\/\/pizbube.ch\/en\/wp-json\/wp\/v2\/product_brand?post=150112"},{"taxonomy":"product_cat","embeddable":true,"href":"https:\/\/pizbube.ch\/en\/wp-json\/wp\/v2\/product_cat?post=150112"},{"taxonomy":"product_tag","embeddable":true,"href":"https:\/\/pizbube.ch\/en\/wp-json\/wp\/v2\/product_tag?post=150112"}],"curies":[{"name":"wp","href":"https:\/\/api.w.org\/{rel}","templated":true}]}}