{"id":150115,"date":"2021-01-15T11:01:38","date_gmt":"2021-01-15T11:01:38","guid":{"rendered":"https:\/\/codengine3.ch\/?product=import-placeholder-for-208820"},"modified":"2022-10-12T11:53:21","modified_gmt":"2022-10-12T09:53:21","slug":"gesteine-einfach-bestimmen","status":"publish","type":"product","link":"https:\/\/pizbube.ch\/en\/shop\/gesteine-einfach-bestimmen\/","title":{"rendered":"Gesteine einfach bestimmen"},"content":{"rendered":"<p>Der Bestimmungsschl\u00fcssel<\/p>\n<p>Der neue systematische Bestimmungsschl\u00fcssel: die Gesteine der Erde sicher<br \/>\nbestimmen.<\/p>\n<p>Dieser neue systematische Gesteinsbestimmungsschl\u00fcssel erm\u00f6glicht auch<br \/>\ninteressierten Laien die korrekte Gesteinsbestimmung weltweit. Ben\u00f6tigt werden<br \/>\ndazu nur Lupe, Stahlklinge, ein bisschen \u00dcbung und Ausdauer \u2013 und dieses Buch.<br \/>\nW\u00e4hrend sich zahlreiche Gesteine mit dem Schl\u00fcssel problemlos eindeutig<br \/>\nbestimmen lassen, weist der Autor in schwierigen F\u00e4llen auf<br \/>\nVerwechslungsm\u00f6glichkeiten hin.<\/p>\n<p>Eine leicht verst\u00e4ndliche Einf\u00fchrung vermittelt die notwendigen elementaren<br \/>\nVorkenntnisse und Fachbegriffe und f\u00fchrt in die Eigenschaften der Gesteine<br \/>\nein.<br \/>\n2. Auflage 2022<br \/>\n144 Seiten, 460 Fotos, 75 Grafiken\/Illustrationen, 5 Tabellen<\/p>","protected":false},"excerpt":{"rendered":"<p>Der Bestimmungsschl\u00fcssel Der neue systematische Bestimmungsschl\u00fcssel: die Gesteine der Erde sicher bestimmen. Dieser neue systematische Gesteinsbestimmungsschl\u00fcssel erm\u00f6glicht auch interessierten Laien die korrekte Gesteinsbestimmung weltweit. Ben\u00f6tigt werden dazu nur Lupe, Stahlklinge, ein bisschen \u00dcbung und Ausdauer \u2013 und dieses Buch. W\u00e4hrend sich zahlreiche Gesteine mit dem Schl\u00fcssel problemlos eindeutig bestimmen lassen, weist der Autor in schwierigen [&#8230;]\n","protected":false},"featured_media":41436,"template":"","meta":[],"product_brand":[],"product_cat":[21538],"product_tag":[],"class_list":{"0":"post-150115","1":"product","2":"type-product","3":"status-publish","4":"has-post-thumbnail","6":"product_cat-lehrbuecher","7":"pa_autor-meyer","8":"pa_erscheinungsjahr-27013","9":"pa_region-fauna-flora-geologie-glaziologie","10":"pa_sprache-de","12":"first","13":"instock","14":"taxable","15":"shipping-taxable","16":"purchasable","17":"product-type-simple"},"_links":{"self":[{"href":"https:\/\/pizbube.ch\/en\/wp-json\/wp\/v2\/product\/150115","targetHints":{"allow":["GET"]}}],"collection":[{"href":"https:\/\/pizbube.ch\/en\/wp-json\/wp\/v2\/product"}],"about":[{"href":"https:\/\/pizbube.ch\/en\/wp-json\/wp\/v2\/types\/product"}],"wp:featuredmedia":[{"embeddable":true,"href":"https:\/\/pizbube.ch\/en\/wp-json\/wp\/v2\/media\/41436"}],"wp:attachment":[{"href":"https:\/\/pizbube.ch\/en\/wp-json\/wp\/v2\/media?parent=150115"}],"wp:term":[{"taxonomy":"product_brand","embeddable":true,"href":"https:\/\/pizbube.ch\/en\/wp-json\/wp\/v2\/product_brand?post=150115"},{"taxonomy":"product_cat","embeddable":true,"href":"https:\/\/pizbube.ch\/en\/wp-json\/wp\/v2\/product_cat?post=150115"},{"taxonomy":"product_tag","embeddable":true,"href":"https:\/\/pizbube.ch\/en\/wp-json\/wp\/v2\/product_tag?post=150115"}],"curies":[{"name":"wp","href":"https:\/\/api.w.org\/{rel}","templated":true}]}}