{"id":150116,"date":"2021-01-15T11:01:38","date_gmt":"2021-01-15T11:01:38","guid":{"rendered":"https:\/\/codengine3.ch\/?product=import-placeholder-for-203127"},"modified":"2021-01-15T12:54:22","modified_gmt":"2021-01-15T12:54:22","slug":"berg-mensch-wildtiere","status":"publish","type":"product","link":"https:\/\/pizbube.ch\/en\/shop\/berg-mensch-wildtiere\/","title":{"rendered":"Berg Mensch Wildtiere"},"content":{"rendered":"<p>Die Informationsschrift soll das naturkundliche Interesse an der Vielfalt der<br \/>\nheimischen Wildtiere wecken und gleichzeitig zum r\u00fccksichtsvollen Verhalten in<br \/>\nder Natur anregen. Sie informiert prim\u00e4r \u00fcber die Lebensweise der Wildtiere<br \/>\nund kl\u00e4rt \u00fcber die Sondersituation Winter auf.<br \/>\nWir laden Sie ein, in die vielf\u00e4ltigen Geheimnisse der Wildtiere im Winter<br \/>\neinzutauchen, deren Leben n\u00e4her kennenzulernen und zu verstehen.<\/p>","protected":false},"excerpt":{"rendered":"<p>Die Informationsschrift soll das naturkundliche Interesse an der Vielfalt der heimischen Wildtiere wecken und gleichzeitig zum r\u00fccksichtsvollen Verhalten in der Natur anregen. Sie informiert prim\u00e4r \u00fcber die Lebensweise der Wildtiere und kl\u00e4rt \u00fcber die Sondersituation Winter auf. Wir laden Sie ein, in die vielf\u00e4ltigen Geheimnisse der Wildtiere im Winter einzutauchen, deren Leben n\u00e4her kennenzulernen und [&#8230;]\n","protected":false},"featured_media":30660,"template":"","meta":[],"product_brand":[],"product_cat":[21538],"product_tag":[],"class_list":{"0":"post-150116","1":"product","2":"type-product","3":"status-publish","4":"has-post-thumbnail","6":"product_cat-lehrbuecher","7":"pa_autor-huber-pfeifer","8":"pa_erscheinungsjahr-22292","9":"pa_region-fauna-flora-geologie-glaziologie","10":"pa_sprache-de","12":"first","13":"outofstock","14":"taxable","15":"shipping-taxable","16":"purchasable","17":"product-type-simple"},"_links":{"self":[{"href":"https:\/\/pizbube.ch\/en\/wp-json\/wp\/v2\/product\/150116","targetHints":{"allow":["GET"]}}],"collection":[{"href":"https:\/\/pizbube.ch\/en\/wp-json\/wp\/v2\/product"}],"about":[{"href":"https:\/\/pizbube.ch\/en\/wp-json\/wp\/v2\/types\/product"}],"wp:featuredmedia":[{"embeddable":true,"href":"https:\/\/pizbube.ch\/en\/wp-json\/wp\/v2\/media\/30660"}],"wp:attachment":[{"href":"https:\/\/pizbube.ch\/en\/wp-json\/wp\/v2\/media?parent=150116"}],"wp:term":[{"taxonomy":"product_brand","embeddable":true,"href":"https:\/\/pizbube.ch\/en\/wp-json\/wp\/v2\/product_brand?post=150116"},{"taxonomy":"product_cat","embeddable":true,"href":"https:\/\/pizbube.ch\/en\/wp-json\/wp\/v2\/product_cat?post=150116"},{"taxonomy":"product_tag","embeddable":true,"href":"https:\/\/pizbube.ch\/en\/wp-json\/wp\/v2\/product_tag?post=150116"}],"curies":[{"name":"wp","href":"https:\/\/api.w.org\/{rel}","templated":true}]}}