{"id":150119,"date":"2021-01-15T11:01:39","date_gmt":"2021-01-15T11:01:39","guid":{"rendered":"https:\/\/codengine3.ch\/?product=import-placeholder-for-201107"},"modified":"2021-01-15T11:03:36","modified_gmt":"2021-01-15T11:03:36","slug":"geologischer-wanderfuehrer-schweiz-1","status":"publish","type":"product","link":"https:\/\/pizbube.ch\/en\/shop\/geologischer-wanderfuehrer-schweiz-1\/","title":{"rendered":"Geologischer Wanderf\u00fchrer Schweiz 1"},"content":{"rendered":"<p>Teil 1: Geologische Grundlagen:<br \/>\nTeil 1 dieses Werks ist eine allgemeine geologische Einf\u00fchrung, speziell<br \/>\nverfasst f\u00fcr den 2. Teil, den eigentlichen Wanderf\u00fchrer.<br \/>\nDer Entstehung der heutigen Formen und Strukturen wird daher besonderes<br \/>\nGewicht beigemessen, damit dem Ben\u00fctzer die Augen f\u00fcr geologische<br \/>\nErscheinungen ge\u00f6ffnet werden.  <\/p>","protected":false},"excerpt":{"rendered":"<p>Teil 1: Geologische Grundlagen: Teil 1 dieses Werks ist eine allgemeine geologische Einf\u00fchrung, speziell verfasst f\u00fcr den 2. Teil, den eigentlichen Wanderf\u00fchrer. Der Entstehung der heutigen Formen und Strukturen wird daher besonderes Gewicht beigemessen, damit dem Ben\u00fctzer die Augen f\u00fcr geologische Erscheinungen ge\u00f6ffnet werden.<\/p>","protected":false},"featured_media":28269,"template":"","meta":[],"product_brand":[],"product_cat":[21605],"product_tag":[],"class_list":{"0":"post-150119","1":"product","2":"type-product","3":"status-publish","4":"has-post-thumbnail","6":"product_cat-wanderfuehrer-trekking","7":"pa_autor-heierli","8":"pa_erscheinungsjahr-22333","9":"pa_region-schweiz","10":"pa_sprache-de","12":"first","13":"outofstock","14":"taxable","15":"shipping-taxable","16":"purchasable","17":"product-type-simple"},"_links":{"self":[{"href":"https:\/\/pizbube.ch\/en\/wp-json\/wp\/v2\/product\/150119","targetHints":{"allow":["GET"]}}],"collection":[{"href":"https:\/\/pizbube.ch\/en\/wp-json\/wp\/v2\/product"}],"about":[{"href":"https:\/\/pizbube.ch\/en\/wp-json\/wp\/v2\/types\/product"}],"wp:featuredmedia":[{"embeddable":true,"href":"https:\/\/pizbube.ch\/en\/wp-json\/wp\/v2\/media\/28269"}],"wp:attachment":[{"href":"https:\/\/pizbube.ch\/en\/wp-json\/wp\/v2\/media?parent=150119"}],"wp:term":[{"taxonomy":"product_brand","embeddable":true,"href":"https:\/\/pizbube.ch\/en\/wp-json\/wp\/v2\/product_brand?post=150119"},{"taxonomy":"product_cat","embeddable":true,"href":"https:\/\/pizbube.ch\/en\/wp-json\/wp\/v2\/product_cat?post=150119"},{"taxonomy":"product_tag","embeddable":true,"href":"https:\/\/pizbube.ch\/en\/wp-json\/wp\/v2\/product_tag?post=150119"}],"curies":[{"name":"wp","href":"https:\/\/api.w.org\/{rel}","templated":true}]}}