{"id":150120,"date":"2021-01-15T11:01:39","date_gmt":"2021-01-15T11:01:39","guid":{"rendered":"https:\/\/codengine3.ch\/?product=import-placeholder-for-204350"},"modified":"2021-01-15T14:32:15","modified_gmt":"2021-01-15T14:32:15","slug":"geoland-schweiz","status":"publish","type":"product","link":"https:\/\/pizbube.ch\/en\/shop\/geoland-schweiz\/","title":{"rendered":"Geoland Schweiz"},"content":{"rendered":"<p>Landschaften entdecken &#8211; Natur erfahren &#8211; die Schweiz verstehen.<br \/>\nDas Buch legt einen Grundstein f\u00fcr die Motivation, w\u00e4hrend des Reisens tiefer<br \/>\nund durchdringender zu sehen, die ausgetretenen Wege f\u00fcr individuelle<br \/>\nErkundungen zu verlassen und auf Entdeckungsreise zu gehen. Systematisch<br \/>\nwerden in Wort und Bild die einzelnen Regionen und Typen des Landes, ausgehend<br \/>\nvom Grossen zu immer feineren Facetten und Merkmalen, vorgestellt und die zu<br \/>\nbeobachtenden Prozesse und Abl\u00e4ufe zwischen Mensch und Natur erkl\u00e4rt. \u00dcber<br \/>\nRegionen und St\u00e4dte gelangt man zu ausgew\u00e4hlten Landschaften, Typ-Lokalit\u00e4ten<br \/>\nund Finessen. Themen wie Verkehr, Verst\u00e4dterung und Nachhaltigkeit runden das<br \/>\nBild ab und schaffen Platz f\u00fcr gr\u00f6ssere r\u00e4umliche und zeitliche Zusammenh\u00e4nge:<br \/>\ndie Dimensionen, die unter dem geografischen Aspekt eng miteinander<br \/>\nverflochten sind. Immer wieder begegnet man auf der Reise durch die Schweiz<br \/>\nauch interessanten und polarisierenden Pers\u00f6nlichkeiten: Sie schaffen<br \/>\nVerkn\u00fcpfungen, erz\u00e4hlen Geschichten und liefern gerne einmal ein kleines Aha-<br \/>\nErlebnis, wenn man ihnen an anderer Stelle wieder \u00fcber den Weg l\u00e4uft. Der Band<br \/>\nverbindet fundiertes Wissen \u00fcber landschaftliche Besonderheiten mit konkreten<br \/>\nReisetipps und unterscheidet sich darin von konventionellen Reisef\u00fchrern. Er<br \/>\nbietet auch Einheimischen neue Einblicke in ihr Land und erm\u00f6glicht es, die<br \/>\nSchweiz als Natur- und Kulturlandschaft besser kennen zu lernen.  <\/p>","protected":false},"excerpt":{"rendered":"<p>Landschaften entdecken &#8211; Natur erfahren &#8211; die Schweiz verstehen. Das Buch legt einen Grundstein f\u00fcr die Motivation, w\u00e4hrend des Reisens tiefer und durchdringender zu sehen, die ausgetretenen Wege f\u00fcr individuelle Erkundungen zu verlassen und auf Entdeckungsreise zu gehen. Systematisch werden in Wort und Bild die einzelnen Regionen und Typen des Landes, ausgehend vom Grossen zu [&#8230;]\n","protected":false},"featured_media":32190,"template":"","meta":[],"product_brand":[],"product_cat":[21542],"product_tag":[],"class_list":{"0":"post-150120","1":"product","2":"type-product","3":"status-publish","4":"has-post-thumbnail","6":"product_cat-sachbuecher-dokumentationen","7":"pa_autor-szoenyi","8":"pa_erscheinungsjahr-21763","9":"pa_region-schweiz","10":"pa_sprache-de","12":"first","13":"instock","14":"taxable","15":"shipping-taxable","16":"purchasable","17":"product-type-simple"},"_links":{"self":[{"href":"https:\/\/pizbube.ch\/en\/wp-json\/wp\/v2\/product\/150120","targetHints":{"allow":["GET"]}}],"collection":[{"href":"https:\/\/pizbube.ch\/en\/wp-json\/wp\/v2\/product"}],"about":[{"href":"https:\/\/pizbube.ch\/en\/wp-json\/wp\/v2\/types\/product"}],"wp:featuredmedia":[{"embeddable":true,"href":"https:\/\/pizbube.ch\/en\/wp-json\/wp\/v2\/media\/32190"}],"wp:attachment":[{"href":"https:\/\/pizbube.ch\/en\/wp-json\/wp\/v2\/media?parent=150120"}],"wp:term":[{"taxonomy":"product_brand","embeddable":true,"href":"https:\/\/pizbube.ch\/en\/wp-json\/wp\/v2\/product_brand?post=150120"},{"taxonomy":"product_cat","embeddable":true,"href":"https:\/\/pizbube.ch\/en\/wp-json\/wp\/v2\/product_cat?post=150120"},{"taxonomy":"product_tag","embeddable":true,"href":"https:\/\/pizbube.ch\/en\/wp-json\/wp\/v2\/product_tag?post=150120"}],"curies":[{"name":"wp","href":"https:\/\/api.w.org\/{rel}","templated":true}]}}