{"id":150124,"date":"2021-01-15T11:01:39","date_gmt":"2021-01-15T11:01:39","guid":{"rendered":"https:\/\/codengine3.ch\/?product=import-placeholder-for-204995"},"modified":"2021-04-16T12:22:53","modified_gmt":"2021-04-16T10:22:53","slug":"granitland-grimsel","status":"publish","type":"product","link":"https:\/\/pizbube.ch\/en\/shop\/granitland-grimsel\/","title":{"rendered":"Granitland Grimsel"},"content":{"rendered":"<p>Das Grimselgebiet ist eine der sch\u00f6nsten Granitlandschaften der Alpen, mit<br \/>\ngewaltigen Gletschern und Bergen, weltber\u00fchmten Bergkristallvorkommen und<br \/>\nspannungsreichem Gegensatz von gesch\u00fctzter Natur und technikgepr\u00e4gter<br \/>\nKraftwerklandschaft. 2007 wird es Teil des einzigen UNESCO &#8211; Weltnaturerbes<br \/>\nder Alpen. Das Werden dieser Landschaft ist eng mit der Entstehung des<br \/>\nGrimselgranits verkn\u00fcpft. Die Schilderung dieser Geschichte &#8211; vom Eindringen<br \/>\ndes Magmas vor 300 Mio. Jahren \u00fcber die Alpenfaltung bis hin zur Formung der<br \/>\nheutigen Oberfl\u00e4che durch die eiszeitlichen Gletscher &#8211; wird zur leicht<br \/>\nverst\u00e4ndlichen, aber wissenschaftlich korrekten Ann\u00e4herung an das Wesen des<br \/>\nGranits, dieses ber\u00fchmten, in allen grossen Gebirgen der Erde vorkommenden<br \/>\nGesteins.<\/p>","protected":false},"excerpt":{"rendered":"<p>Das Grimselgebiet ist eine der sch\u00f6nsten Granitlandschaften der Alpen, mit gewaltigen Gletschern und Bergen, weltber\u00fchmten Bergkristallvorkommen und spannungsreichem Gegensatz von gesch\u00fctzter Natur und technikgepr\u00e4gter Kraftwerklandschaft. 2007 wird es Teil des einzigen UNESCO &#8211; Weltnaturerbes der Alpen. Das Werden dieser Landschaft ist eng mit der Entstehung des Grimselgranits verkn\u00fcpft. Die Schilderung dieser Geschichte &#8211; vom Eindringen [&#8230;]\n","protected":false},"featured_media":33569,"template":"","meta":[],"product_brand":[],"product_cat":[21542],"product_tag":[],"class_list":{"0":"post-150124","1":"product","2":"type-product","3":"status-publish","4":"has-post-thumbnail","6":"product_cat-sachbuecher-dokumentationen","7":"pa_autor-labhart","8":"pa_erscheinungsjahr-21842","9":"pa_region-fauna-flora-geologie-glaziologie","10":"pa_sprache-de","12":"first","13":"onbackorder","14":"taxable","15":"shipping-taxable","16":"purchasable","17":"product-type-simple"},"_links":{"self":[{"href":"https:\/\/pizbube.ch\/en\/wp-json\/wp\/v2\/product\/150124","targetHints":{"allow":["GET"]}}],"collection":[{"href":"https:\/\/pizbube.ch\/en\/wp-json\/wp\/v2\/product"}],"about":[{"href":"https:\/\/pizbube.ch\/en\/wp-json\/wp\/v2\/types\/product"}],"wp:featuredmedia":[{"embeddable":true,"href":"https:\/\/pizbube.ch\/en\/wp-json\/wp\/v2\/media\/33569"}],"wp:attachment":[{"href":"https:\/\/pizbube.ch\/en\/wp-json\/wp\/v2\/media?parent=150124"}],"wp:term":[{"taxonomy":"product_brand","embeddable":true,"href":"https:\/\/pizbube.ch\/en\/wp-json\/wp\/v2\/product_brand?post=150124"},{"taxonomy":"product_cat","embeddable":true,"href":"https:\/\/pizbube.ch\/en\/wp-json\/wp\/v2\/product_cat?post=150124"},{"taxonomy":"product_tag","embeddable":true,"href":"https:\/\/pizbube.ch\/en\/wp-json\/wp\/v2\/product_tag?post=150124"}],"curies":[{"name":"wp","href":"https:\/\/api.w.org\/{rel}","templated":true}]}}