{"id":150125,"date":"2021-01-15T11:01:39","date_gmt":"2021-01-15T11:01:39","guid":{"rendered":"https:\/\/codengine3.ch\/?product=import-placeholder-for-207220"},"modified":"2025-01-04T13:49:22","modified_gmt":"2025-01-04T12:49:22","slug":"geologie-der-alpen","status":"publish","type":"product","link":"https:\/\/pizbube.ch\/en\/shop\/geologie-der-alpen\/","title":{"rendered":"Geologie der Alpen"},"content":{"rendered":"<p><span class=\"value\">Die Alpen spielen in der Geschichte der Geologie eine zentrale Rolle. In diesem Gebirge k\u00f6nnen die unterschiedlichsten geologischen Ph\u00e4nomene besonders gut beobachtet werden. <\/span><\/p>\n<p><span class=\"value\">Das Buch gibt zuerst den modernen plattentektonischen Rahmen. Anschlie\u00dfend werden die Gesteinsverb\u00e4nde des kristallinen Grundgebirges sowie der pal\u00e4ozoischen, mesozoischen und k\u00e4nozoischen Sedimentabfolgen diskutiert. Die Beschreibung der verschiedenen Gesteinsverb\u00e4nde wird erg\u00e4nzt durch eine Diskussion im pal\u00e4ogeografischen und plattentektonischen Kontext. Der tektonische Bau der Alpen, ausgehend vom Jura bis ins Po-Becken, wird durch eine Vielzahl von Profilschnitten illustriert. <\/span><\/p>\n<p><span class=\"value\">Um die Entwicklung der Alpen zu verstehen, werden auch deren Tiefenstruktur, die metamorphe Geschichte und die kinematische Entwicklung der Deckensysteme ber\u00fccksichtigt. Die zeitliche Entwicklung wird durch orogene Fahrpl\u00e4ne n\u00e4her beschrieben, welche auch die Rolle der j\u00fcngeren Sedimente innerhalb und an den R\u00e4ndern der Alpen beleuchtet. Die j\u00fcngste geologische Geschichte wird schlie\u00dflich von den plioz\u00e4nen Flusssystemen, den gro\u00dfen pleistoz\u00e4nen Vereisungen, der Landschaftsgestaltung und den rezenten Bewegungen gepr\u00e4gt.<br \/>\n<\/span><br \/>\n4. Aufl. 2024 &#8211; 400S., 50 s\/w Abb., farb. 150 Abb.<\/p>","protected":false},"excerpt":{"rendered":"<p>Die Alpen spielen in der Geschichte der Geologie eine zentrale Rolle. In diesem Gebirge k\u00f6nnen die unterschiedlichsten geologischen Ph\u00e4nomene besonders gut beobachtet werden. Das Buch gibt zuerst den modernen plattentektonischen Rahmen. Anschlie\u00dfend werden die Gesteinsverb\u00e4nde des kristallinen Grundgebirges sowie der pal\u00e4ozoischen, mesozoischen und k\u00e4nozoischen Sedimentabfolgen diskutiert. Die Beschreibung der verschiedenen Gesteinsverb\u00e4nde wird erg\u00e4nzt durch eine [&#8230;]\n","protected":false},"featured_media":177930,"template":"","meta":[],"product_brand":[],"product_cat":[21538],"product_tag":[],"class_list":{"0":"post-150125","1":"product","2":"type-product","3":"status-publish","4":"has-post-thumbnail","6":"product_cat-lehrbuecher","7":"pa_autor-pfiffner","8":"pa_erscheinungsjahr-27339","9":"pa_region-fauna-flora-geologie-glaziologie","10":"pa_sprache-de","12":"first","13":"onbackorder","14":"taxable","15":"shipping-taxable","16":"purchasable","17":"product-type-simple"},"_links":{"self":[{"href":"https:\/\/pizbube.ch\/en\/wp-json\/wp\/v2\/product\/150125","targetHints":{"allow":["GET"]}}],"collection":[{"href":"https:\/\/pizbube.ch\/en\/wp-json\/wp\/v2\/product"}],"about":[{"href":"https:\/\/pizbube.ch\/en\/wp-json\/wp\/v2\/types\/product"}],"wp:featuredmedia":[{"embeddable":true,"href":"https:\/\/pizbube.ch\/en\/wp-json\/wp\/v2\/media\/177930"}],"wp:attachment":[{"href":"https:\/\/pizbube.ch\/en\/wp-json\/wp\/v2\/media?parent=150125"}],"wp:term":[{"taxonomy":"product_brand","embeddable":true,"href":"https:\/\/pizbube.ch\/en\/wp-json\/wp\/v2\/product_brand?post=150125"},{"taxonomy":"product_cat","embeddable":true,"href":"https:\/\/pizbube.ch\/en\/wp-json\/wp\/v2\/product_cat?post=150125"},{"taxonomy":"product_tag","embeddable":true,"href":"https:\/\/pizbube.ch\/en\/wp-json\/wp\/v2\/product_tag?post=150125"}],"curies":[{"name":"wp","href":"https:\/\/api.w.org\/{rel}","templated":true}]}}