{"id":150126,"date":"2021-01-15T11:01:39","date_gmt":"2021-01-15T11:01:39","guid":{"rendered":"https:\/\/codengine3.ch\/?product=import-placeholder-for-202850"},"modified":"2021-01-15T12:39:51","modified_gmt":"2021-01-15T12:39:51","slug":"geo-reise-in-die-alpen","status":"publish","type":"product","link":"https:\/\/pizbube.ch\/en\/shop\/geo-reise-in-die-alpen\/","title":{"rendered":"Geo Reise in die Alpen"},"content":{"rendered":"<p>Zur Geschichte der Erde, der Gesteine und Gebirge: Kaum vorstellbar: Es gab<br \/>\neine Zeit, da war dort ein Meer, wo sich heute die Alpen erstrecken. Wenn wir<br \/>\nnach der Entstehung der alpinen Landschaft forschen, f\u00fchrt uns der Weg zur\u00fcck<br \/>\nin die Urgeschichte der Erde. Anhand dieser reich illustrierten Mappe erfahren<br \/>\nSch\u00fcler aller Schulstufen welche Kr\u00e4fte bei einer Gebirgsbildung<br \/>\nzusammenwirken. Ein Fundus an Legespielen, Bastelb\u00f6gen, Arbeitsbl\u00e4ttern und<br \/>\nExperimentieranleitungen ist das R\u00fcstzeug f\u00fcr eine Entdeckungsreise in die<br \/>\nGeologie der Alpen. Griffige Informationen auf verschiedenen<br \/>\nSchwierigkeitsstufen erleichtern den Einstieg in das Thema: Lehren und Lernen<br \/>\nleicht gemacht mit praxiserprobten und gebrauchsfertigen<br \/>\nUnterrichtsmaterialien. Loseblattsammlung, ca. 150 S., mit Text-, Info-,<br \/>\nAufgabenbl\u00e4ttern und Folien, 21 x 29,7 cm<\/p>","protected":false},"excerpt":{"rendered":"<p>Zur Geschichte der Erde, der Gesteine und Gebirge: Kaum vorstellbar: Es gab eine Zeit, da war dort ein Meer, wo sich heute die Alpen erstrecken. Wenn wir nach der Entstehung der alpinen Landschaft forschen, f\u00fchrt uns der Weg zur\u00fcck in die Urgeschichte der Erde. Anhand dieser reich illustrierten Mappe erfahren Sch\u00fcler aller Schulstufen welche Kr\u00e4fte [&#8230;]\n","protected":false},"featured_media":30303,"template":"","meta":[],"product_brand":[],"product_cat":[21538],"product_tag":[],"class_list":{"0":"post-150126","1":"product","2":"type-product","3":"status-publish","4":"has-post-thumbnail","6":"product_cat-lehrbuecher","7":"pa_autor-fritsche","8":"pa_erscheinungsjahr-22292","9":"pa_region-fauna-flora-geologie-glaziologie","10":"pa_sprache-de","12":"first","13":"outofstock","14":"taxable","15":"shipping-taxable","16":"purchasable","17":"product-type-simple"},"_links":{"self":[{"href":"https:\/\/pizbube.ch\/en\/wp-json\/wp\/v2\/product\/150126","targetHints":{"allow":["GET"]}}],"collection":[{"href":"https:\/\/pizbube.ch\/en\/wp-json\/wp\/v2\/product"}],"about":[{"href":"https:\/\/pizbube.ch\/en\/wp-json\/wp\/v2\/types\/product"}],"wp:featuredmedia":[{"embeddable":true,"href":"https:\/\/pizbube.ch\/en\/wp-json\/wp\/v2\/media\/30303"}],"wp:attachment":[{"href":"https:\/\/pizbube.ch\/en\/wp-json\/wp\/v2\/media?parent=150126"}],"wp:term":[{"taxonomy":"product_brand","embeddable":true,"href":"https:\/\/pizbube.ch\/en\/wp-json\/wp\/v2\/product_brand?post=150126"},{"taxonomy":"product_cat","embeddable":true,"href":"https:\/\/pizbube.ch\/en\/wp-json\/wp\/v2\/product_cat?post=150126"},{"taxonomy":"product_tag","embeddable":true,"href":"https:\/\/pizbube.ch\/en\/wp-json\/wp\/v2\/product_tag?post=150126"}],"curies":[{"name":"wp","href":"https:\/\/api.w.org\/{rel}","templated":true}]}}