{"id":150127,"date":"2021-01-15T11:01:39","date_gmt":"2021-01-15T11:01:39","guid":{"rendered":"https:\/\/codengine3.ch\/?product=import-placeholder-for-202813"},"modified":"2025-09-24T14:58:41","modified_gmt":"2025-09-24T12:58:41","slug":"geologie-der-schweiz-2","status":"publish","type":"product","link":"https:\/\/pizbube.ch\/en\/shop\/geologie-der-schweiz-2\/","title":{"rendered":"Geologie der Schweiz"},"content":{"rendered":"<p>Ein Lehrbuch f\u00fcr den Einstieg, und eine Auseinandersetzung mit den Experten.<\/p>\n<p>Das Vorlesungsskript des Kurses &#8218;Geologie der Schweiz&#8216; an der ETH Z\u00fcrich war<br \/>\nGrundlage f\u00fcr dieses Buch, das allgemein verst\u00e4ndlich geschrieben, vor allem<br \/>\nden Studienanf\u00e4nger anspricht. Dabei versteht sich das Buch nicht als<br \/>\numfassendes Lehrbuch oder Nachschlagewerk der Alpengeologie. Neben den<br \/>\nStudierenden der Geologie richtet es sich an Mittelschullehrer und<br \/>\nNaturfreunde.<\/p>\n<p>Hauptanliegen ist der Versuch, die Entwicklung der Methoden darzustellen, mit<br \/>\nderen Hilfe es gelang, Bau und Entstehung der Schweizer Alpen in ihrer<br \/>\ngeologischen Vielfalt zu entschl\u00fcsseln.<\/p>\n<p>Zahlr. Abb. 562 g. 219 S.<\/p>","protected":false},"excerpt":{"rendered":"<p>Ein Lehrbuch f\u00fcr den Einstieg, und eine Auseinandersetzung mit den Experten. Das Vorlesungsskript des Kurses &#8218;Geologie der Schweiz&#8216; an der ETH Z\u00fcrich war Grundlage f\u00fcr dieses Buch, das allgemein verst\u00e4ndlich geschrieben, vor allem den Studienanf\u00e4nger anspricht. Dabei versteht sich das Buch nicht als umfassendes Lehrbuch oder Nachschlagewerk der Alpengeologie. Neben den Studierenden der Geologie richtet [&#8230;]\n","protected":false},"featured_media":174192,"template":"","meta":[],"product_brand":[],"product_cat":[21538],"product_tag":[],"class_list":{"0":"post-150127","1":"product","2":"type-product","3":"status-publish","4":"has-post-thumbnail","6":"product_cat-lehrbuecher","7":"pa_autor-hsue-brieegl","8":"pa_erscheinungsjahr-22154","9":"pa_region-fauna-flora-geologie-glaziologie","10":"pa_sprache-de","12":"first","13":"instock","14":"taxable","15":"shipping-taxable","16":"purchasable","17":"product-type-simple"},"_links":{"self":[{"href":"https:\/\/pizbube.ch\/en\/wp-json\/wp\/v2\/product\/150127","targetHints":{"allow":["GET"]}}],"collection":[{"href":"https:\/\/pizbube.ch\/en\/wp-json\/wp\/v2\/product"}],"about":[{"href":"https:\/\/pizbube.ch\/en\/wp-json\/wp\/v2\/types\/product"}],"wp:featuredmedia":[{"embeddable":true,"href":"https:\/\/pizbube.ch\/en\/wp-json\/wp\/v2\/media\/174192"}],"wp:attachment":[{"href":"https:\/\/pizbube.ch\/en\/wp-json\/wp\/v2\/media?parent=150127"}],"wp:term":[{"taxonomy":"product_brand","embeddable":true,"href":"https:\/\/pizbube.ch\/en\/wp-json\/wp\/v2\/product_brand?post=150127"},{"taxonomy":"product_cat","embeddable":true,"href":"https:\/\/pizbube.ch\/en\/wp-json\/wp\/v2\/product_cat?post=150127"},{"taxonomy":"product_tag","embeddable":true,"href":"https:\/\/pizbube.ch\/en\/wp-json\/wp\/v2\/product_tag?post=150127"}],"curies":[{"name":"wp","href":"https:\/\/api.w.org\/{rel}","templated":true}]}}