{"id":150130,"date":"2021-01-15T11:01:39","date_gmt":"2021-01-15T11:01:39","guid":{"rendered":"https:\/\/codengine3.ch\/?product=import-placeholder-for-208344"},"modified":"2025-06-12T15:21:28","modified_gmt":"2025-06-12T13:21:28","slug":"steinland-alpen","status":"publish","type":"product","link":"https:\/\/pizbube.ch\/en\/shop\/steinland-alpen\/","title":{"rendered":"Steinland Alpen"},"content":{"rendered":"<p>F\u00fcr alle, die mehr \u00fcber Alpengesteine wissen m\u00f6chten. Der Fels unter den<br \/>\nH\u00e4nden und das Ger\u00f6ll unter den Schuhen sind mehr als bloss \u00abSteine\u00bb, sie sind<br \/>\nGeschichtenerz\u00e4hler vergangener Zeiten. In dieser Puplikation wird die<br \/>\nvielf\u00e4ltige Steinwelt der Alpen in einfacher Sprache erl\u00e4utert.<\/p>\n<p>Bergsteigern, Kletterern und Bergwanderern wird hier ein Einstieg in die<br \/>\nGeheimnisse der wichtigsten, unterwegs h\u00e4ufig anzutreffenen Alpengesteine und<br \/>\nder Alpenbildung pr\u00e4sentiert. Reich bebildert, in einer f\u00fcr alle bestens<br \/>\nverst\u00e4ndlichen Sprache &#8211; so macht Geologie Spass! Und der Fels unter den<br \/>\nKletterh\u00e4nden, das Ger\u00f6ll unter dem Bergschuh, sind nicht mehr bloss<br \/>\n&#171;Steine&#187;, sondern Geschichtenerz\u00e4hler vergangener Zeiten&#8230;<br \/>\nAutoren sind die Bergf\u00fchrer und Geologen J\u00fcrg Meyer und Thomas Scheiber.<\/p>\n<p>4-farbig, 104 Seiten<\/p>","protected":false},"excerpt":{"rendered":"<p>F\u00fcr alle, die mehr \u00fcber Alpengesteine wissen m\u00f6chten. Der Fels unter den H\u00e4nden und das Ger\u00f6ll unter den Schuhen sind mehr als bloss \u00abSteine\u00bb, sie sind Geschichtenerz\u00e4hler vergangener Zeiten. In dieser Puplikation wird die vielf\u00e4ltige Steinwelt der Alpen in einfacher Sprache erl\u00e4utert. Bergsteigern, Kletterern und Bergwanderern wird hier ein Einstieg in die Geheimnisse der wichtigsten, [&#8230;]\n","protected":false},"featured_media":180047,"template":"","meta":[],"product_brand":[],"product_cat":[21538],"product_tag":[],"class_list":{"0":"post-150130","1":"product","2":"type-product","3":"status-publish","4":"has-post-thumbnail","6":"product_cat-lehrbuecher","7":"pa_autor-meyer-scheiber","8":"pa_erscheinungsjahr-21568","9":"pa_region-fauna-flora-geologie-glaziologie","10":"pa_sprache-de","12":"first","13":"instock","14":"taxable","15":"shipping-taxable","16":"purchasable","17":"product-type-simple"},"_links":{"self":[{"href":"https:\/\/pizbube.ch\/en\/wp-json\/wp\/v2\/product\/150130","targetHints":{"allow":["GET"]}}],"collection":[{"href":"https:\/\/pizbube.ch\/en\/wp-json\/wp\/v2\/product"}],"about":[{"href":"https:\/\/pizbube.ch\/en\/wp-json\/wp\/v2\/types\/product"}],"wp:featuredmedia":[{"embeddable":true,"href":"https:\/\/pizbube.ch\/en\/wp-json\/wp\/v2\/media\/180047"}],"wp:attachment":[{"href":"https:\/\/pizbube.ch\/en\/wp-json\/wp\/v2\/media?parent=150130"}],"wp:term":[{"taxonomy":"product_brand","embeddable":true,"href":"https:\/\/pizbube.ch\/en\/wp-json\/wp\/v2\/product_brand?post=150130"},{"taxonomy":"product_cat","embeddable":true,"href":"https:\/\/pizbube.ch\/en\/wp-json\/wp\/v2\/product_cat?post=150130"},{"taxonomy":"product_tag","embeddable":true,"href":"https:\/\/pizbube.ch\/en\/wp-json\/wp\/v2\/product_tag?post=150130"}],"curies":[{"name":"wp","href":"https:\/\/api.w.org\/{rel}","templated":true}]}}