{"id":150135,"date":"2021-01-15T11:01:40","date_gmt":"2021-01-15T11:01:40","guid":{"rendered":"https:\/\/codengine3.ch\/?product=import-placeholder-for-206323"},"modified":"2022-01-26T12:53:54","modified_gmt":"2022-01-26T11:53:54","slug":"lecture-de-carte","status":"publish","type":"product","link":"https:\/\/pizbube.ch\/en\/shop\/lecture-de-carte\/","title":{"rendered":"Lecture de carte"},"content":{"rendered":"<p>Manual des Carts nationales.<\/p>\n<p>Une publication commune du Club alpin suisse (CAS) et de l\u2019Office f\u00e9d\u00e9ral de<br \/>\ntopographie swisstopo.<br \/>\nApr\u00e8s les avanc\u00e9es fulgurantes dans le domaine de la cartographie gr\u00e2ce \u00e0 la<br \/>\ntechnologie, les chapitres ayant trait \u00e0 l\u2019\u00e9laboration des cartes ont \u00e9t\u00e9<br \/>\nenti\u00e8rement revus. Le GPS sert de plus en plus d\u2019outil d\u2019orientation principal<br \/>\n\u00e0 beaucoup de v\u00e9t\u00e9tistes, de randonneurs et d\u2019alpinistes. D\u00e9butants et<br \/>\nprofessionnels en mati\u00e8re de lecture de carte et d\u2019utilisation de cartes<br \/>\ndigitalis\u00e9es disposent d\u00e9sormais d\u2019un manuel actualis\u00e9.<\/p>\n<p>352 pages, 99 photos illustr\u00e9es, 59 extraits de cartes, 56 esquisses, 12<br \/>\ncaricatures<\/p>","protected":false},"excerpt":{"rendered":"<p>Manual des Carts nationales. Une publication commune du Club alpin suisse (CAS) et de l\u2019Office f\u00e9d\u00e9ral de topographie swisstopo. Apr\u00e8s les avanc\u00e9es fulgurantes dans le domaine de la cartographie gr\u00e2ce \u00e0 la technologie, les chapitres ayant trait \u00e0 l\u2019\u00e9laboration des cartes ont \u00e9t\u00e9 enti\u00e8rement revus. Le GPS sert de plus en plus d\u2019outil d\u2019orientation principal [&#8230;]\n","protected":false},"featured_media":35319,"template":"","meta":[],"product_brand":[],"product_cat":[21538],"product_tag":[],"class_list":{"0":"post-150135","1":"product","2":"type-product","3":"status-publish","4":"has-post-thumbnail","6":"product_cat-lehrbuecher","7":"pa_autor-gurtner","8":"pa_erscheinungsjahr-21610","9":"pa_region-orientierung-wetter-ausbildung","10":"pa_sprache-fr","12":"first","13":"outofstock","14":"taxable","15":"shipping-taxable","16":"purchasable","17":"product-type-simple"},"_links":{"self":[{"href":"https:\/\/pizbube.ch\/en\/wp-json\/wp\/v2\/product\/150135","targetHints":{"allow":["GET"]}}],"collection":[{"href":"https:\/\/pizbube.ch\/en\/wp-json\/wp\/v2\/product"}],"about":[{"href":"https:\/\/pizbube.ch\/en\/wp-json\/wp\/v2\/types\/product"}],"wp:featuredmedia":[{"embeddable":true,"href":"https:\/\/pizbube.ch\/en\/wp-json\/wp\/v2\/media\/35319"}],"wp:attachment":[{"href":"https:\/\/pizbube.ch\/en\/wp-json\/wp\/v2\/media?parent=150135"}],"wp:term":[{"taxonomy":"product_brand","embeddable":true,"href":"https:\/\/pizbube.ch\/en\/wp-json\/wp\/v2\/product_brand?post=150135"},{"taxonomy":"product_cat","embeddable":true,"href":"https:\/\/pizbube.ch\/en\/wp-json\/wp\/v2\/product_cat?post=150135"},{"taxonomy":"product_tag","embeddable":true,"href":"https:\/\/pizbube.ch\/en\/wp-json\/wp\/v2\/product_tag?post=150135"}],"curies":[{"name":"wp","href":"https:\/\/api.w.org\/{rel}","templated":true}]}}