{"id":150136,"date":"2021-01-15T11:01:40","date_gmt":"2021-01-15T11:01:40","guid":{"rendered":"https:\/\/codengine3.ch\/?product=import-placeholder-for-207004"},"modified":"2021-01-15T14:54:13","modified_gmt":"2021-01-15T14:54:13","slug":"gps-auf-outdoor-touren","status":"publish","type":"product","link":"https:\/\/pizbube.ch\/en\/shop\/gps-auf-outdoor-touren\/","title":{"rendered":"GPS auf Outdoor-Touren"},"content":{"rendered":"<p>Praxisbuch und Ratgeber f\u00fcr die GPS-Navigation  <\/p>\n<p>GPS (Global Positioning System) geh\u00f6rt f\u00fcr viele Outdoorfans inzwischen zum<br \/>\nfesten Ausr\u00fcstungsbestandteil. Dieses Handbuch, in der aktualisierten<br \/>\nNachauflage, erkl\u00e4rt \u00fcbersichtlich und verst\u00e4ndlich die Grundlagen, die<br \/>\nwichtigsten Funktionen und Anwendungsm\u00f6glichkeiten.<\/p>\n<p>Die Erl\u00e4uterung der Tourenplanung, das Ger\u00e4tekapitel, ein Glossar und<br \/>\nweiterf\u00fchrende Adressen machen den Einstieg leicht und bieten alle neuen<br \/>\nEntwicklungen f\u00fcr den Profi.  <\/p>\n<p>Aktualisierte Neuauflage 2017<\/p>","protected":false},"excerpt":{"rendered":"<p>Praxisbuch und Ratgeber f\u00fcr die GPS-Navigation GPS (Global Positioning System) geh\u00f6rt f\u00fcr viele Outdoorfans inzwischen zum festen Ausr\u00fcstungsbestandteil. Dieses Handbuch, in der aktualisierten Nachauflage, erkl\u00e4rt \u00fcbersichtlich und verst\u00e4ndlich die Grundlagen, die wichtigsten Funktionen und Anwendungsm\u00f6glichkeiten. Die Erl\u00e4uterung der Tourenplanung, das Ger\u00e4tekapitel, ein Glossar und weiterf\u00fchrende Adressen machen den Einstieg leicht und bieten alle neuen Entwicklungen [&#8230;]\n","protected":false},"featured_media":26032,"template":"","meta":[],"product_brand":[],"product_cat":[21538],"product_tag":[],"class_list":{"0":"post-150136","1":"product","2":"type-product","3":"status-publish","4":"has-post-thumbnail","6":"product_cat-lehrbuecher","7":"pa_autor-benker","8":"pa_erscheinungsjahr-21574","9":"pa_region-orientierung-wetter-ausbildung","10":"pa_sprache-de","12":"first","13":"instock","14":"taxable","15":"shipping-taxable","16":"purchasable","17":"product-type-simple"},"_links":{"self":[{"href":"https:\/\/pizbube.ch\/en\/wp-json\/wp\/v2\/product\/150136","targetHints":{"allow":["GET"]}}],"collection":[{"href":"https:\/\/pizbube.ch\/en\/wp-json\/wp\/v2\/product"}],"about":[{"href":"https:\/\/pizbube.ch\/en\/wp-json\/wp\/v2\/types\/product"}],"wp:featuredmedia":[{"embeddable":true,"href":"https:\/\/pizbube.ch\/en\/wp-json\/wp\/v2\/media\/26032"}],"wp:attachment":[{"href":"https:\/\/pizbube.ch\/en\/wp-json\/wp\/v2\/media?parent=150136"}],"wp:term":[{"taxonomy":"product_brand","embeddable":true,"href":"https:\/\/pizbube.ch\/en\/wp-json\/wp\/v2\/product_brand?post=150136"},{"taxonomy":"product_cat","embeddable":true,"href":"https:\/\/pizbube.ch\/en\/wp-json\/wp\/v2\/product_cat?post=150136"},{"taxonomy":"product_tag","embeddable":true,"href":"https:\/\/pizbube.ch\/en\/wp-json\/wp\/v2\/product_tag?post=150136"}],"curies":[{"name":"wp","href":"https:\/\/api.w.org\/{rel}","templated":true}]}}