{"id":150139,"date":"2021-01-15T11:01:40","date_gmt":"2021-01-15T11:01:40","guid":{"rendered":"https:\/\/codengine3.ch\/?product=import-placeholder-for-201944"},"modified":"2021-01-15T12:32:04","modified_gmt":"2021-01-15T12:32:04","slug":"orientierung-mit-kompass-und-gps","status":"publish","type":"product","link":"https:\/\/pizbube.ch\/en\/shop\/orientierung-mit-kompass-und-gps\/","title":{"rendered":"Orientierung mit Kompass und GPS"},"content":{"rendered":"<p>Grundlagen, Hilfsmittel: 28 Grafiken, 65 Fotos, der Praxis Ratgeber f\u00fcr die<br \/>\nsichere Orientierung im Freien.  <\/p>\n<p>Praxiswissen f\u00fcr jeden, der sich im Freien sicher mit modernen Hilfsmitteln<br \/>\norientieren will:<br \/>\nTips zum Ger\u00e4tekauf, Firmenmarken, Bezugsadressen<br \/>\nH\u00f6henmesser und weitere Hilfsmittel zur Orientierung<br \/>\nKursbestimmung mit und ohne Karte<br \/>\nGel\u00e4ndepunkt bestimmen<br \/>\nKursabweichungen korrigieren<br \/>\nMi\u00dfweisung bestimmen und korrigieren<br \/>\nGrob- und Feinorientierung<br \/>\nVerhalten in Notf\u00e4llen<br \/>\nGPS-Orientierung: Grundlagen und Tricks  <\/p>","protected":false},"excerpt":{"rendered":"<p>Grundlagen, Hilfsmittel: 28 Grafiken, 65 Fotos, der Praxis Ratgeber f\u00fcr die sichere Orientierung im Freien. Praxiswissen f\u00fcr jeden, der sich im Freien sicher mit modernen Hilfsmitteln orientieren will: Tips zum Ger\u00e4tekauf, Firmenmarken, Bezugsadressen H\u00f6henmesser und weitere Hilfsmittel zur Orientierung Kursbestimmung mit und ohne Karte Gel\u00e4ndepunkt bestimmen Kursabweichungen korrigieren Mi\u00dfweisung bestimmen und korrigieren Grob- und Feinorientierung [&#8230;]\n","protected":false},"featured_media":29328,"template":"","meta":[],"product_brand":[],"product_cat":[21538],"product_tag":[],"class_list":{"0":"post-150139","1":"product","2":"type-product","3":"status-publish","4":"has-post-thumbnail","6":"product_cat-lehrbuecher","7":"pa_autor-hoeh","8":"pa_erscheinungsjahr-21591","9":"pa_region-orientierung-wetter-ausbildung","10":"pa_sprache-de","12":"first","13":"instock","14":"taxable","15":"shipping-taxable","16":"purchasable","17":"product-type-simple"},"_links":{"self":[{"href":"https:\/\/pizbube.ch\/en\/wp-json\/wp\/v2\/product\/150139","targetHints":{"allow":["GET"]}}],"collection":[{"href":"https:\/\/pizbube.ch\/en\/wp-json\/wp\/v2\/product"}],"about":[{"href":"https:\/\/pizbube.ch\/en\/wp-json\/wp\/v2\/types\/product"}],"wp:featuredmedia":[{"embeddable":true,"href":"https:\/\/pizbube.ch\/en\/wp-json\/wp\/v2\/media\/29328"}],"wp:attachment":[{"href":"https:\/\/pizbube.ch\/en\/wp-json\/wp\/v2\/media?parent=150139"}],"wp:term":[{"taxonomy":"product_brand","embeddable":true,"href":"https:\/\/pizbube.ch\/en\/wp-json\/wp\/v2\/product_brand?post=150139"},{"taxonomy":"product_cat","embeddable":true,"href":"https:\/\/pizbube.ch\/en\/wp-json\/wp\/v2\/product_cat?post=150139"},{"taxonomy":"product_tag","embeddable":true,"href":"https:\/\/pizbube.ch\/en\/wp-json\/wp\/v2\/product_tag?post=150139"}],"curies":[{"name":"wp","href":"https:\/\/api.w.org\/{rel}","templated":true}]}}