{"id":150140,"date":"2021-01-15T11:01:40","date_gmt":"2021-01-15T11:01:40","guid":{"rendered":"https:\/\/codengine3.ch\/?product=import-placeholder-for-202239"},"modified":"2021-01-15T12:34:38","modified_gmt":"2021-01-15T12:34:38","slug":"das-andere-bild-der-berge","status":"publish","type":"product","link":"https:\/\/pizbube.ch\/en\/shop\/das-andere-bild-der-berge\/","title":{"rendered":"Das andere Bild der Berge"},"content":{"rendered":"<p>Winkler, einer der gr\u00f6\u00dften Bergfotografen \u00fcberhaupt, legt mit diesem Bildband<br \/>\nein Werk vor, das die Schiene der herk\u00f6mmlichen Betrachtungsweise des Gebirges<br \/>\ndeutlich verl\u00e4\u00dft.144 Seiten mit 143 Farbabbildungen .<\/p>","protected":false},"excerpt":{"rendered":"<p>Winkler, einer der gr\u00f6\u00dften Bergfotografen \u00fcberhaupt, legt mit diesem Bildband ein Werk vor, das die Schiene der herk\u00f6mmlichen Betrachtungsweise des Gebirges deutlich verl\u00e4\u00dft.144 Seiten mit 143 Farbabbildungen .<\/p>","protected":false},"featured_media":29620,"template":"","meta":[],"product_brand":[],"product_cat":[21580],"product_tag":[],"class_list":{"0":"post-150140","1":"product","2":"type-product","3":"status-publish","4":"has-post-thumbnail","6":"product_cat-kunst-kultur","7":"pa_autor-winkler","8":"pa_erscheinungsjahr-21750","9":"pa_region-deutschland","10":"pa_sprache-de","12":"first","13":"instock","14":"taxable","15":"shipping-taxable","16":"purchasable","17":"product-type-simple"},"_links":{"self":[{"href":"https:\/\/pizbube.ch\/en\/wp-json\/wp\/v2\/product\/150140","targetHints":{"allow":["GET"]}}],"collection":[{"href":"https:\/\/pizbube.ch\/en\/wp-json\/wp\/v2\/product"}],"about":[{"href":"https:\/\/pizbube.ch\/en\/wp-json\/wp\/v2\/types\/product"}],"wp:featuredmedia":[{"embeddable":true,"href":"https:\/\/pizbube.ch\/en\/wp-json\/wp\/v2\/media\/29620"}],"wp:attachment":[{"href":"https:\/\/pizbube.ch\/en\/wp-json\/wp\/v2\/media?parent=150140"}],"wp:term":[{"taxonomy":"product_brand","embeddable":true,"href":"https:\/\/pizbube.ch\/en\/wp-json\/wp\/v2\/product_brand?post=150140"},{"taxonomy":"product_cat","embeddable":true,"href":"https:\/\/pizbube.ch\/en\/wp-json\/wp\/v2\/product_cat?post=150140"},{"taxonomy":"product_tag","embeddable":true,"href":"https:\/\/pizbube.ch\/en\/wp-json\/wp\/v2\/product_tag?post=150140"}],"curies":[{"name":"wp","href":"https:\/\/api.w.org\/{rel}","templated":true}]}}