{"id":150141,"date":"2021-01-15T11:01:40","date_gmt":"2021-01-15T11:01:40","guid":{"rendered":"https:\/\/codengine3.ch\/?product=import-placeholder-for-204829"},"modified":"2021-01-15T14:36:35","modified_gmt":"2021-01-15T14:36:35","slug":"welt-der-alpen-erbe-der-welt","status":"publish","type":"product","link":"https:\/\/pizbube.ch\/en\/shop\/welt-der-alpen-erbe-der-welt\/","title":{"rendered":"Welt der Alpen &#8211; Erbe der Welt"},"content":{"rendered":"<p>UNESCO Welterbe-Region Jungfrau &#8211; Aletsch &#8211; Bietschhorn. Jahrbuch der<br \/>\nGeografischen Gesellschaft, Bern Bd. 62\/7  <\/p>\n<p>Jungfrau-Aletsch-Bietschhorn &#8211; dieser Begriff steht sowohl f\u00fcr ein<br \/>\neinzigartiges Naturerbe der Welt als auch f\u00fcr einen \u00e4u\u00dferst vielf\u00e4ltigen<br \/>\nLebensraum in den Alpen. 2001 wurde diese stark vergletscherte, wenig ber\u00fchrte<br \/>\nHochgebirgslandschaft als erstes Naturerbe der Alpen in die Liste der UNESCO-<br \/>\nWelterbe aufgenommen &#8211; daran sind achtzehn Walliser und acht Berner Gemeinden<br \/>\nbeteiligt.<br \/>\nWissenschaftlerinnen und Wissenschaftler aus Geologie, Glaziologie,<br \/>\nHydrologie, Biologie, Geographie, Geschichte und Wirtschaft beschreiben die<br \/>\nEntwicklung und Dynamik der Region des UNESCO-Welterbes Jungfrau-Aletsch-<br \/>\nBietschhorn. Sie analysieren die geschichtliche wie auch die heutige regionale<br \/>\nund \u00fcberregionale Bedeutung dieser Region als Natur-, Lebens-, Wirtschafts-<br \/>\nund Erholungsraum.  <\/p>","protected":false},"excerpt":{"rendered":"<p>UNESCO Welterbe-Region Jungfrau &#8211; Aletsch &#8211; Bietschhorn. Jahrbuch der Geografischen Gesellschaft, Bern Bd. 62\/7 Jungfrau-Aletsch-Bietschhorn &#8211; dieser Begriff steht sowohl f\u00fcr ein einzigartiges Naturerbe der Welt als auch f\u00fcr einen \u00e4u\u00dferst vielf\u00e4ltigen Lebensraum in den Alpen. 2001 wurde diese stark vergletscherte, wenig ber\u00fchrte Hochgebirgslandschaft als erstes Naturerbe der Alpen in die Liste der UNESCO- Welterbe [&#8230;]\n","protected":false},"featured_media":33353,"template":"","meta":[],"product_brand":[],"product_cat":[21542],"product_tag":[],"class_list":{"0":"post-150141","1":"product","2":"type-product","3":"status-publish","4":"has-post-thumbnail","6":"product_cat-sachbuecher-dokumentationen","7":"pa_autor-div-haupt-vlg","8":"pa_erscheinungsjahr-21842","9":"pa_region-schweiz","10":"pa_sprache-de","12":"first","13":"instock","14":"taxable","15":"shipping-taxable","16":"purchasable","17":"product-type-simple"},"_links":{"self":[{"href":"https:\/\/pizbube.ch\/en\/wp-json\/wp\/v2\/product\/150141","targetHints":{"allow":["GET"]}}],"collection":[{"href":"https:\/\/pizbube.ch\/en\/wp-json\/wp\/v2\/product"}],"about":[{"href":"https:\/\/pizbube.ch\/en\/wp-json\/wp\/v2\/types\/product"}],"wp:featuredmedia":[{"embeddable":true,"href":"https:\/\/pizbube.ch\/en\/wp-json\/wp\/v2\/media\/33353"}],"wp:attachment":[{"href":"https:\/\/pizbube.ch\/en\/wp-json\/wp\/v2\/media?parent=150141"}],"wp:term":[{"taxonomy":"product_brand","embeddable":true,"href":"https:\/\/pizbube.ch\/en\/wp-json\/wp\/v2\/product_brand?post=150141"},{"taxonomy":"product_cat","embeddable":true,"href":"https:\/\/pizbube.ch\/en\/wp-json\/wp\/v2\/product_cat?post=150141"},{"taxonomy":"product_tag","embeddable":true,"href":"https:\/\/pizbube.ch\/en\/wp-json\/wp\/v2\/product_tag?post=150141"}],"curies":[{"name":"wp","href":"https:\/\/api.w.org\/{rel}","templated":true}]}}