{"id":150142,"date":"2021-01-15T11:01:40","date_gmt":"2021-01-15T11:01:40","guid":{"rendered":"https:\/\/codengine3.ch\/?product=import-placeholder-for-208355"},"modified":"2021-01-15T17:53:04","modified_gmt":"2021-01-15T17:53:04","slug":"die-schoensten-wandertouren-in-den-alpen","status":"publish","type":"product","link":"https:\/\/pizbube.ch\/en\/shop\/die-schoensten-wandertouren-in-den-alpen\/","title":{"rendered":"Die sch\u00f6nsten Wandertouren in den Alpen"},"content":{"rendered":"<p>400 Touren in den 6 Alpenl\u00e4ndern<\/p>\n<p>Gipfel f\u00fcr ein ganzes Leben<br \/>\nVon der Panorama- \u00fcber die H\u00fcttenwanderung bis zum sportlich ambitionierten<br \/>\nGipfelziel: Dieses Alpenwanderbuch bietet die 500 Toptouren f\u00fcr Deutschland,<br \/>\n\u00d6sterreich, Italien, Frankreich, Slowenien und die Schweiz. Der umfangreiche<br \/>\nWanderf\u00fchrer ist praktisch untergliedert in 52 Alpenregionen und liefert zu<br \/>\njeder Tour die wichtigsten Infos aktuell recherchiert. Ein anregender<br \/>\nIdeengeber f\u00fcr alle Alpenliebhaber.<br \/>\n288 Seiten, ca. 250 Abbildungen, Format 16,5 x 23,5 cm, Klappenbroschur mit<br \/>\nFadenheftung<\/p>","protected":false},"excerpt":{"rendered":"<p>400 Touren in den 6 Alpenl\u00e4ndern Gipfel f\u00fcr ein ganzes Leben Von der Panorama- \u00fcber die H\u00fcttenwanderung bis zum sportlich ambitionierten Gipfelziel: Dieses Alpenwanderbuch bietet die 500 Toptouren f\u00fcr Deutschland, \u00d6sterreich, Italien, Frankreich, Slowenien und die Schweiz. Der umfangreiche Wanderf\u00fchrer ist praktisch untergliedert in 52 Alpenregionen und liefert zu jeder Tour die wichtigsten Infos aktuell [&#8230;]\n","protected":false},"featured_media":41124,"template":"","meta":[],"product_brand":[],"product_cat":[21605],"product_tag":[],"class_list":{"0":"post-150142","1":"product","2":"type-product","3":"status-publish","4":"has-post-thumbnail","6":"product_cat-wanderfuehrer-trekking","7":"pa_autor-huesler","8":"pa_erscheinungsjahr-21597","9":"pa_region-schweiz","10":"pa_sprache-de","12":"first","13":"instock","14":"taxable","15":"shipping-taxable","16":"purchasable","17":"product-type-simple"},"_links":{"self":[{"href":"https:\/\/pizbube.ch\/en\/wp-json\/wp\/v2\/product\/150142","targetHints":{"allow":["GET"]}}],"collection":[{"href":"https:\/\/pizbube.ch\/en\/wp-json\/wp\/v2\/product"}],"about":[{"href":"https:\/\/pizbube.ch\/en\/wp-json\/wp\/v2\/types\/product"}],"wp:featuredmedia":[{"embeddable":true,"href":"https:\/\/pizbube.ch\/en\/wp-json\/wp\/v2\/media\/41124"}],"wp:attachment":[{"href":"https:\/\/pizbube.ch\/en\/wp-json\/wp\/v2\/media?parent=150142"}],"wp:term":[{"taxonomy":"product_brand","embeddable":true,"href":"https:\/\/pizbube.ch\/en\/wp-json\/wp\/v2\/product_brand?post=150142"},{"taxonomy":"product_cat","embeddable":true,"href":"https:\/\/pizbube.ch\/en\/wp-json\/wp\/v2\/product_cat?post=150142"},{"taxonomy":"product_tag","embeddable":true,"href":"https:\/\/pizbube.ch\/en\/wp-json\/wp\/v2\/product_tag?post=150142"}],"curies":[{"name":"wp","href":"https:\/\/api.w.org\/{rel}","templated":true}]}}