{"id":150145,"date":"2021-01-15T11:01:40","date_gmt":"2021-01-15T11:01:40","guid":{"rendered":"https:\/\/codengine3.ch\/?product=import-placeholder-for-203280"},"modified":"2021-01-15T14:21:44","modified_gmt":"2021-01-15T14:21:44","slug":"escalade-en-terrain-d-aventure","status":"publish","type":"product","link":"https:\/\/pizbube.ch\/en\/shop\/escalade-en-terrain-d-aventure\/","title":{"rendered":"ESCALADE EN TERRAIN D&#8216; AVENTURE"},"content":{"rendered":"<p>L&#8216; escalade dite en terrain d&#8216; aventure, essence m\u00eame de cette activit\u00e9, se<br \/>\npratique sur des parois totalement vierges, d\u00e9nu\u00e9es de tout mat\u00e9riel pos\u00e9 \u00e0 l&#8216;<br \/>\navance. Cet ouvrage est une suite et un compl\u00e9ment \u00e0 celui de Jean-Pierre<br \/>\nVerdier.<br \/>\nIl s&#8216; adresse au grimpeur pratiquant l&#8216; escalade sportive et qui souhaite s&#8216;<br \/>\n\u00e9vader en terrain d&#8216; aventure, au montagnard envisageant des courses rocheuses<br \/>\ntechniques, au formateur cherchant un support p\u00e9dagogique \u00e0 ses s\u00e9ances.<br \/>\nEnti\u00e8rement en couleurs et illustr\u00e9 de nombreuses photos spectaculaires et<br \/>\ndidactiques, ce manuel propose l&#8216; ensemble des \u00e9l\u00e9ments utiles \u00e0 la pratique<br \/>\nde l&#8216; escalade en terrain d&#8216; aventure.<br \/>\n192 pages &#8211; 4 couleurs &#8211; 180 photos &#8211; 103 croquis<\/p>","protected":false},"excerpt":{"rendered":"<p>L&#8216; escalade dite en terrain d&#8216; aventure, essence m\u00eame de cette activit\u00e9, se pratique sur des parois totalement vierges, d\u00e9nu\u00e9es de tout mat\u00e9riel pos\u00e9 \u00e0 l&#8216; avance. Cet ouvrage est une suite et un compl\u00e9ment \u00e0 celui de Jean-Pierre Verdier. Il s&#8216; adresse au grimpeur pratiquant l&#8216; escalade sportive et qui souhaite s&#8216; \u00e9vader en [&#8230;]\n","protected":false},"featured_media":30859,"template":"","meta":[],"product_brand":[],"product_cat":[21538],"product_tag":[],"class_list":{"0":"post-150145","1":"product","2":"type-product","3":"status-publish","4":"has-post-thumbnail","6":"product_cat-lehrbuecher","7":"pa_autor-conche","8":"pa_erscheinungsjahr-21920","9":"pa_region-klettertechnik","10":"pa_sprache-fr","12":"first","13":"outofstock","14":"taxable","15":"shipping-taxable","16":"purchasable","17":"product-type-simple"},"_links":{"self":[{"href":"https:\/\/pizbube.ch\/en\/wp-json\/wp\/v2\/product\/150145","targetHints":{"allow":["GET"]}}],"collection":[{"href":"https:\/\/pizbube.ch\/en\/wp-json\/wp\/v2\/product"}],"about":[{"href":"https:\/\/pizbube.ch\/en\/wp-json\/wp\/v2\/types\/product"}],"wp:featuredmedia":[{"embeddable":true,"href":"https:\/\/pizbube.ch\/en\/wp-json\/wp\/v2\/media\/30859"}],"wp:attachment":[{"href":"https:\/\/pizbube.ch\/en\/wp-json\/wp\/v2\/media?parent=150145"}],"wp:term":[{"taxonomy":"product_brand","embeddable":true,"href":"https:\/\/pizbube.ch\/en\/wp-json\/wp\/v2\/product_brand?post=150145"},{"taxonomy":"product_cat","embeddable":true,"href":"https:\/\/pizbube.ch\/en\/wp-json\/wp\/v2\/product_cat?post=150145"},{"taxonomy":"product_tag","embeddable":true,"href":"https:\/\/pizbube.ch\/en\/wp-json\/wp\/v2\/product_tag?post=150145"}],"curies":[{"name":"wp","href":"https:\/\/api.w.org\/{rel}","templated":true}]}}