{"id":150148,"date":"2021-01-15T11:01:40","date_gmt":"2021-01-15T11:01:40","guid":{"rendered":"https:\/\/codengine3.ch\/?product=import-placeholder-for-205867"},"modified":"2021-06-15T12:55:13","modified_gmt":"2021-06-15T10:55:13","slug":"die-4-dimension","status":"publish","type":"product","link":"https:\/\/pizbube.ch\/en\/shop\/die-4-dimension\/","title":{"rendered":"Die 4. Dimension"},"content":{"rendered":"<p>Das lang erwartete Boulder- und Kletterlehrbuch ist ein Werk, das den Rahmen<br \/>\ndes Gew\u00f6hnlichen sprengt. Allein der Umfang mit 416 Seiten garantiert, dass<br \/>\nalle Facetten der modernen Bewegungslehre Aufnahme gefunden haben. Neben<br \/>\nbew\u00e4hrten Inhalten der Kletter- und Trainingstheorie werden v\u00f6llig neue Wege<br \/>\nbeschritten und innovative Ans\u00e4tze verfolgt!<\/p>\n<p>Das Buch stellt alle Kletterprobleme mit Text, Grafik und Foto vor und gibt<br \/>\nneben einer systematischen Behandlung von Fu\u00df, Hand- und<br \/>\nK\u00f6rperschwerpunktarbeit detaillierte Ausf\u00fchrungshinweise zu jeder einzelnen<br \/>\nKlettertechnik. Ein spezielles Boulderkapitel geht auf die weitergehenden<br \/>\nAnforderungen dieser ganz besonderen Kletterdisziplin ein.<br \/>\nEs erwartet uns eine Bewegungslehre, die speziell auf&#8217;s Klettern zugeschnitten<br \/>\nist, jede Klettertechnik wird mit Wort, Grafiken und unglaublich vielen<br \/>\nFarbfotos erkl\u00e4rt. Ein Augenschmaus!<\/p>\n<p>Was genau wird in dem Buch behandelt?<br \/>\n\u2022 Bewegungsgrundlagen<br \/>\n\u2022 Klettern im liegenden Gel\u00e4nde<br \/>\n\u2022 Klettern im Senkrechten<br \/>\n\u2022 Klettern im \u00dcberh\u00e4ngenden<br \/>\n\u2022 Klettern im Dach<br \/>\n\u2022 Ausf\u00fchrliches Risskletterkapitel<br \/>\n\u2022 Leistenkletterei<br \/>\n\u2022 Lochkletterei<br \/>\n\u2022 Sinterkletterei<br \/>\n\u2022 Ein umfassendes Boulderkapitel<br \/>\n\u2022 Ein gro\u00dfes Trainingskapitel<br \/>\n\u2022 und last but not least ein Wettkampfkapitel.<br \/>\nAlle Kletterfachbegriffe sind zus\u00e4tzlich in einem umfassenden Glossar erkl\u00e4rt<br \/>\nund mit Seitenverweisen versehen.<\/p>\n<p>3. Auflage 2014<\/p>","protected":false},"excerpt":{"rendered":"<p>Das lang erwartete Boulder- und Kletterlehrbuch ist ein Werk, das den Rahmen des Gew\u00f6hnlichen sprengt. Allein der Umfang mit 416 Seiten garantiert, dass alle Facetten der modernen Bewegungslehre Aufnahme gefunden haben. Neben bew\u00e4hrten Inhalten der Kletter- und Trainingstheorie werden v\u00f6llig neue Wege beschritten und innovative Ans\u00e4tze verfolgt! Das Buch stellt alle Kletterprobleme mit Text, Grafik [&#8230;]\n","protected":false},"featured_media":34706,"template":"","meta":[],"product_brand":[],"product_cat":[21538],"product_tag":[],"class_list":{"0":"post-150148","1":"product","2":"type-product","3":"status-publish","4":"has-post-thumbnail","6":"product_cat-lehrbuecher","7":"pa_autor-krug","8":"pa_erscheinungsjahr-21550","9":"pa_region-klettertechnik","10":"pa_sprache-de","12":"first","13":"onbackorder","14":"taxable","15":"shipping-taxable","16":"purchasable","17":"product-type-simple"},"_links":{"self":[{"href":"https:\/\/pizbube.ch\/en\/wp-json\/wp\/v2\/product\/150148","targetHints":{"allow":["GET"]}}],"collection":[{"href":"https:\/\/pizbube.ch\/en\/wp-json\/wp\/v2\/product"}],"about":[{"href":"https:\/\/pizbube.ch\/en\/wp-json\/wp\/v2\/types\/product"}],"wp:featuredmedia":[{"embeddable":true,"href":"https:\/\/pizbube.ch\/en\/wp-json\/wp\/v2\/media\/34706"}],"wp:attachment":[{"href":"https:\/\/pizbube.ch\/en\/wp-json\/wp\/v2\/media?parent=150148"}],"wp:term":[{"taxonomy":"product_brand","embeddable":true,"href":"https:\/\/pizbube.ch\/en\/wp-json\/wp\/v2\/product_brand?post=150148"},{"taxonomy":"product_cat","embeddable":true,"href":"https:\/\/pizbube.ch\/en\/wp-json\/wp\/v2\/product_cat?post=150148"},{"taxonomy":"product_tag","embeddable":true,"href":"https:\/\/pizbube.ch\/en\/wp-json\/wp\/v2\/product_tag?post=150148"}],"curies":[{"name":"wp","href":"https:\/\/api.w.org\/{rel}","templated":true}]}}