{"id":150149,"date":"2021-01-15T11:01:40","date_gmt":"2021-01-15T11:01:40","guid":{"rendered":"https:\/\/codengine3.ch\/?product=import-placeholder-for-202969"},"modified":"2021-01-15T12:52:52","modified_gmt":"2021-01-15T12:52:52","slug":"klettertechnik","status":"publish","type":"product","link":"https:\/\/pizbube.ch\/en\/shop\/klettertechnik\/","title":{"rendered":"Rock Climbing"},"content":{"rendered":"<p>Sicher und effektiv klettern: Das Buch erl\u00e4utert in leicht verst\u00e4ndlicher<br \/>\nWeise die notwendigen Kenntnisse in der Sicherungs- und Klettertechnik. Der<br \/>\naktuelle Stand der Sicherungstechnik wird sowohl f\u00fcr Einsteiger als auch f\u00fcr<br \/>\nFortgeschrittene detailliert und mit zahlreichen Bildern illustriert<br \/>\nerl\u00e4utert. Im zweiten Teil des Buches wird die Klettertechnik in einem neuen<br \/>\nKonzept in Form von Kletterprinzipien erl\u00e4utert. Systematische \u00dcbungseinheiten<br \/>\nmit dutzenden von \u00dcbungsbeispielen erleichtern das Training der<br \/>\nKlettertechnik.<\/p>","protected":false},"excerpt":{"rendered":"<p>Sicher und effektiv klettern: Das Buch erl\u00e4utert in leicht verst\u00e4ndlicher Weise die notwendigen Kenntnisse in der Sicherungs- und Klettertechnik. Der aktuelle Stand der Sicherungstechnik wird sowohl f\u00fcr Einsteiger als auch f\u00fcr Fortgeschrittene detailliert und mit zahlreichen Bildern illustriert erl\u00e4utert. Im zweiten Teil des Buches wird die Klettertechnik in einem neuen Konzept in Form von Kletterprinzipien [&#8230;]\n","protected":false},"featured_media":30467,"template":"","meta":[],"product_brand":[],"product_cat":[21538],"product_tag":[],"class_list":{"0":"post-150149","1":"product","2":"type-product","3":"status-publish","4":"has-post-thumbnail","6":"product_cat-lehrbuecher","7":"pa_autor-koestermeyer","8":"pa_erscheinungsjahr-22144","9":"pa_region-klettertechnik","10":"pa_sprache-de","12":"first","13":"outofstock","14":"taxable","15":"shipping-taxable","16":"purchasable","17":"product-type-simple"},"_links":{"self":[{"href":"https:\/\/pizbube.ch\/en\/wp-json\/wp\/v2\/product\/150149","targetHints":{"allow":["GET"]}}],"collection":[{"href":"https:\/\/pizbube.ch\/en\/wp-json\/wp\/v2\/product"}],"about":[{"href":"https:\/\/pizbube.ch\/en\/wp-json\/wp\/v2\/types\/product"}],"wp:featuredmedia":[{"embeddable":true,"href":"https:\/\/pizbube.ch\/en\/wp-json\/wp\/v2\/media\/30467"}],"wp:attachment":[{"href":"https:\/\/pizbube.ch\/en\/wp-json\/wp\/v2\/media?parent=150149"}],"wp:term":[{"taxonomy":"product_brand","embeddable":true,"href":"https:\/\/pizbube.ch\/en\/wp-json\/wp\/v2\/product_brand?post=150149"},{"taxonomy":"product_cat","embeddable":true,"href":"https:\/\/pizbube.ch\/en\/wp-json\/wp\/v2\/product_cat?post=150149"},{"taxonomy":"product_tag","embeddable":true,"href":"https:\/\/pizbube.ch\/en\/wp-json\/wp\/v2\/product_tag?post=150149"}],"curies":[{"name":"wp","href":"https:\/\/api.w.org\/{rel}","templated":true}]}}