{"id":150152,"date":"2021-01-15T11:01:41","date_gmt":"2021-01-15T11:01:41","guid":{"rendered":"https:\/\/codengine3.ch\/?product=import-placeholder-for-200884"},"modified":"2021-01-15T11:01:44","modified_gmt":"2021-01-15T11:01:44","slug":"val-disere-tignes-hors-piste","status":"publish","type":"product","link":"https:\/\/pizbube.ch\/en\/shop\/val-disere-tignes-hors-piste\/","title":{"rendered":"Val d`Is\u00e8re &#8211; Tignes hors piste"},"content":{"rendered":"<p>Variantenf\u00fchrer (mit Fotos und Skizzen).<br \/>\nServie par une impressionnante densit\u00e9 de remont\u00e9es m\u00e9caniques, la g\u00e9ographie<br \/>\nde l&#8217;espace Killy permet un choix incroyable de parcours. 60 itin\u00e9raires sont<br \/>\nd\u00e9crits dans le guide.  <\/p>\n<p>One of the largest ski areas in the world, the &#8218;Espace Killy&#8216; is served by a<br \/>\ntremendous number of ski-lifts and it offers a huge choice of off-piste<br \/>\ndescents. 60 routes are thoroughly described in this guide, which includes<br \/>\ntips to make the best choice according to the season and snow conditions, as<br \/>\nwell as some very sound safety advice. Never go off-piste without it.  <\/p>","protected":false},"excerpt":{"rendered":"<p>Variantenf\u00fchrer (mit Fotos und Skizzen). Servie par une impressionnante densit\u00e9 de remont\u00e9es m\u00e9caniques, la g\u00e9ographie de l&#8217;espace Killy permet un choix incroyable de parcours. 60 itin\u00e9raires sont d\u00e9crits dans le guide. One of the largest ski areas in the world, the &#8218;Espace Killy&#8216; is served by a tremendous number of ski-lifts and it offers a [&#8230;]\n","protected":false},"featured_media":27984,"template":"","meta":[],"product_brand":[],"product_cat":[21540],"product_tag":[],"class_list":{"0":"post-150152","1":"product","2":"type-product","3":"status-publish","4":"has-post-thumbnail","6":"product_cat-fuehrerliteratur-alpin-winter","7":"pa_autor-steiger-bonnevie","8":"pa_erscheinungsjahr-21591","9":"pa_region-frankreich","10":"pa_sprache-e","11":"pa_sprache-f","13":"first","14":"instock","15":"taxable","16":"shipping-taxable","17":"purchasable","18":"product-type-simple"},"_links":{"self":[{"href":"https:\/\/pizbube.ch\/en\/wp-json\/wp\/v2\/product\/150152","targetHints":{"allow":["GET"]}}],"collection":[{"href":"https:\/\/pizbube.ch\/en\/wp-json\/wp\/v2\/product"}],"about":[{"href":"https:\/\/pizbube.ch\/en\/wp-json\/wp\/v2\/types\/product"}],"wp:featuredmedia":[{"embeddable":true,"href":"https:\/\/pizbube.ch\/en\/wp-json\/wp\/v2\/media\/27984"}],"wp:attachment":[{"href":"https:\/\/pizbube.ch\/en\/wp-json\/wp\/v2\/media?parent=150152"}],"wp:term":[{"taxonomy":"product_brand","embeddable":true,"href":"https:\/\/pizbube.ch\/en\/wp-json\/wp\/v2\/product_brand?post=150152"},{"taxonomy":"product_cat","embeddable":true,"href":"https:\/\/pizbube.ch\/en\/wp-json\/wp\/v2\/product_cat?post=150152"},{"taxonomy":"product_tag","embeddable":true,"href":"https:\/\/pizbube.ch\/en\/wp-json\/wp\/v2\/product_tag?post=150152"}],"curies":[{"name":"wp","href":"https:\/\/api.w.org\/{rel}","templated":true}]}}