{"id":150154,"date":"2021-01-15T11:01:41","date_gmt":"2021-01-15T11:01:41","guid":{"rendered":"https:\/\/codengine3.ch\/?product=import-placeholder-for-204403"},"modified":"2025-02-04T18:05:35","modified_gmt":"2025-02-04T17:05:35","slug":"ski-de-randonnee-vanoise-tarentaise","status":"publish","type":"product","link":"https:\/\/pizbube.ch\/en\/shop\/ski-de-randonnee-vanoise-tarentaise\/","title":{"rendered":"SKI DE RANDONNEE VANOISE &#8211; TARENTAISE"},"content":{"rendered":"<p>Ce topo-guide rassemble les principaux itin\u00e9raires de ski de randonn\u00e9e au<br \/>\nd\u00e9part des stations de Val d&#8217;Is\u00e8re, Tignes, Sainte-Foy, Les Arcs, La Plagne,<br \/>\nChampagny, Pralognan, Courchevel, M\u00e9ribel et Val Thorens.<\/p>\n<p>La vari\u00e9t\u00e9 des difficult\u00e9s abord\u00e9es devrait le rendre utile aux randonneurs<br \/>\noccasionnels, aux free-riders \u00e0 la recherche de grands espaces, comme aux<br \/>\nhabitu\u00e9s des courses en haute montagne.<\/p>","protected":false},"excerpt":{"rendered":"<p>Ce topo-guide rassemble les principaux itin\u00e9raires de ski de randonn\u00e9e au d\u00e9part des stations de Val d&#8217;Is\u00e8re, Tignes, Sainte-Foy, Les Arcs, La Plagne, Champagny, Pralognan, Courchevel, M\u00e9ribel et Val Thorens. La vari\u00e9t\u00e9 des difficult\u00e9s abord\u00e9es devrait le rendre utile aux randonneurs occasionnels, aux free-riders \u00e0 la recherche de grands espaces, comme aux habitu\u00e9s des courses [&#8230;]\n","protected":false},"featured_media":32267,"template":"","meta":[],"product_brand":[],"product_cat":[21540],"product_tag":[],"class_list":{"0":"post-150154","1":"product","2":"type-product","3":"status-publish","4":"has-post-thumbnail","6":"product_cat-fuehrerliteratur-alpin-winter","7":"pa_autor-gotti-villaret","8":"pa_erscheinungsjahr-21763","9":"pa_region-frankreich","10":"pa_sprache-fr","12":"first","13":"outofstock","14":"taxable","15":"shipping-taxable","16":"purchasable","17":"product-type-simple"},"_links":{"self":[{"href":"https:\/\/pizbube.ch\/en\/wp-json\/wp\/v2\/product\/150154","targetHints":{"allow":["GET"]}}],"collection":[{"href":"https:\/\/pizbube.ch\/en\/wp-json\/wp\/v2\/product"}],"about":[{"href":"https:\/\/pizbube.ch\/en\/wp-json\/wp\/v2\/types\/product"}],"wp:featuredmedia":[{"embeddable":true,"href":"https:\/\/pizbube.ch\/en\/wp-json\/wp\/v2\/media\/32267"}],"wp:attachment":[{"href":"https:\/\/pizbube.ch\/en\/wp-json\/wp\/v2\/media?parent=150154"}],"wp:term":[{"taxonomy":"product_brand","embeddable":true,"href":"https:\/\/pizbube.ch\/en\/wp-json\/wp\/v2\/product_brand?post=150154"},{"taxonomy":"product_cat","embeddable":true,"href":"https:\/\/pizbube.ch\/en\/wp-json\/wp\/v2\/product_cat?post=150154"},{"taxonomy":"product_tag","embeddable":true,"href":"https:\/\/pizbube.ch\/en\/wp-json\/wp\/v2\/product_tag?post=150154"}],"curies":[{"name":"wp","href":"https:\/\/api.w.org\/{rel}","templated":true}]}}